
{"id":904,"date":"2015-03-26T16:06:28","date_gmt":"2015-03-26T16:06:28","guid":{"rendered":"http:\/\/henin-beaumont.fr\/site\/?page_id=904"},"modified":"2017-04-12T15:12:02","modified_gmt":"2017-04-12T13:12:02","slug":"hb-la-plage","status":"publish","type":"page","link":"https:\/\/www.henin-beaumont.fr\/site\/hb-la-plage\/","title":{"rendered":"HB la plage"},"content":{"rendered":"<p><img loading=\"lazy\" decoding=\"async\" class=\"aligncenter size-full wp-image-3679\" src=\"http:\/\/www.henin-beaumont.fr\/site\/wp-content\/uploads\/2015\/03\/HBPLAGE.png\" alt=\"HBPLAGE\" width=\"687\" height=\"159\" srcset=\"https:\/\/www.henin-beaumont.fr\/site\/wp-content\/uploads\/2015\/03\/HBPLAGE.png 687w, https:\/\/www.henin-beaumont.fr\/site\/wp-content\/uploads\/2015\/03\/HBPLAGE-600x139.png 600w\" sizes=\"auto, (max-width: 687px) 100vw, 687px\" \/><\/p>\n<p><img loading=\"lazy\" decoding=\"async\" class=\"alignnone size-full wp-image-906\" src=\"http:\/\/henin-beaumont.fr\/site\/wp-content\/uploads\/2015\/03\/hbplagee.png\" alt=\"hbplagee\" width=\"778\" height=\"173\" srcset=\"https:\/\/www.henin-beaumont.fr\/site\/wp-content\/uploads\/2015\/03\/hbplagee.png 778w, https:\/\/www.henin-beaumont.fr\/site\/wp-content\/uploads\/2015\/03\/hbplagee-200x44.png 200w\" sizes=\"auto, (max-width: 778px) 100vw, 778px\" \/><\/p>\n<p>&nbsp;<\/p>\n<p>chaque \u00e9t\u00e9, le plan d\u2019eau du Bord-des-Eaux devient le lieu de vill\u00e9giature des habitants qui ne sont pas partis en vacances\u2026 ou en sont revenus\u00a0! Sable, parasols, jeux d\u2019eau, activit\u00e9s pour les grands et les petits, tout est mis en \u0153uvre, pendant deux \u00e0 trois semaines, pour un d\u00e9paysement 100 % gratuit\u00a0!<\/p>\n<p>&nbsp;<\/p>\n\n\t\t<style type=\"text\/css\">\n\t\t\t#gallery-1 {\n\t\t\t\tmargin: auto;\n\t\t\t}\n\t\t\t#gallery-1 .gallery-item {\n\t\t\t\tfloat: left;\n\t\t\t\tmargin-top: 10px;\n\t\t\t\ttext-align: center;\n\t\t\t\twidth: 33%;\n\t\t\t}\n\t\t\t#gallery-1 img {\n\t\t\t\tborder: 2px solid #cfcfcf;\n\t\t\t}\n\t\t\t#gallery-1 .gallery-caption {\n\t\t\t\tmargin-left: 0;\n\t\t\t}\n\t\t\t\/* see gallery_shortcode() in wp-includes\/media.php *\/\n\t\t<\/style>\n\t\t<div id='gallery-1' class='gallery galleryid-904 gallery-columns-3 gallery-size-thumbnail'><dl class='gallery-item'>\n\t\t\t<dt class='gallery-icon landscape'>\n\t\t\t\t<a href='https:\/\/www.henin-beaumont.fr\/site\/wp-content\/uploads\/2015\/03\/DSC1523.jpg'><img loading=\"lazy\" decoding=\"async\" width=\"140\" height=\"140\" src=\"https:\/\/www.henin-beaumont.fr\/site\/wp-content\/uploads\/2015\/03\/DSC1523-140x140.jpg\" class=\"attachment-thumbnail size-thumbnail\" alt=\"\" \/><\/a>\n\t\t\t<\/dt><\/dl><dl class='gallery-item'>\n\t\t\t<dt class='gallery-icon landscape'>\n\t\t\t\t<a href='https:\/\/www.henin-beaumont.fr\/site\/wp-content\/uploads\/2015\/03\/DSC1312.jpg'><img loading=\"lazy\" decoding=\"async\" width=\"140\" height=\"140\" src=\"https:\/\/www.henin-beaumont.fr\/site\/wp-content\/uploads\/2015\/03\/DSC1312-140x140.jpg\" class=\"attachment-thumbnail size-thumbnail\" alt=\"\" \/><\/a>\n\t\t\t<\/dt><\/dl><dl class='gallery-item'>\n\t\t\t<dt class='gallery-icon landscape'>\n\t\t\t\t<a href='https:\/\/www.henin-beaumont.fr\/site\/wp-content\/uploads\/2015\/03\/DSC1257.jpg'><img loading=\"lazy\" decoding=\"async\" width=\"140\" height=\"140\" src=\"https:\/\/www.henin-beaumont.fr\/site\/wp-content\/uploads\/2015\/03\/DSC1257-140x140.jpg\" class=\"attachment-thumbnail size-thumbnail\" alt=\"\" \/><\/a>\n\t\t\t<\/dt><\/dl><br style=\"clear: both\" \/><dl class='gallery-item'>\n\t\t\t<dt class='gallery-icon portrait'>\n\t\t\t\t<a href='https:\/\/www.henin-beaumont.fr\/site\/wp-content\/uploads\/2015\/03\/DSC1413.jpg'><img loading=\"lazy\" decoding=\"async\" width=\"140\" height=\"140\" src=\"https:\/\/www.henin-beaumont.fr\/site\/wp-content\/uploads\/2015\/03\/DSC1413-140x140.jpg\" class=\"attachment-thumbnail size-thumbnail\" alt=\"\" \/><\/a>\n\t\t\t<\/dt><\/dl><dl class='gallery-item'>\n\t\t\t<dt class='gallery-icon landscape'>\n\t\t\t\t<a href='https:\/\/www.henin-beaumont.fr\/site\/wp-content\/uploads\/2015\/03\/SB-HB-La-plage02-2.jpg'><img loading=\"lazy\" decoding=\"async\" width=\"140\" height=\"140\" src=\"https:\/\/www.henin-beaumont.fr\/site\/wp-content\/uploads\/2015\/03\/SB-HB-La-plage02-2-140x140.jpg\" class=\"attachment-thumbnail size-thumbnail\" alt=\"\" \/><\/a>\n\t\t\t<\/dt><\/dl><dl class='gallery-item'>\n\t\t\t<dt class='gallery-icon landscape'>\n\t\t\t\t<a href='https:\/\/www.henin-beaumont.fr\/site\/wp-content\/uploads\/2015\/03\/DSC1304.jpg'><img loading=\"lazy\" decoding=\"async\" width=\"140\" height=\"140\" src=\"https:\/\/www.henin-beaumont.fr\/site\/wp-content\/uploads\/2015\/03\/DSC1304-140x140.jpg\" class=\"attachment-thumbnail size-thumbnail\" alt=\"\" \/><\/a>\n\t\t\t<\/dt><\/dl><br style=\"clear: both\" \/><dl class='gallery-item'>\n\t\t\t<dt class='gallery-icon landscape'>\n\t\t\t\t<a href='https:\/\/www.henin-beaumont.fr\/site\/wp-content\/uploads\/2015\/03\/HB-la-plage-Golf1.jpg'><img loading=\"lazy\" decoding=\"async\" width=\"140\" height=\"140\" src=\"https:\/\/www.henin-beaumont.fr\/site\/wp-content\/uploads\/2015\/03\/HB-la-plage-Golf1-140x140.jpg\" class=\"attachment-thumbnail size-thumbnail\" alt=\"\" \/><\/a>\n\t\t\t<\/dt><\/dl><dl class='gallery-item'>\n\t\t\t<dt class='gallery-icon landscape'>\n\t\t\t\t<a href='https:\/\/www.henin-beaumont.fr\/site\/wp-content\/uploads\/2015\/03\/DSC1323.jpg'><img loading=\"lazy\" decoding=\"async\" width=\"140\" height=\"140\" src=\"https:\/\/www.henin-beaumont.fr\/site\/wp-content\/uploads\/2015\/03\/DSC1323-140x140.jpg\" class=\"attachment-thumbnail size-thumbnail\" alt=\"\" \/><\/a>\n\t\t\t<\/dt><\/dl><dl class='gallery-item'>\n\t\t\t<dt class='gallery-icon landscape'>\n\t\t\t\t<a href='https:\/\/www.henin-beaumont.fr\/site\/wp-content\/uploads\/2015\/03\/HB-la-plage-3.jpg'><img loading=\"lazy\" decoding=\"async\" width=\"140\" height=\"140\" src=\"https:\/\/www.henin-beaumont.fr\/site\/wp-content\/uploads\/2015\/03\/HB-la-plage-3-140x140.jpg\" class=\"attachment-thumbnail size-thumbnail\" alt=\"\" \/><\/a>\n\t\t\t<\/dt><\/dl><br style=\"clear: both\" \/>\n\t\t<\/div>\n\n<p>&nbsp;<\/p>\n","protected":false},"excerpt":{"rendered":"<p>&nbsp; chaque \u00e9t\u00e9, le plan d\u2019eau du Bord-des-Eaux devient le lieu de vill\u00e9giature des habitants qui ne sont pas partis en vacances\u2026 ou en sont revenus\u00a0! Sable, parasols, jeux d\u2019eau, activit\u00e9s pour les grands et les petits, tout est mis en \u0153uvre, pendant deux \u00e0 trois semaines, pour un d\u00e9paysement 100 % gratuit\u00a0! &nbsp; &nbsp;<\/p>\n","protected":false},"author":1,"featured_media":0,"parent":0,"menu_order":0,"comment_status":"closed","ping_status":"closed","template":"template-mairie.php","meta":{"footnotes":""},"class_list":["post-904","page","type-page","status-publish","hentry"],"_links":{"self":[{"href":"https:\/\/www.henin-beaumont.fr\/site\/wp-json\/wp\/v2\/pages\/904","targetHints":{"allow":["GET"]}}],"collection":[{"href":"https:\/\/www.henin-beaumont.fr\/site\/wp-json\/wp\/v2\/pages"}],"about":[{"href":"https:\/\/www.henin-beaumont.fr\/site\/wp-json\/wp\/v2\/types\/page"}],"author":[{"embeddable":true,"href":"https:\/\/www.henin-beaumont.fr\/site\/wp-json\/wp\/v2\/users\/1"}],"replies":[{"embeddable":true,"href":"https:\/\/www.henin-beaumont.fr\/site\/wp-json\/wp\/v2\/comments?post=904"}],"version-history":[{"count":4,"href":"https:\/\/www.henin-beaumont.fr\/site\/wp-json\/wp\/v2\/pages\/904\/revisions"}],"predecessor-version":[{"id":3680,"href":"https:\/\/www.henin-beaumont.fr\/site\/wp-json\/wp\/v2\/pages\/904\/revisions\/3680"}],"wp:attachment":[{"href":"https:\/\/www.henin-beaumont.fr\/site\/wp-json\/wp\/v2\/media?parent=904"}],"curies":[{"name":"wp","href":"https:\/\/api.w.org\/{rel}","templated":true}]}}