
{"id":872,"date":"2015-03-26T13:19:43","date_gmt":"2015-03-26T13:19:43","guid":{"rendered":"http:\/\/henin-beaumont.fr\/site\/?page_id=872"},"modified":"2017-04-12T14:42:58","modified_gmt":"2017-04-12T12:42:58","slug":"872-2","status":"publish","type":"page","link":"https:\/\/www.henin-beaumont.fr\/site\/872-2\/","title":{"rendered":"Environnement"},"content":{"rendered":"<p><img loading=\"lazy\" decoding=\"async\" class=\"aligncenter size-full wp-image-3633\" src=\"http:\/\/www.henin-beaumont.fr\/site\/wp-content\/uploads\/2015\/03\/ENVIRONNEMENT.png\" alt=\"ENVIRONNEMENT\" width=\"687\" height=\"159\" srcset=\"https:\/\/www.henin-beaumont.fr\/site\/wp-content\/uploads\/2015\/03\/ENVIRONNEMENT.png 687w, https:\/\/www.henin-beaumont.fr\/site\/wp-content\/uploads\/2015\/03\/ENVIRONNEMENT-600x139.png 600w\" sizes=\"auto, (max-width: 687px) 100vw, 687px\" \/><\/p>\n<p>Vous souhaitez vous promener, pratiquer des activit\u00e9s avec les enfants ou simplement vous d\u00e9tendre sur un banc, H\u00e9nin-Beaumont dispose de nombreux parcs et espaces verts accessibles toute l&rsquo;ann\u00e9e.<\/p>\n<p>En route pour une petite visite guid\u00e9e en photos !<\/p>\n\n\t\t<style type=\"text\/css\">\n\t\t\t#gallery-1 {\n\t\t\t\tmargin: auto;\n\t\t\t}\n\t\t\t#gallery-1 .gallery-item {\n\t\t\t\tfloat: left;\n\t\t\t\tmargin-top: 10px;\n\t\t\t\ttext-align: center;\n\t\t\t\twidth: 33%;\n\t\t\t}\n\t\t\t#gallery-1 img {\n\t\t\t\tborder: 2px solid #cfcfcf;\n\t\t\t}\n\t\t\t#gallery-1 .gallery-caption {\n\t\t\t\tmargin-left: 0;\n\t\t\t}\n\t\t\t\/* see gallery_shortcode() in wp-includes\/media.php *\/\n\t\t<\/style>\n\t\t<div id='gallery-1' class='gallery galleryid-872 gallery-columns-3 gallery-size-medium'><dl class='gallery-item'>\n\t\t\t<dt class='gallery-icon landscape'>\n\t\t\t\t<a href='https:\/\/www.henin-beaumont.fr\/site\/wp-content\/uploads\/2015\/03\/ancienne-gare-de-Beaumont1.jpg'><img loading=\"lazy\" decoding=\"async\" width=\"200\" height=\"150\" src=\"https:\/\/www.henin-beaumont.fr\/site\/wp-content\/uploads\/2015\/03\/ancienne-gare-de-Beaumont1-200x150.jpg\" class=\"attachment-medium size-medium\" alt=\"\" srcset=\"https:\/\/www.henin-beaumont.fr\/site\/wp-content\/uploads\/2015\/03\/ancienne-gare-de-Beaumont1-200x150.jpg 200w, https:\/\/www.henin-beaumont.fr\/site\/wp-content\/uploads\/2015\/03\/ancienne-gare-de-Beaumont1.jpg 567w\" sizes=\"auto, (max-width: 200px) 100vw, 200px\" \/><\/a>\n\t\t\t<\/dt><\/dl><dl class='gallery-item'>\n\t\t\t<dt class='gallery-icon landscape'>\n\t\t\t\t<a href='https:\/\/www.henin-beaumont.fr\/site\/wp-content\/uploads\/2015\/03\/jardin-public-boulevard-Gabriel-Perji.jpg'><img loading=\"lazy\" decoding=\"async\" width=\"200\" height=\"132\" src=\"https:\/\/www.henin-beaumont.fr\/site\/wp-content\/uploads\/2015\/03\/jardin-public-boulevard-Gabriel-Perji-200x132.jpg\" class=\"attachment-medium size-medium\" alt=\"\" srcset=\"https:\/\/www.henin-beaumont.fr\/site\/wp-content\/uploads\/2015\/03\/jardin-public-boulevard-Gabriel-Perji-200x132.jpg 200w, https:\/\/www.henin-beaumont.fr\/site\/wp-content\/uploads\/2015\/03\/jardin-public-boulevard-Gabriel-Perji.jpg 454w\" sizes=\"auto, (max-width: 200px) 100vw, 200px\" \/><\/a>\n\t\t\t<\/dt><\/dl><dl class='gallery-item'>\n\t\t\t<dt class='gallery-icon landscape'>\n\t\t\t\t<a href='https:\/\/www.henin-beaumont.fr\/site\/wp-content\/uploads\/2015\/03\/les-jeux-au-Bord-des-Eaux.jpg'><img loading=\"lazy\" decoding=\"async\" width=\"200\" height=\"133\" src=\"https:\/\/www.henin-beaumont.fr\/site\/wp-content\/uploads\/2015\/03\/les-jeux-au-Bord-des-Eaux-200x133.jpg\" class=\"attachment-medium size-medium\" alt=\"\" srcset=\"https:\/\/www.henin-beaumont.fr\/site\/wp-content\/uploads\/2015\/03\/les-jeux-au-Bord-des-Eaux-200x133.jpg 200w, https:\/\/www.henin-beaumont.fr\/site\/wp-content\/uploads\/2015\/03\/les-jeux-au-Bord-des-Eaux.jpg 425w\" sizes=\"auto, (max-width: 200px) 100vw, 200px\" \/><\/a>\n\t\t\t<\/dt><\/dl><br style=\"clear: both\" \/><dl class='gallery-item'>\n\t\t\t<dt class='gallery-icon landscape'>\n\t\t\t\t<a href='https:\/\/www.henin-beaumont.fr\/site\/wp-content\/uploads\/2015\/03\/le-terril-du-Pommier-base-de-loisirs.jpg'><img loading=\"lazy\" decoding=\"async\" width=\"200\" height=\"150\" src=\"https:\/\/www.henin-beaumont.fr\/site\/wp-content\/uploads\/2015\/03\/le-terril-du-Pommier-base-de-loisirs-200x150.jpg\" class=\"attachment-medium size-medium\" alt=\"\" srcset=\"https:\/\/www.henin-beaumont.fr\/site\/wp-content\/uploads\/2015\/03\/le-terril-du-Pommier-base-de-loisirs-200x150.jpg 200w, https:\/\/www.henin-beaumont.fr\/site\/wp-content\/uploads\/2015\/03\/le-terril-du-Pommier-base-de-loisirs.jpg 425w\" sizes=\"auto, (max-width: 200px) 100vw, 200px\" \/><\/a>\n\t\t\t<\/dt><\/dl><dl class='gallery-item'>\n\t\t\t<dt class='gallery-icon landscape'>\n\t\t\t\t<a href='https:\/\/www.henin-beaumont.fr\/site\/wp-content\/uploads\/2015\/03\/espace-vert-avenue-des-Fusilles.jpg'><img loading=\"lazy\" decoding=\"async\" width=\"200\" height=\"150\" src=\"https:\/\/www.henin-beaumont.fr\/site\/wp-content\/uploads\/2015\/03\/espace-vert-avenue-des-Fusilles-200x150.jpg\" class=\"attachment-medium size-medium\" alt=\"\" srcset=\"https:\/\/www.henin-beaumont.fr\/site\/wp-content\/uploads\/2015\/03\/espace-vert-avenue-des-Fusilles-200x150.jpg 200w, https:\/\/www.henin-beaumont.fr\/site\/wp-content\/uploads\/2015\/03\/espace-vert-avenue-des-Fusilles.jpg 425w\" sizes=\"auto, (max-width: 200px) 100vw, 200px\" \/><\/a>\n\t\t\t<\/dt><\/dl><dl class='gallery-item'>\n\t\t\t<dt class='gallery-icon landscape'>\n\t\t\t\t<a href='https:\/\/www.henin-beaumont.fr\/site\/wp-content\/uploads\/2015\/03\/la-coulee-verte-face-a-l-Espace-Francois-Mitterrand.jpg'><img loading=\"lazy\" decoding=\"async\" width=\"200\" height=\"150\" src=\"https:\/\/www.henin-beaumont.fr\/site\/wp-content\/uploads\/2015\/03\/la-coulee-verte-face-a-l-Espace-Francois-Mitterrand-200x150.jpg\" class=\"attachment-medium size-medium\" alt=\"\" srcset=\"https:\/\/www.henin-beaumont.fr\/site\/wp-content\/uploads\/2015\/03\/la-coulee-verte-face-a-l-Espace-Francois-Mitterrand-200x150.jpg 200w, https:\/\/www.henin-beaumont.fr\/site\/wp-content\/uploads\/2015\/03\/la-coulee-verte-face-a-l-Espace-Francois-Mitterrand.jpg 425w\" sizes=\"auto, (max-width: 200px) 100vw, 200px\" \/><\/a>\n\t\t\t<\/dt><\/dl><br style=\"clear: both\" \/><dl class='gallery-item'>\n\t\t\t<dt class='gallery-icon landscape'>\n\t\t\t\t<a href='https:\/\/www.henin-beaumont.fr\/site\/wp-content\/uploads\/2015\/03\/le-parc-public-rue-Elie-Gruyelle.jpg'><img loading=\"lazy\" decoding=\"async\" width=\"200\" height=\"150\" src=\"https:\/\/www.henin-beaumont.fr\/site\/wp-content\/uploads\/2015\/03\/le-parc-public-rue-Elie-Gruyelle-200x150.jpg\" class=\"attachment-medium size-medium\" alt=\"\" srcset=\"https:\/\/www.henin-beaumont.fr\/site\/wp-content\/uploads\/2015\/03\/le-parc-public-rue-Elie-Gruyelle-200x150.jpg 200w, https:\/\/www.henin-beaumont.fr\/site\/wp-content\/uploads\/2015\/03\/le-parc-public-rue-Elie-Gruyelle.jpg 425w\" sizes=\"auto, (max-width: 200px) 100vw, 200px\" \/><\/a>\n\t\t\t<\/dt><\/dl><dl class='gallery-item'>\n\t\t\t<dt class='gallery-icon landscape'>\n\t\t\t\t<a href='https:\/\/www.henin-beaumont.fr\/site\/wp-content\/uploads\/2015\/03\/le-lac-au-printemps.jpg'><img loading=\"lazy\" decoding=\"async\" width=\"200\" height=\"150\" src=\"https:\/\/www.henin-beaumont.fr\/site\/wp-content\/uploads\/2015\/03\/le-lac-au-printemps-200x150.jpg\" class=\"attachment-medium size-medium\" alt=\"\" srcset=\"https:\/\/www.henin-beaumont.fr\/site\/wp-content\/uploads\/2015\/03\/le-lac-au-printemps-200x150.jpg 200w, https:\/\/www.henin-beaumont.fr\/site\/wp-content\/uploads\/2015\/03\/le-lac-au-printemps.jpg 482w\" sizes=\"auto, (max-width: 200px) 100vw, 200px\" \/><\/a>\n\t\t\t<\/dt><\/dl><dl class='gallery-item'>\n\t\t\t<dt class='gallery-icon landscape'>\n\t\t\t\t<a href='https:\/\/www.henin-beaumont.fr\/site\/wp-content\/uploads\/2015\/03\/espace-vert-rue-de-la-Murenne-au-Bord-des-Eaux.jpg'><img loading=\"lazy\" decoding=\"async\" width=\"200\" height=\"150\" src=\"https:\/\/www.henin-beaumont.fr\/site\/wp-content\/uploads\/2015\/03\/espace-vert-rue-de-la-Murenne-au-Bord-des-Eaux-200x150.jpg\" class=\"attachment-medium size-medium\" alt=\"\" srcset=\"https:\/\/www.henin-beaumont.fr\/site\/wp-content\/uploads\/2015\/03\/espace-vert-rue-de-la-Murenne-au-Bord-des-Eaux-200x150.jpg 200w, https:\/\/www.henin-beaumont.fr\/site\/wp-content\/uploads\/2015\/03\/espace-vert-rue-de-la-Murenne-au-Bord-des-Eaux.jpg 425w\" sizes=\"auto, (max-width: 200px) 100vw, 200px\" \/><\/a>\n\t\t\t<\/dt><\/dl><br style=\"clear: both\" \/><dl class='gallery-item'>\n\t\t\t<dt class='gallery-icon landscape'>\n\t\t\t\t<a href='https:\/\/www.henin-beaumont.fr\/site\/wp-content\/uploads\/2015\/03\/Terril-du-Pommier.jpg'><img loading=\"lazy\" decoding=\"async\" width=\"200\" height=\"134\" src=\"https:\/\/www.henin-beaumont.fr\/site\/wp-content\/uploads\/2015\/03\/Terril-du-Pommier-200x134.jpg\" class=\"attachment-medium size-medium\" alt=\"\" srcset=\"https:\/\/www.henin-beaumont.fr\/site\/wp-content\/uploads\/2015\/03\/Terril-du-Pommier-200x134.jpg 200w, https:\/\/www.henin-beaumont.fr\/site\/wp-content\/uploads\/2015\/03\/Terril-du-Pommier.jpg 482w\" sizes=\"auto, (max-width: 200px) 100vw, 200px\" \/><\/a>\n\t\t\t<\/dt><\/dl><dl class='gallery-item'>\n\t\t\t<dt class='gallery-icon portrait'>\n\t\t\t\t<a href='https:\/\/www.henin-beaumont.fr\/site\/wp-content\/uploads\/2015\/03\/le-parc-pu4blic.jpg'><img loading=\"lazy\" decoding=\"async\" width=\"150\" height=\"200\" src=\"https:\/\/www.henin-beaumont.fr\/site\/wp-content\/uploads\/2015\/03\/le-parc-pu4blic-150x200.jpg\" class=\"attachment-medium size-medium\" alt=\"\" srcset=\"https:\/\/www.henin-beaumont.fr\/site\/wp-content\/uploads\/2015\/03\/le-parc-pu4blic-150x200.jpg 150w, https:\/\/www.henin-beaumont.fr\/site\/wp-content\/uploads\/2015\/03\/le-parc-pu4blic.jpg 361w\" sizes=\"auto, (max-width: 150px) 100vw, 150px\" \/><\/a>\n\t\t\t<\/dt><\/dl><dl class='gallery-item'>\n\t\t\t<dt class='gallery-icon landscape'>\n\t\t\t\t<a href='https:\/\/www.henin-beaumont.fr\/site\/wp-content\/uploads\/2015\/03\/le-parc-public.jpg'><img loading=\"lazy\" decoding=\"async\" width=\"200\" height=\"150\" src=\"https:\/\/www.henin-beaumont.fr\/site\/wp-content\/uploads\/2015\/03\/le-parc-public-200x150.jpg\" class=\"attachment-medium size-medium\" alt=\"\" srcset=\"https:\/\/www.henin-beaumont.fr\/site\/wp-content\/uploads\/2015\/03\/le-parc-public-200x150.jpg 200w, https:\/\/www.henin-beaumont.fr\/site\/wp-content\/uploads\/2015\/03\/le-parc-public.jpg 482w\" sizes=\"auto, (max-width: 200px) 100vw, 200px\" \/><\/a>\n\t\t\t<\/dt><\/dl><br style=\"clear: both\" \/><dl class='gallery-item'>\n\t\t\t<dt class='gallery-icon landscape'>\n\t\t\t\t<a href='https:\/\/www.henin-beaumont.fr\/site\/wp-content\/uploads\/2015\/03\/le-lac-sous-un-soleil-d-hiver.jpg'><img loading=\"lazy\" decoding=\"async\" width=\"200\" height=\"150\" src=\"https:\/\/www.henin-beaumont.fr\/site\/wp-content\/uploads\/2015\/03\/le-lac-sous-un-soleil-d-hiver-200x150.jpg\" class=\"attachment-medium size-medium\" alt=\"\" srcset=\"https:\/\/www.henin-beaumont.fr\/site\/wp-content\/uploads\/2015\/03\/le-lac-sous-un-soleil-d-hiver-200x150.jpg 200w, https:\/\/www.henin-beaumont.fr\/site\/wp-content\/uploads\/2015\/03\/le-lac-sous-un-soleil-d-hiver.jpg 454w\" sizes=\"auto, (max-width: 200px) 100vw, 200px\" \/><\/a>\n\t\t\t<\/dt><\/dl><dl class='gallery-item'>\n\t\t\t<dt class='gallery-icon landscape'>\n\t\t\t\t<a href='https:\/\/www.henin-beaumont.fr\/site\/wp-content\/uploads\/2015\/03\/l-ilot-Carnot.jpg'><img loading=\"lazy\" decoding=\"async\" width=\"200\" height=\"136\" src=\"https:\/\/www.henin-beaumont.fr\/site\/wp-content\/uploads\/2015\/03\/l-ilot-Carnot-200x136.jpg\" class=\"attachment-medium size-medium\" alt=\"\" srcset=\"https:\/\/www.henin-beaumont.fr\/site\/wp-content\/uploads\/2015\/03\/l-ilot-Carnot-200x136.jpg 200w, https:\/\/www.henin-beaumont.fr\/site\/wp-content\/uploads\/2015\/03\/l-ilot-Carnot.jpg 567w\" sizes=\"auto, (max-width: 200px) 100vw, 200px\" \/><\/a>\n\t\t\t<\/dt><\/dl><dl class='gallery-item'>\n\t\t\t<dt class='gallery-icon landscape'>\n\t\t\t\t<a href='https:\/\/www.henin-beaumont.fr\/site\/wp-content\/uploads\/2015\/03\/jardin-public-boulevard-Gabriel-Peri.jpg'><img loading=\"lazy\" decoding=\"async\" width=\"200\" height=\"132\" src=\"https:\/\/www.henin-beaumont.fr\/site\/wp-content\/uploads\/2015\/03\/jardin-public-boulevard-Gabriel-Peri-200x132.jpg\" class=\"attachment-medium size-medium\" alt=\"\" srcset=\"https:\/\/www.henin-beaumont.fr\/site\/wp-content\/uploads\/2015\/03\/jardin-public-boulevard-Gabriel-Peri-200x132.jpg 200w, https:\/\/www.henin-beaumont.fr\/site\/wp-content\/uploads\/2015\/03\/jardin-public-boulevard-Gabriel-Peri.jpg 454w\" sizes=\"auto, (max-width: 200px) 100vw, 200px\" \/><\/a>\n\t\t\t<\/dt><\/dl><br style=\"clear: both\" \/><dl class='gallery-item'>\n\t\t\t<dt class='gallery-icon landscape'>\n\t\t\t\t<a href='https:\/\/www.henin-beaumont.fr\/site\/wp-content\/uploads\/2015\/03\/parc-du-Champ-de-l-Abbaye.jpg'><img loading=\"lazy\" decoding=\"async\" width=\"200\" height=\"133\" src=\"https:\/\/www.henin-beaumont.fr\/site\/wp-content\/uploads\/2015\/03\/parc-du-Champ-de-l-Abbaye-200x133.jpg\" class=\"attachment-medium size-medium\" alt=\"\" srcset=\"https:\/\/www.henin-beaumont.fr\/site\/wp-content\/uploads\/2015\/03\/parc-du-Champ-de-l-Abbaye-200x133.jpg 200w, https:\/\/www.henin-beaumont.fr\/site\/wp-content\/uploads\/2015\/03\/parc-du-Champ-de-l-Abbaye.jpg 425w\" sizes=\"auto, (max-width: 200px) 100vw, 200px\" \/><\/a>\n\t\t\t<\/dt><\/dl><dl class='gallery-item'>\n\t\t\t<dt class='gallery-icon landscape'>\n\t\t\t\t<a href='https:\/\/www.henin-beaumont.fr\/site\/wp-content\/uploads\/2015\/03\/parc-du-Jeu-de-Balle.jpg'><img loading=\"lazy\" decoding=\"async\" width=\"200\" height=\"150\" src=\"https:\/\/www.henin-beaumont.fr\/site\/wp-content\/uploads\/2015\/03\/parc-du-Jeu-de-Balle-200x150.jpg\" class=\"attachment-medium size-medium\" alt=\"\" srcset=\"https:\/\/www.henin-beaumont.fr\/site\/wp-content\/uploads\/2015\/03\/parc-du-Jeu-de-Balle-200x150.jpg 200w, https:\/\/www.henin-beaumont.fr\/site\/wp-content\/uploads\/2015\/03\/parc-du-Jeu-de-Balle.jpg 425w\" sizes=\"auto, (max-width: 200px) 100vw, 200px\" \/><\/a>\n\t\t\t<\/dt><\/dl><dl class='gallery-item'>\n\t\t\t<dt class='gallery-icon landscape'>\n\t\t\t\t<a href='https:\/\/www.henin-beaumont.fr\/site\/wp-content\/uploads\/2015\/03\/les-jeux-aux-Bords-des-Eaux.jpg'><img loading=\"lazy\" decoding=\"async\" width=\"200\" height=\"130\" src=\"https:\/\/www.henin-beaumont.fr\/site\/wp-content\/uploads\/2015\/03\/les-jeux-aux-Bords-des-Eaux-200x130.jpg\" class=\"attachment-medium size-medium\" alt=\"\" srcset=\"https:\/\/www.henin-beaumont.fr\/site\/wp-content\/uploads\/2015\/03\/les-jeux-aux-Bords-des-Eaux-200x130.jpg 200w, https:\/\/www.henin-beaumont.fr\/site\/wp-content\/uploads\/2015\/03\/les-jeux-aux-Bords-des-Eaux.jpg 425w\" sizes=\"auto, (max-width: 200px) 100vw, 200px\" \/><\/a>\n\t\t\t<\/dt><\/dl><br style=\"clear: both\" \/><dl class='gallery-item'>\n\t\t\t<dt class='gallery-icon portrait'>\n\t\t\t\t<a href='https:\/\/www.henin-beaumont.fr\/site\/wp-content\/uploads\/2015\/03\/espace-vert-rue-Gustave-Delory.jpg'><img loading=\"lazy\" decoding=\"async\" width=\"134\" height=\"200\" src=\"https:\/\/www.henin-beaumont.fr\/site\/wp-content\/uploads\/2015\/03\/espace-vert-rue-Gustave-Delory-134x200.jpg\" class=\"attachment-medium size-medium\" alt=\"\" srcset=\"https:\/\/www.henin-beaumont.fr\/site\/wp-content\/uploads\/2015\/03\/espace-vert-rue-Gustave-Delory-134x200.jpg 134w, https:\/\/www.henin-beaumont.fr\/site\/wp-content\/uploads\/2015\/03\/espace-vert-rue-Gustave-Delory.jpg 322w\" sizes=\"auto, (max-width: 134px) 100vw, 134px\" \/><\/a>\n\t\t\t<\/dt><\/dl><dl class='gallery-item'>\n\t\t\t<dt class='gallery-icon landscape'>\n\t\t\t\t<a href='https:\/\/www.henin-beaumont.fr\/site\/wp-content\/uploads\/2015\/03\/Bois-de-la-Peupleraie.jpg'><img loading=\"lazy\" decoding=\"async\" width=\"200\" height=\"150\" src=\"https:\/\/www.henin-beaumont.fr\/site\/wp-content\/uploads\/2015\/03\/Bois-de-la-Peupleraie-200x150.jpg\" class=\"attachment-medium size-medium\" alt=\"\" srcset=\"https:\/\/www.henin-beaumont.fr\/site\/wp-content\/uploads\/2015\/03\/Bois-de-la-Peupleraie-200x150.jpg 200w, https:\/\/www.henin-beaumont.fr\/site\/wp-content\/uploads\/2015\/03\/Bois-de-la-Peupleraie.jpg 425w\" sizes=\"auto, (max-width: 200px) 100vw, 200px\" \/><\/a>\n\t\t\t<\/dt><\/dl><dl class='gallery-item'>\n\t\t\t<dt class='gallery-icon landscape'>\n\t\t\t\t<a href='https:\/\/www.henin-beaumont.fr\/site\/wp-content\/uploads\/2015\/03\/parc-des-Bouviers-rue-de-la-Bruyere.jpg'><img loading=\"lazy\" decoding=\"async\" width=\"200\" height=\"150\" src=\"https:\/\/www.henin-beaumont.fr\/site\/wp-content\/uploads\/2015\/03\/parc-des-Bouviers-rue-de-la-Bruyere-200x150.jpg\" class=\"attachment-medium size-medium\" alt=\"\" srcset=\"https:\/\/www.henin-beaumont.fr\/site\/wp-content\/uploads\/2015\/03\/parc-des-Bouviers-rue-de-la-Bruyere-200x150.jpg 200w, https:\/\/www.henin-beaumont.fr\/site\/wp-content\/uploads\/2015\/03\/parc-des-Bouviers-rue-de-la-Bruyere.jpg 425w\" sizes=\"auto, (max-width: 200px) 100vw, 200px\" \/><\/a>\n\t\t\t<\/dt><\/dl><br style=\"clear: both\" \/><dl class='gallery-item'>\n\t\t\t<dt class='gallery-icon landscape'>\n\t\t\t\t<a href='https:\/\/www.henin-beaumont.fr\/site\/wp-content\/uploads\/2015\/03\/le-lac-du-Bord-des-Eaux.jpg'><img loading=\"lazy\" decoding=\"async\" width=\"200\" height=\"150\" src=\"https:\/\/www.henin-beaumont.fr\/site\/wp-content\/uploads\/2015\/03\/le-lac-du-Bord-des-Eaux-200x150.jpg\" class=\"attachment-medium size-medium\" alt=\"\" srcset=\"https:\/\/www.henin-beaumont.fr\/site\/wp-content\/uploads\/2015\/03\/le-lac-du-Bord-des-Eaux-200x150.jpg 200w, https:\/\/www.henin-beaumont.fr\/site\/wp-content\/uploads\/2015\/03\/le-lac-du-Bord-des-Eaux.jpg 482w\" sizes=\"auto, (max-width: 200px) 100vw, 200px\" \/><\/a>\n\t\t\t<\/dt><\/dl>\n\t\t\t<br style='clear: both' \/>\n\t\t<\/div>\n\n","protected":false},"excerpt":{"rendered":"<p>Vous souhaitez vous promener, pratiquer des activit\u00e9s avec les enfants ou simplement vous d\u00e9tendre sur un banc, H\u00e9nin-Beaumont dispose de nombreux parcs et espaces verts accessibles toute l&rsquo;ann\u00e9e. En route pour une petite visite guid\u00e9e en photos !<\/p>\n","protected":false},"author":1,"featured_media":0,"parent":0,"menu_order":0,"comment_status":"closed","ping_status":"closed","template":"template-mairie.php","meta":{"footnotes":""},"class_list":["post-872","page","type-page","status-publish","hentry"],"_links":{"self":[{"href":"https:\/\/www.henin-beaumont.fr\/site\/wp-json\/wp\/v2\/pages\/872","targetHints":{"allow":["GET"]}}],"collection":[{"href":"https:\/\/www.henin-beaumont.fr\/site\/wp-json\/wp\/v2\/pages"}],"about":[{"href":"https:\/\/www.henin-beaumont.fr\/site\/wp-json\/wp\/v2\/types\/page"}],"author":[{"embeddable":true,"href":"https:\/\/www.henin-beaumont.fr\/site\/wp-json\/wp\/v2\/users\/1"}],"replies":[{"embeddable":true,"href":"https:\/\/www.henin-beaumont.fr\/site\/wp-json\/wp\/v2\/comments?post=872"}],"version-history":[{"count":5,"href":"https:\/\/www.henin-beaumont.fr\/site\/wp-json\/wp\/v2\/pages\/872\/revisions"}],"predecessor-version":[{"id":3634,"href":"https:\/\/www.henin-beaumont.fr\/site\/wp-json\/wp\/v2\/pages\/872\/revisions\/3634"}],"wp:attachment":[{"href":"https:\/\/www.henin-beaumont.fr\/site\/wp-json\/wp\/v2\/media?parent=872"}],"curies":[{"name":"wp","href":"https:\/\/api.w.org\/{rel}","templated":true}]}}