
{"id":795,"date":"2015-03-26T09:03:45","date_gmt":"2015-03-26T09:03:45","guid":{"rendered":"http:\/\/henin-beaumont.fr\/site\/?page_id=795"},"modified":"2015-03-26T10:23:38","modified_gmt":"2015-03-26T10:23:38","slug":"quartier-sud","status":"publish","type":"page","link":"https:\/\/www.henin-beaumont.fr\/site\/quartier-sud\/","title":{"rendered":"quartier sud"},"content":{"rendered":"<p><img loading=\"lazy\" decoding=\"async\" class=\"alignnone size-full wp-image-796\" src=\"http:\/\/henin-beaumont.fr\/site\/wp-content\/uploads\/2015\/03\/quartiersud.png\" alt=\"quartiersud\" width=\"687\" height=\"229\" srcset=\"https:\/\/www.henin-beaumont.fr\/site\/wp-content\/uploads\/2015\/03\/quartiersud.png 687w, https:\/\/www.henin-beaumont.fr\/site\/wp-content\/uploads\/2015\/03\/quartiersud-200x67.png 200w\" sizes=\"auto, (max-width: 687px) 100vw, 687px\" \/><\/p>\n<p><img loading=\"lazy\" decoding=\"async\" class=\"alignnone size-full wp-image-797\" src=\"http:\/\/henin-beaumont.fr\/site\/wp-content\/uploads\/2015\/03\/quartiersud.jpg\" alt=\"quartiersud\" width=\"778\" height=\"300\" srcset=\"https:\/\/www.henin-beaumont.fr\/site\/wp-content\/uploads\/2015\/03\/quartiersud.jpg 778w, https:\/\/www.henin-beaumont.fr\/site\/wp-content\/uploads\/2015\/03\/quartiersud-200x77.jpg 200w\" sizes=\"auto, (max-width: 778px) 100vw, 778px\" \/><\/p>\n<div class=\"contenu\">\n<p>Jusqu&rsquo;aux ann\u00e9es 1850, le quartier Sud n&rsquo;\u00e9tait exploit\u00e9 que par un four \u00e0 chaux \u00e0 l&#8217;emplacement de l&rsquo;actuelle impasse Peuchin. La mise en exploitation de la voie ferr\u00e9e r\u00e9gionale et l&rsquo;ouverture des diff\u00e9rents puits de mine ont contribu\u00e9 \u00e0 l&rsquo;expansion de la commune.<\/p>\n<p>Les puits 3 et 3bis, composant la fosse Mulot, du nom de l&rsquo;ing\u00e9nieur parisien qui est \u00e0 l&rsquo;origine de l&rsquo;extraction du charbon \u00e0 H\u00e9nin-Li\u00e9tard, ont \u00e9t\u00e9 creus\u00e9s \u00e0 partir de 1857. La fosse 6, fosse Declercq, a \u00e9t\u00e9 ouverte en 1888 et \u00e9tait situ\u00e9e sur l&rsquo;actuel boulevard Salvador Allende. L&rsquo;entr\u00e9e en action de la fosse 6bis ou fosse Darcy, du nom du Pr\u00e9sident de la soci\u00e9t\u00e9 mini\u00e8re, \u00e9tait plac\u00e9e sous le signe de l&rsquo;\u00e9volution, puisqu&rsquo;elle \u00e9tait \u00e9quip\u00e9e d&rsquo;une machine d&rsquo;extraction \u00e9lectrique, ce qui lui permit, avec les autres puits cit\u00e9s d&rsquo;avoir une production importante. Enfin, en 1884, la Compagnie Mini\u00e8re de Drocourt d\u00e9bute l&rsquo;exploitation de sa fosse 1, appel\u00e9e la Parisienne, \u00e0 l&rsquo;extr\u00e9mit\u00e9 sud de notre commune.<\/p>\n<p>La mise en service de ces fosses a eu pour cons\u00e9quence, la construction de plusieurs cit\u00e9s pour loger les mineurs : Coron Mulot, Cit\u00e9 de l&rsquo;Avaleresse, Cit\u00e9 de la Perche, Cit\u00e9 des Margodillots, Cit\u00e9 Declercq&#8230; pour la plupart d\u00e9truites aujourd&rsquo;hui. Mais les Mines ont besoin de bras et il faut loger cette population qui augmente rapidement&#8230; La Ville connait alors une crise du logement d\u00e8s 1881 ! C&rsquo;est alors que les Mines de Dourges ont inaugur\u00e9 leurs programmes de cit\u00e9s-jardins. Les Cit\u00e9s Voisin et Promper : 200 maisons ont \u00e9t\u00e9 construites avant 1909. \u00c0 cela se sont ajout\u00e9es pas moins de 500 maisons dans la Cit\u00e9 Darcy entre 1909 et 1914.<\/p>\n<p>L&rsquo;extraction du charbon est \u00e9galement \u00e0 l&rsquo;origine de nos montagnes noires. La remont\u00e9e simultan\u00e9e \u00e0 la surface des d\u00e9chets de schistes et du charbon provoque l&rsquo;apparition des terrils qui dominent notre territoire !<\/p>\n<p>\u00ab<em>La vie du quartier a bien chang\u00e9 en un demi si\u00e8cle. Dans les ann\u00e9es 20, les estaminets, les cabarets pullulaient aux abords de la Fosse Mulot, attendant la remont\u00e9e des mineurs qui allaient boire leur geni\u00e8vre ou leur bistouille<\/em>\u00bb qui \u00ab<em>r\u00e9confortaient avant la descente ceux qui confiaient leurs vies chaque jour aux entrailles de la terre et comm\u00e9moraient \u00e0 leur mani\u00e8re leur retour \u00e0 la lumi\u00e8re \u00e0 la remont\u00e9e&#8230; sains et saufs !<\/em>\u00bb (extrait tir\u00e9 de \u00abHistoire bi-mill\u00e9naire de 20 quartiers d&rsquo;H\u00e9nin-Beaumont, des origines \u00e0 nos jours\u00bb d&rsquo;Henri Claverie).<\/p>\n<p class=\" text-LEFT\">Parall\u00e8lement, la m\u00e9tallurgie Sartiaux s\u2019installe en 1886, rue Paul Bert, pour la fabrication de berlines m\u00e9talliques et de trains en acier fondu permettant aux compagnies mini\u00e8res de disposer d\u2019un mat\u00e9riel de transport du charbon, au fond de la mine, bien plus r\u00e9sistant que les berlines en bois.<\/p>\n<p class=\" text-LEFT\">Le quartier se d\u00e9veloppe, la ville fait construire le Groupe Scolaire Michelet pour scolariser les nombreux enfants de cette partie neuve de la ville, tandis que la Compagnie des Mines de Dourges installe l\u2019\u00e9glise Saint-Henri (rue Pierre Brossolette) et le parc des sports (boulevard Salvatore Allend\u00e9) que la Ville reprit sous le nom de stade Birembaut.<\/p>\n<p class=\" text-LEFT\">Le XX\u00e8me si\u00e8cle y voit l&rsquo;implantation d&rsquo;un coll\u00e8ge et du parc des sports Gustave Delmotte, tandis que certains terrils seront exploit\u00e9s pour leurs mat\u00e9riaux qui servent de base \u00e0 la construction des autoroutes r\u00e9gionales.<\/p>\n<\/div>\n<p>&nbsp;<\/p>\n\n\t\t<style type=\"text\/css\">\n\t\t\t#gallery-1 {\n\t\t\t\tmargin: auto;\n\t\t\t}\n\t\t\t#gallery-1 .gallery-item {\n\t\t\t\tfloat: left;\n\t\t\t\tmargin-top: 10px;\n\t\t\t\ttext-align: center;\n\t\t\t\twidth: 33%;\n\t\t\t}\n\t\t\t#gallery-1 img {\n\t\t\t\tborder: 2px solid #cfcfcf;\n\t\t\t}\n\t\t\t#gallery-1 .gallery-caption {\n\t\t\t\tmargin-left: 0;\n\t\t\t}\n\t\t\t\/* see gallery_shortcode() in wp-includes\/media.php *\/\n\t\t<\/style>\n\t\t<div id='gallery-1' class='gallery galleryid-795 gallery-columns-3 gallery-size-thumbnail'><dl class='gallery-item'>\n\t\t\t<dt class='gallery-icon landscape'>\n\t\t\t\t<a href='https:\/\/www.henin-beaumont.fr\/site\/wp-content\/uploads\/2015\/03\/fosse-Mulot-n-31.jpg'><img loading=\"lazy\" decoding=\"async\" width=\"140\" height=\"140\" src=\"https:\/\/www.henin-beaumont.fr\/site\/wp-content\/uploads\/2015\/03\/fosse-Mulot-n-31-140x140.jpg\" class=\"attachment-thumbnail size-thumbnail\" alt=\"\" \/><\/a>\n\t\t\t<\/dt><\/dl><dl class='gallery-item'>\n\t\t\t<dt class='gallery-icon landscape'>\n\t\t\t\t<a href='https:\/\/www.henin-beaumont.fr\/site\/wp-content\/uploads\/2015\/03\/cite-Darcy1.jpg'><img loading=\"lazy\" decoding=\"async\" width=\"140\" height=\"140\" src=\"https:\/\/www.henin-beaumont.fr\/site\/wp-content\/uploads\/2015\/03\/cite-Darcy1-140x140.jpg\" class=\"attachment-thumbnail size-thumbnail\" alt=\"\" \/><\/a>\n\t\t\t<\/dt><\/dl><dl class='gallery-item'>\n\t\t\t<dt class='gallery-icon landscape'>\n\t\t\t\t<a href='https:\/\/www.henin-beaumont.fr\/site\/wp-content\/uploads\/2015\/03\/rue-Pierre-Brossolette1.jpg'><img loading=\"lazy\" decoding=\"async\" width=\"140\" height=\"140\" src=\"https:\/\/www.henin-beaumont.fr\/site\/wp-content\/uploads\/2015\/03\/rue-Pierre-Brossolette1-140x140.jpg\" class=\"attachment-thumbnail size-thumbnail\" alt=\"\" \/><\/a>\n\t\t\t<\/dt><\/dl><br style=\"clear: both\" \/><dl class='gallery-item'>\n\t\t\t<dt class='gallery-icon landscape'>\n\t\t\t\t<a href='https:\/\/www.henin-beaumont.fr\/site\/wp-content\/uploads\/2015\/03\/vue-ancienne-de-la-cite-Voisin-Armand.jpg'><img loading=\"lazy\" decoding=\"async\" width=\"140\" height=\"140\" src=\"https:\/\/www.henin-beaumont.fr\/site\/wp-content\/uploads\/2015\/03\/vue-ancienne-de-la-cite-Voisin-Armand-140x140.jpg\" class=\"attachment-thumbnail size-thumbnail\" alt=\"\" \/><\/a>\n\t\t\t<\/dt><\/dl><dl class='gallery-item'>\n\t\t\t<dt class='gallery-icon landscape'>\n\t\t\t\t<a href='https:\/\/www.henin-beaumont.fr\/site\/wp-content\/uploads\/2015\/03\/cite-Promper1.jpg'><img loading=\"lazy\" decoding=\"async\" width=\"140\" height=\"140\" src=\"https:\/\/www.henin-beaumont.fr\/site\/wp-content\/uploads\/2015\/03\/cite-Promper1-140x140.jpg\" class=\"attachment-thumbnail size-thumbnail\" alt=\"\" \/><\/a>\n\t\t\t<\/dt><\/dl><dl class='gallery-item'>\n\t\t\t<dt class='gallery-icon landscape'>\n\t\t\t\t<a href='https:\/\/www.henin-beaumont.fr\/site\/wp-content\/uploads\/2015\/03\/eglise-Saint-Henri-construite-en-1924.jpg'><img loading=\"lazy\" decoding=\"async\" width=\"140\" height=\"140\" src=\"https:\/\/www.henin-beaumont.fr\/site\/wp-content\/uploads\/2015\/03\/eglise-Saint-Henri-construite-en-1924-140x140.jpg\" class=\"attachment-thumbnail size-thumbnail\" alt=\"\" \/><\/a>\n\t\t\t<\/dt><\/dl><br style=\"clear: both\" \/><dl class='gallery-item'>\n\t\t\t<dt class='gallery-icon landscape'>\n\t\t\t\t<a href='https:\/\/www.henin-beaumont.fr\/site\/wp-content\/uploads\/2015\/03\/fosse-31.jpg'><img loading=\"lazy\" decoding=\"async\" width=\"140\" height=\"140\" src=\"https:\/\/www.henin-beaumont.fr\/site\/wp-content\/uploads\/2015\/03\/fosse-31-140x140.jpg\" class=\"attachment-thumbnail size-thumbnail\" alt=\"\" \/><\/a>\n\t\t\t<\/dt><\/dl><dl class='gallery-item'>\n\t\t\t<dt class='gallery-icon landscape'>\n\t\t\t\t<a href='https:\/\/www.henin-beaumont.fr\/site\/wp-content\/uploads\/2015\/03\/passage-a-niveau-de-la-rue-de-Drocourt1.jpg'><img loading=\"lazy\" decoding=\"async\" width=\"140\" height=\"140\" src=\"https:\/\/www.henin-beaumont.fr\/site\/wp-content\/uploads\/2015\/03\/passage-a-niveau-de-la-rue-de-Drocourt1-140x140.jpg\" class=\"attachment-thumbnail size-thumbnail\" alt=\"\" \/><\/a>\n\t\t\t<\/dt><\/dl><dl class='gallery-item'>\n\t\t\t<dt class='gallery-icon landscape'>\n\t\t\t\t<a href='https:\/\/www.henin-beaumont.fr\/site\/wp-content\/uploads\/2015\/03\/fosse-3-et-3bis1.jpg'><img loading=\"lazy\" decoding=\"async\" width=\"140\" height=\"140\" src=\"https:\/\/www.henin-beaumont.fr\/site\/wp-content\/uploads\/2015\/03\/fosse-3-et-3bis1-140x140.jpg\" class=\"attachment-thumbnail size-thumbnail\" alt=\"\" \/><\/a>\n\t\t\t<\/dt><\/dl><br style=\"clear: both\" \/><dl class='gallery-item'>\n\t\t\t<dt class='gallery-icon landscape'>\n\t\t\t\t<a href='https:\/\/www.henin-beaumont.fr\/site\/wp-content\/uploads\/2015\/03\/cite-Voisin-Armand1.jpg'><img loading=\"lazy\" decoding=\"async\" width=\"140\" height=\"140\" src=\"https:\/\/www.henin-beaumont.fr\/site\/wp-content\/uploads\/2015\/03\/cite-Voisin-Armand1-140x140.jpg\" class=\"attachment-thumbnail size-thumbnail\" alt=\"\" \/><\/a>\n\t\t\t<\/dt><\/dl>\n\t\t\t<br style='clear: both' \/>\n\t\t<\/div>\n\n","protected":false},"excerpt":{"rendered":"<p>Jusqu&rsquo;aux ann\u00e9es 1850, le quartier Sud n&rsquo;\u00e9tait exploit\u00e9 que par un four \u00e0 chaux \u00e0 l&#8217;emplacement de l&rsquo;actuelle impasse Peuchin. La mise en exploitation de la voie ferr\u00e9e r\u00e9gionale et l&rsquo;ouverture des diff\u00e9rents puits de mine ont contribu\u00e9 \u00e0 l&rsquo;expansion de la commune. Les puits 3 et 3bis, composant la fosse Mulot, du nom de [&hellip;]<\/p>\n","protected":false},"author":1,"featured_media":0,"parent":0,"menu_order":0,"comment_status":"closed","ping_status":"closed","template":"template-mairie.php","meta":{"footnotes":""},"class_list":["post-795","page","type-page","status-publish","hentry"],"_links":{"self":[{"href":"https:\/\/www.henin-beaumont.fr\/site\/wp-json\/wp\/v2\/pages\/795","targetHints":{"allow":["GET"]}}],"collection":[{"href":"https:\/\/www.henin-beaumont.fr\/site\/wp-json\/wp\/v2\/pages"}],"about":[{"href":"https:\/\/www.henin-beaumont.fr\/site\/wp-json\/wp\/v2\/types\/page"}],"author":[{"embeddable":true,"href":"https:\/\/www.henin-beaumont.fr\/site\/wp-json\/wp\/v2\/users\/1"}],"replies":[{"embeddable":true,"href":"https:\/\/www.henin-beaumont.fr\/site\/wp-json\/wp\/v2\/comments?post=795"}],"version-history":[{"count":2,"href":"https:\/\/www.henin-beaumont.fr\/site\/wp-json\/wp\/v2\/pages\/795\/revisions"}],"predecessor-version":[{"id":846,"href":"https:\/\/www.henin-beaumont.fr\/site\/wp-json\/wp\/v2\/pages\/795\/revisions\/846"}],"wp:attachment":[{"href":"https:\/\/www.henin-beaumont.fr\/site\/wp-json\/wp\/v2\/media?parent=795"}],"curies":[{"name":"wp","href":"https:\/\/api.w.org\/{rel}","templated":true}]}}