
{"id":7938,"date":"2021-09-08T11:03:26","date_gmt":"2021-09-08T09:03:26","guid":{"rendered":"http:\/\/www.henin-beaumont.fr\/site\/?page_id=7938"},"modified":"2023-08-24T09:57:53","modified_gmt":"2023-08-24T07:57:53","slug":"aides-au-logement","status":"publish","type":"page","link":"https:\/\/www.henin-beaumont.fr\/site\/aides-au-logement\/","title":{"rendered":"Aides au logement"},"content":{"rendered":"<p>&nbsp;<\/p>\n<p>&nbsp;<\/p>\n<p><img loading=\"lazy\" decoding=\"async\" class=\"alignnone wp-image-7951\" src=\"http:\/\/www.henin-beaumont.fr\/site\/wp-content\/uploads\/2021\/09\/Sans-titre-4-1.jpg\" alt=\"\" width=\"820\" height=\"141\" srcset=\"https:\/\/www.henin-beaumont.fr\/site\/wp-content\/uploads\/2021\/09\/Sans-titre-4-1.jpg 1000w, https:\/\/www.henin-beaumont.fr\/site\/wp-content\/uploads\/2021\/09\/Sans-titre-4-1-800x138.jpg 800w, https:\/\/www.henin-beaumont.fr\/site\/wp-content\/uploads\/2021\/09\/Sans-titre-4-1-768x132.jpg 768w, https:\/\/www.henin-beaumont.fr\/site\/wp-content\/uploads\/2021\/09\/Sans-titre-4-1-600x103.jpg 600w\" sizes=\"auto, (max-width: 820px) 100vw, 820px\" \/><\/p>\n<p><em><a href=\"https:\/\/www.visale.fr\/\"><span style=\"color: #3366ff;\">La garantie visale d&rsquo;Action Logement<\/span><\/a> est une caution locative pour aider les jeunes et certains travailleurs salari\u00e9s de plus de 30 ans \u00e0 int\u00e9grer un logement. Il s&rsquo;agit d&rsquo;une aide gagnant-gagnant entre le locataire et le propri\u00e9taire. En effet, cette aide permet d&rsquo;assurer au propri\u00e9taire bailleur qu&rsquo;il percevra ses loyers en cas d&rsquo;impay\u00e9s, ce que ne lui permet pas <a href=\"https:\/\/selectra.info\/assurance\/assurance-habitation\/proprietaire\"><span style=\"color: #3366ff;\">l&rsquo;assurance habitation propri\u00e9taire<\/span><\/a> par exemple.\u00a0De plus, les personnes titulaires d&rsquo;un bail mobilit\u00e9, c&rsquo;est-\u00e0-dire d&rsquo;un contrat allant de 1 \u00e0 10 mois, peuvent tout \u00e0 fait tester leur \u00e9ligibilit\u00e9 \u00e0 Visale.<\/em><\/p>\n<p>&nbsp;<\/p>\n<p style=\"margin: 0cm; text-align: justify;\"><b><span style=\"font-family: 'Arial',sans-serif; color: black;\">Des protections suppl\u00e9mentaires pour les b\u00e9n\u00e9ficiaires de l\u2019aide \u00e0 l\u2019\u00e9nergie<\/span><\/b><\/p>\n<p style=\"margin: 0cm; text-align: justify;\">\n<p style=\"margin: 0cm; text-align: justify;\"><span style=\"font-family: 'Arial',sans-serif; color: black;\">Les protections li\u00e9es \u00e0 l&rsquo;assistance \u00e9nerg\u00e9tique comprennent divers avantages pour les b\u00e9n\u00e9ficiaires. Ces derniers peuvent t\u00e9l\u00e9charger une <\/span><span style=\"font-family: 'Arial',sans-serif;\"><a style=\"text-decoration-line: none;\" href=\"https:\/\/chequeenergie.gouv.fr\/beneficiaire\/cheque\/declarer-attestation\" target=\"_blank\" rel=\"noopener\">attestation \u00e0 donner \u00e0 leur fournisseur<\/a><span style=\"color: black;\"> d&rsquo;\u00e9nergie, ce qui leur donne acc\u00e8s \u00e0 des protections suppl\u00e9mentaires. Par exemple, m\u00eame en cas de non-paiement, ils sont prot\u00e9g\u00e9s contre toute limitation de puissance pendant la p\u00e9riode hivernale et les p\u00e9nalit\u00e9s ou frais li\u00e9s aux retards de paiement sont r\u00e9duits. De plus, lors d&rsquo;un <\/span><a style=\"text-decoration-line: none;\" href=\"https:\/\/www.fournisseurs-electricite.com\/demenagement\/edf\/changement-adresse\" target=\"_blank\" rel=\"noopener\">changement d\u2019adresse<\/a><span style=\"color: black;\">, des frais de mise en service sont normalement appliqu\u00e9s \u00e0 tout nouveau contrat, ce qui n\u2019est pas le cas en pr\u00e9sence de cette attestation.\u00a0<\/span><\/span><\/p>\n<p style=\"margin: 0cm; text-align: justify;\"><span style=\"font-family: 'Arial',sans-serif;\"><br \/>\n<span style=\"color: black;\">Il est important de noter que l&rsquo;aide \u00e0 l&rsquo;\u00e9nergie n&rsquo;affecte pas le prix auquel les b\u00e9n\u00e9ficiaires paient leur \u00e9nergie. Par cons\u00e9quent, il est recommand\u00e9 de v\u00e9rifier r\u00e9guli\u00e8rement s&rsquo;il existe des offres plus avantageuses sur le march\u00e9. En r\u00e8gle g\u00e9n\u00e9rale, pour\u00a0<\/span><a style=\"text-decoration-line: none;\" href=\"https:\/\/www.kelwatt.fr\/comparateur\/quel-fournisseur-d-electricite-choisir\" target=\"_blank\" rel=\"noopener\">choisir son fournisseur d&rsquo;\u00e9lectricit\u00e9<\/a><span style=\"color: black;\">, on compare le prix du kWh, celui de l\u2019abonnement, l\u2019origine de l\u2019\u00e9nergie et le fait d\u2019avoir un service client t\u00e9l\u00e9phonique ou non.<\/span><\/span><\/p>\n","protected":false},"excerpt":{"rendered":"<p>&nbsp; &nbsp; La garantie visale d&rsquo;Action Logement est une caution locative pour aider les jeunes et certains travailleurs salari\u00e9s de plus de 30 ans \u00e0 int\u00e9grer un logement. Il s&rsquo;agit d&rsquo;une aide gagnant-gagnant entre le locataire et le propri\u00e9taire. En effet, cette aide permet d&rsquo;assurer au propri\u00e9taire bailleur qu&rsquo;il percevra ses loyers en cas d&rsquo;impay\u00e9s, [&hellip;]<\/p>\n","protected":false},"author":6,"featured_media":0,"parent":0,"menu_order":0,"comment_status":"closed","ping_status":"closed","template":"","meta":{"footnotes":""},"class_list":["post-7938","page","type-page","status-publish","hentry"],"_links":{"self":[{"href":"https:\/\/www.henin-beaumont.fr\/site\/wp-json\/wp\/v2\/pages\/7938","targetHints":{"allow":["GET"]}}],"collection":[{"href":"https:\/\/www.henin-beaumont.fr\/site\/wp-json\/wp\/v2\/pages"}],"about":[{"href":"https:\/\/www.henin-beaumont.fr\/site\/wp-json\/wp\/v2\/types\/page"}],"author":[{"embeddable":true,"href":"https:\/\/www.henin-beaumont.fr\/site\/wp-json\/wp\/v2\/users\/6"}],"replies":[{"embeddable":true,"href":"https:\/\/www.henin-beaumont.fr\/site\/wp-json\/wp\/v2\/comments?post=7938"}],"version-history":[{"count":12,"href":"https:\/\/www.henin-beaumont.fr\/site\/wp-json\/wp\/v2\/pages\/7938\/revisions"}],"predecessor-version":[{"id":9849,"href":"https:\/\/www.henin-beaumont.fr\/site\/wp-json\/wp\/v2\/pages\/7938\/revisions\/9849"}],"wp:attachment":[{"href":"https:\/\/www.henin-beaumont.fr\/site\/wp-json\/wp\/v2\/media?parent=7938"}],"curies":[{"name":"wp","href":"https:\/\/api.w.org\/{rel}","templated":true}]}}