
{"id":7842,"date":"2021-08-10T11:56:12","date_gmt":"2021-08-10T09:56:12","guid":{"rendered":"http:\/\/www.henin-beaumont.fr\/site\/?page_id=7842"},"modified":"2025-07-23T09:28:32","modified_gmt":"2025-07-23T07:28:32","slug":"candidature-animateurs","status":"publish","type":"page","link":"https:\/\/www.henin-beaumont.fr\/site\/candidature-animateurs\/","title":{"rendered":"Candidature animateurs"},"content":{"rendered":"<p>&nbsp;<\/p>\n<p><img loading=\"lazy\" decoding=\"async\" class=\" wp-image-11184\" src=\"https:\/\/www.henin-beaumont.fr\/site\/wp-content\/uploads\/2025\/07\/AdobeStock_600571424-1024x683.jpeg\" alt=\"\" width=\"725\" height=\"483\" srcset=\"https:\/\/www.henin-beaumont.fr\/site\/wp-content\/uploads\/2025\/07\/AdobeStock_600571424-1024x683.jpeg 1024w, https:\/\/www.henin-beaumont.fr\/site\/wp-content\/uploads\/2025\/07\/AdobeStock_600571424-800x533.jpeg 800w, https:\/\/www.henin-beaumont.fr\/site\/wp-content\/uploads\/2025\/07\/AdobeStock_600571424-768x512.jpeg 768w, https:\/\/www.henin-beaumont.fr\/site\/wp-content\/uploads\/2025\/07\/AdobeStock_600571424-600x400.jpeg 600w\" sizes=\"auto, (max-width: 725px) 100vw, 725px\" \/><\/p>\n<p>Vous souhaitez postuler en tant qu&rsquo;animateur dans les centres de loisirs de la ville d&rsquo;H\u00e9nin-Beaumont ?<\/p>\n<p>&nbsp;<\/p>\n<p>N&rsquo;h\u00e9sitez pas a remplir les documents ci-dessous .<\/p>\n<p>&nbsp;<\/p>\n<ul>\n<li><a href=\"https:\/\/www.henin-beaumont.fr\/site\/wp-content\/uploads\/2025\/07\/Dossier-Candidature-Animateurs-2025-2026.pdf\">Dossier de candidature<\/a><\/li>\n<li><a href=\"https:\/\/www.henin-beaumont.fr\/site\/wp-content\/uploads\/2025\/07\/Certificat-M\u00e9dical-Candidature-ALSH.pdf\">Certificat M\u00e9dical<\/a><\/li>\n<\/ul>\n","protected":false},"excerpt":{"rendered":"<p>&nbsp; Vous souhaitez postuler en tant qu&rsquo;animateur dans les centres de loisirs de la ville d&rsquo;H\u00e9nin-Beaumont ? &nbsp; N&rsquo;h\u00e9sitez pas a remplir les documents ci-dessous . &nbsp; Dossier de candidature Certificat M\u00e9dical<\/p>\n","protected":false},"author":6,"featured_media":0,"parent":0,"menu_order":0,"comment_status":"closed","ping_status":"closed","template":"","meta":{"footnotes":""},"class_list":["post-7842","page","type-page","status-publish","hentry"],"_links":{"self":[{"href":"https:\/\/www.henin-beaumont.fr\/site\/wp-json\/wp\/v2\/pages\/7842","targetHints":{"allow":["GET"]}}],"collection":[{"href":"https:\/\/www.henin-beaumont.fr\/site\/wp-json\/wp\/v2\/pages"}],"about":[{"href":"https:\/\/www.henin-beaumont.fr\/site\/wp-json\/wp\/v2\/types\/page"}],"author":[{"embeddable":true,"href":"https:\/\/www.henin-beaumont.fr\/site\/wp-json\/wp\/v2\/users\/6"}],"replies":[{"embeddable":true,"href":"https:\/\/www.henin-beaumont.fr\/site\/wp-json\/wp\/v2\/comments?post=7842"}],"version-history":[{"count":11,"href":"https:\/\/www.henin-beaumont.fr\/site\/wp-json\/wp\/v2\/pages\/7842\/revisions"}],"predecessor-version":[{"id":11187,"href":"https:\/\/www.henin-beaumont.fr\/site\/wp-json\/wp\/v2\/pages\/7842\/revisions\/11187"}],"wp:attachment":[{"href":"https:\/\/www.henin-beaumont.fr\/site\/wp-json\/wp\/v2\/media?parent=7842"}],"curies":[{"name":"wp","href":"https:\/\/api.w.org\/{rel}","templated":true}]}}