
{"id":713,"date":"2015-03-25T13:45:26","date_gmt":"2015-03-25T13:45:26","guid":{"rendered":"http:\/\/henin-beaumont.fr\/site\/?page_id=713"},"modified":"2019-09-06T12:16:42","modified_gmt":"2019-09-06T10:16:42","slug":"aah","status":"publish","type":"page","link":"https:\/\/www.henin-beaumont.fr\/site\/aah\/","title":{"rendered":"Aides sociales l\u00e9gales"},"content":{"rendered":"<div class=\"contenu\">\n<h1><img loading=\"lazy\" decoding=\"async\" class=\"alignnone size-full wp-image-6042\" src=\"http:\/\/www.henin-beaumont.fr\/site\/wp-content\/uploads\/2019\/09\/titre-1.png\" alt=\"\" width=\"386\" height=\"136\" \/><\/h1>\n<h3><span style=\"color: #000000;\">L&rsquo;AAH, ALLOCATION ADULTE HANDICAPE<\/span><\/h3>\n<p class=\" text-LEFT\"><strong>Conditions d&rsquo;attribution :<\/strong><\/p>\n<ul>\n<li>Avoir au moins 20 ans, 16 ans sous certaines conditions<\/li>\n<li>Avoir une incapacit\u00e9 permanente au moins \u00e9gal \u00e0 80 %<\/li>\n<li>Avoir une incapacit\u00e9 comprise entre 50 et 79 % et \u00eatre reconnu(e) dans l&rsquo;impossibilit\u00e9 de travailler par la Maison d\u00e9partementale des personnes handicap\u00e9es (<acronym title=\"Maison D\u00e9partementale des Personnes Handicap\u00e9es\">mdph<\/acronym>)<\/li>\n<li>Ne pas recevoir de pension (vieillesse, invalidit\u00e9) ou rente d&rsquo;accident du travail sup\u00e9rieure ou \u00e9gale \u00e0 860 euros par mois<\/li>\n<li>Si vous ne travaillez pas, vos revenus 2017 ne doivent pas d\u00e9passer 10 320 euros (si vous vivez seul(e)) ou 19 504.80 euros (si vous vivez en couple), ces montants sont major\u00e9s de 5 160 euros par enfant \u00e0 charge<\/li>\n<\/ul>\n<p>&nbsp;<\/p>\n<p class=\" text-LEFT\"><strong>Formalit\u00e9s \u00e0 remplir <\/strong><\/p>\n<p class=\" text-LEFT\">Vous pouvez retirer les imprim\u00e9s au <acronym title=\"Centre Communal d'Action Sociale\">CCAS<\/acronym> &#8211; 143 Avenue des Fusill\u00e9s, 62110 H\u00e9nin-Beaumont &#8211; Ce dossier accompagn\u00e9 d&rsquo;un certificat m\u00e9dical sera \u00e0 transmettre \u00e0 :<\/p>\n<p>&nbsp;<\/p>\n<p class=\" text-LEFT\" style=\"text-align: center;\"><strong><acronym title=\"Maison D\u00e9partementale des Personnes Handicap\u00e9es\">MDPH<\/acronym> Section 62<\/strong><\/p>\n<p class=\" text-JUSTIFY\" style=\"text-align: center;\">Parc d&rsquo;activit\u00e9 des bonnettes<\/p>\n<p class=\" text-JUSTIFY\" style=\"text-align: center;\">9, rue Willy Brandt<\/p>\n<p class=\" text-JUSTIFY\" style=\"text-align: center;\">BP 90266<\/p>\n<p class=\" text-JUSTIFY\" style=\"text-align: center;\">62005 Arras Cedex<\/p>\n<\/div>\n<p>&nbsp;<\/p>\n<p>&nbsp;<\/p>\n","protected":false},"excerpt":{"rendered":"<p>L&rsquo;AAH, ALLOCATION ADULTE HANDICAPE Conditions d&rsquo;attribution : Avoir au moins 20 ans, 16 ans sous certaines conditions Avoir une incapacit\u00e9 permanente au moins \u00e9gal \u00e0 80 % Avoir une incapacit\u00e9 comprise entre 50 et 79 % et \u00eatre reconnu(e) dans l&rsquo;impossibilit\u00e9 de travailler par la Maison d\u00e9partementale des personnes handicap\u00e9es (mdph) Ne pas recevoir de [&hellip;]<\/p>\n","protected":false},"author":1,"featured_media":0,"parent":0,"menu_order":0,"comment_status":"closed","ping_status":"closed","template":"template-mairie.php","meta":{"footnotes":""},"class_list":["post-713","page","type-page","status-publish","hentry"],"_links":{"self":[{"href":"https:\/\/www.henin-beaumont.fr\/site\/wp-json\/wp\/v2\/pages\/713","targetHints":{"allow":["GET"]}}],"collection":[{"href":"https:\/\/www.henin-beaumont.fr\/site\/wp-json\/wp\/v2\/pages"}],"about":[{"href":"https:\/\/www.henin-beaumont.fr\/site\/wp-json\/wp\/v2\/types\/page"}],"author":[{"embeddable":true,"href":"https:\/\/www.henin-beaumont.fr\/site\/wp-json\/wp\/v2\/users\/1"}],"replies":[{"embeddable":true,"href":"https:\/\/www.henin-beaumont.fr\/site\/wp-json\/wp\/v2\/comments?post=713"}],"version-history":[{"count":6,"href":"https:\/\/www.henin-beaumont.fr\/site\/wp-json\/wp\/v2\/pages\/713\/revisions"}],"predecessor-version":[{"id":6044,"href":"https:\/\/www.henin-beaumont.fr\/site\/wp-json\/wp\/v2\/pages\/713\/revisions\/6044"}],"wp:attachment":[{"href":"https:\/\/www.henin-beaumont.fr\/site\/wp-json\/wp\/v2\/media?parent=713"}],"curies":[{"name":"wp","href":"https:\/\/api.w.org\/{rel}","templated":true}]}}