
{"id":706,"date":"2015-03-25T13:32:02","date_gmt":"2015-03-25T13:32:02","guid":{"rendered":"http:\/\/henin-beaumont.fr\/site\/?page_id=706"},"modified":"2015-03-25T13:32:02","modified_gmt":"2015-03-25T13:32:02","slug":"le-rsa","status":"publish","type":"page","link":"https:\/\/www.henin-beaumont.fr\/site\/le-rsa\/","title":{"rendered":"Le RSA"},"content":{"rendered":"<h1><img loading=\"lazy\" decoding=\"async\" class=\"alignnone size-full wp-image-697\" src=\"http:\/\/henin-beaumont.fr\/site\/wp-content\/uploads\/2015\/03\/asl.png\" alt=\"asl\" width=\"687\" height=\"229\" srcset=\"https:\/\/www.henin-beaumont.fr\/site\/wp-content\/uploads\/2015\/03\/asl.png 687w, https:\/\/www.henin-beaumont.fr\/site\/wp-content\/uploads\/2015\/03\/asl-200x67.png 200w\" sizes=\"auto, (max-width: 687px) 100vw, 687px\" \/><\/h1>\n<h1>Le RSA, Revenu de Solidarit\u00e9 Active<\/h1>\n<p>Le revenu de Solidarit\u00e9 Active remplace le Revenu Minimum d&rsquo;Insertion (RMI) et l&rsquo;allocation de parent isol\u00e9. Il est \u00e9galement vers\u00e9 \u00e0 des personnes qui travaillent d\u00e9j\u00e0 et dont les revenus sont faibles.<\/p>\n<p>Son montant d\u00e9pend \u00e0 la fois de la situation familiale, des revenus du travail, du montant des ressources (prestations familiales, pensions alimentaires, indemnit\u00e9s P\u00f4le Emploi&#8230;), de la situation en mati\u00e8re de logement. Le rsa sera r\u00e9duit d&rsquo;un montant forfaitaire en cas de versement d&rsquo;une aide personnelle au logement, d&rsquo;absences de charges de logement ou d&rsquo;h\u00e9bergement.<\/p>\n<p>Il repose sur le respect des droits et devoirs dans une dynamique vers l&#8217;emploi.<\/p>\n<h2>Qui peut en b\u00e9n\u00e9ficier ?<\/h2>\n<p>Les personnes de plus de 25 ans ou celles de moins de 25 ans ayant un ou plusieurs enfants n\u00e9s ou \u00e0 na\u00eetre. Les jeunes de moins de 25 ans sans enfant sous certaines conditions.<\/p>\n<h2>Conditions<\/h2>\n<h3><strong>Heures de travail<\/strong><\/h3>\n<p>Il est n\u00e9cessaire d&rsquo;avoir travaill\u00e9 pendant deux ans les trois derni\u00e8res ann\u00e9es soit 3214 heures comptabilis\u00e9es sur les trois ann\u00e9es pr\u00e9c\u00e9dant la demande de rsa .<\/p>\n<p>Les p\u00e9riodes de ch\u00f4mage sont prises en compte dans la limite de six mois et prolongent la dur\u00e9e examin\u00e9e \u00e0 3 ans et six mois.<\/p>\n<h3>Documents justificatifs<\/h3>\n<h4><em>Dans tous les cas<\/em><\/h4>\n<ul>\n<li>un rib<\/li>\n<li>des justificatifs de revenus des revenus des trois derniers mois<\/li>\n<\/ul>\n<h4><em>En fonction de votre situation <\/em><\/h4>\n<ul>\n<li>si vous \u00eates ressortissant europ\u00e9en\n<ul>\n<li>carte d&rsquo;identit\u00e9, passeport ou livret de famille mis \u00e0 jour<\/li>\n<\/ul>\n<\/li>\n<li>si vous \u00eates non ressortissant europ\u00e9en\n<ul>\n<li>titre de s\u00e9jour (si le titre n&rsquo;est valable qu&rsquo;un an, joignez une attestation de la pr\u00e9fecture indiquant que vous \u00eates autoris\u00e9s \u00e0 travailler depuis 5 ans, ou \u00e0 d\u00e9faut joignez vos 5 derniers titres de s\u00e9jour, + titre de s\u00e9jour des enfants et conjoint.<\/li>\n<\/ul>\n<\/li>\n<li>si vous avez des enfants \u00e0 charge\n<ul>\n<li>livret de famille ou livret de famille du concubin, ou autre pi\u00e8ce justifiant l&rsquo;\u00e9tat civil des enfants<\/li>\n<\/ul>\n<\/li>\n<li>si vous \u00eates travailleur saisonnier ou intermittent :\n<ul>\n<li>d\u00e9claration de revenus de l&rsquo;ann\u00e9e civile pr\u00e9c\u00e9dant la demande<\/li>\n<\/ul>\n<\/li>\n<li>si vous exercez une activit\u00e9 non salari\u00e9e\n<ul>\n<li>le formulaire compl\u00e9mentaire de travailleur ind\u00e9pendant ou exploitant agricole fourni par le ccas<\/li>\n<li>les d\u00e9clarations de revenus des deux derni\u00e8res ann\u00e9es<\/li>\n<li>l&rsquo;inscription ou la radiation du registre des m\u00e9tiers ou du registre du commerce<\/li>\n<\/ul>\n<\/li>\n<li>si vous poss\u00e9dez une terrain, un logement non lou\u00e9, autre que votre logement actuel\n<ul>\n<li>le dernier avis de taxe fonci\u00e8re<\/li>\n<\/ul>\n<\/li>\n<li>si vous touchez une pension de vieillesse, d&rsquo;invalidit\u00e9 ou rente accident de travaillent\n<ul>\n<li>la derni\u00e8re attestation de paiement<\/li>\n<\/ul>\n<\/li>\n<\/ul>\n<h3>Pour les moins de 25 ans<\/h3>\n<ul>\n<li>exer\u00e7ant une activit\u00e9 non salari\u00e9e :\n<ul>\n<li>le chiffre d&rsquo;affaires des deux ans d&rsquo;activit\u00e9 doit \u00eatre au moins \u00e9gal \u00e0 : 20 779 \u20ac (plafond 2013) &#8211; 20 421\u20ac (plafond 2012) &#8211; 20 080\u20ac (plafond 2011)<\/li>\n<li>fournir l&rsquo;immatriculation au registre du commerce, les documents comptables ou fiscaux&#8230;<\/li>\n<\/ul>\n<\/li>\n<li>exer\u00e7ant une activit\u00e9 salari\u00e9e :\n<ul>\n<li>fournir les fiches de paie, attestations employeur, contrats de travail<\/li>\n<\/ul>\n<\/li>\n<\/ul>\n<p><strong>Pour la constitution du dossier<\/strong><\/p>\n<p>Prendre rendez-vous au ccas , rue de Conchali ou t\u00e9l\u00e9phoner au 03 21 77 35 56 ou au 03 21 77 35 57<\/p>\n<p>R\u00e9f\u00e9rents : Mme Lasri et Mme Chevalier<img loading=\"lazy\" decoding=\"async\" class=\"alignnone size-full wp-image-697\" src=\"http:\/\/henin-beaumont.fr\/site\/wp-content\/uploads\/2015\/03\/asl.png\" alt=\"asl\" width=\"687\" height=\"229\" srcset=\"https:\/\/www.henin-beaumont.fr\/site\/wp-content\/uploads\/2015\/03\/asl.png 687w, https:\/\/www.henin-beaumont.fr\/site\/wp-content\/uploads\/2015\/03\/asl-200x67.png 200w\" sizes=\"auto, (max-width: 687px) 100vw, 687px\" \/><\/p>\n","protected":false},"excerpt":{"rendered":"<p>Le RSA, Revenu de Solidarit\u00e9 Active Le revenu de Solidarit\u00e9 Active remplace le Revenu Minimum d&rsquo;Insertion (RMI) et l&rsquo;allocation de parent isol\u00e9. Il est \u00e9galement vers\u00e9 \u00e0 des personnes qui travaillent d\u00e9j\u00e0 et dont les revenus sont faibles. Son montant d\u00e9pend \u00e0 la fois de la situation familiale, des revenus du travail, du montant des [&hellip;]<\/p>\n","protected":false},"author":1,"featured_media":0,"parent":0,"menu_order":0,"comment_status":"closed","ping_status":"closed","template":"template-mairie.php","meta":{"footnotes":""},"class_list":["post-706","page","type-page","status-publish","hentry"],"_links":{"self":[{"href":"https:\/\/www.henin-beaumont.fr\/site\/wp-json\/wp\/v2\/pages\/706","targetHints":{"allow":["GET"]}}],"collection":[{"href":"https:\/\/www.henin-beaumont.fr\/site\/wp-json\/wp\/v2\/pages"}],"about":[{"href":"https:\/\/www.henin-beaumont.fr\/site\/wp-json\/wp\/v2\/types\/page"}],"author":[{"embeddable":true,"href":"https:\/\/www.henin-beaumont.fr\/site\/wp-json\/wp\/v2\/users\/1"}],"replies":[{"embeddable":true,"href":"https:\/\/www.henin-beaumont.fr\/site\/wp-json\/wp\/v2\/comments?post=706"}],"version-history":[{"count":1,"href":"https:\/\/www.henin-beaumont.fr\/site\/wp-json\/wp\/v2\/pages\/706\/revisions"}],"predecessor-version":[{"id":707,"href":"https:\/\/www.henin-beaumont.fr\/site\/wp-json\/wp\/v2\/pages\/706\/revisions\/707"}],"wp:attachment":[{"href":"https:\/\/www.henin-beaumont.fr\/site\/wp-json\/wp\/v2\/media?parent=706"}],"curies":[{"name":"wp","href":"https:\/\/api.w.org\/{rel}","templated":true}]}}