
{"id":700,"date":"2015-03-25T13:29:06","date_gmt":"2015-03-25T13:29:06","guid":{"rendered":"http:\/\/henin-beaumont.fr\/site\/?page_id=700"},"modified":"2022-07-21T09:11:37","modified_gmt":"2022-07-21T07:11:37","slug":"carte-invalidite","status":"publish","type":"page","link":"https:\/\/www.henin-beaumont.fr\/site\/carte-invalidite\/","title":{"rendered":"Carte mobilit\u00e9 inclusion"},"content":{"rendered":"<h1><img loading=\"lazy\" decoding=\"async\" class=\"alignnone size-full wp-image-697\" src=\"http:\/\/henin-beaumont.fr\/site\/wp-content\/uploads\/2015\/03\/asl.png\" alt=\"asl\" width=\"687\" height=\"229\" srcset=\"https:\/\/www.henin-beaumont.fr\/site\/wp-content\/uploads\/2015\/03\/asl.png 687w, https:\/\/www.henin-beaumont.fr\/site\/wp-content\/uploads\/2015\/03\/asl-200x67.png 200w\" sizes=\"auto, (max-width: 687px) 100vw, 687px\" \/><\/h1>\n<h1>Carte mobilit\u00e9 inclusion<\/h1>\n<p>&nbsp;<\/p>\n<p>La Carte mobilit\u00e9 inclusion permet de b\u00e9n\u00e9ficier d&rsquo;une priorit\u00e9 d&rsquo;acc\u00e8s aux places assises des transports en commun et dans les files d\u2019attente.<\/p>\n<p>&nbsp;<\/p>\n<p>La carte peut \u00eatre accompagn\u00e9e de deux mentions\u00a0 : \u00ab priorit\u00e9 \u00bb ou \u00ab invalidit\u00e9 \u00bb.<\/p>\n<p>&nbsp;<\/p>\n<p>La carte mobilit\u00e9 inclusion mention priorit\u00e9 permet d&rsquo;obtenir une priorit\u00e9 d&rsquo;acc\u00e8s aux places assisses dans les transports en communs, les espaces et salles d&rsquo;attente aussi que dans les \u00e9tablissements et les manifestations accueillant du public. Elle permet \u00e9galement d&rsquo;obtenir une priorit\u00e9 dans les salles d&rsquo;attente.<\/p>\n<p>Peut \u00eatre attribu\u00e9e si le taux d&rsquo;incapacit\u00e9 est inf\u00e9rieur \u00e0 80% (taux d\u00e9termin\u00e9 par la MDPH) et si la station debout est consid\u00e9r\u00e9 comme p\u00e9nible.<\/p>\n<p>&nbsp;<\/p>\n<p>La carte mobilit\u00e9 inclusion mention invalidit\u00e9 permet \u00e9galement de b\u00e9n\u00e9ficier des dispositions qui peuvent \u00eatre prises en en faveur des personnes handicap\u00e9es en mati\u00e8re de circulation et stationnement mais aussi de b\u00e9n\u00e9ficier de dispositions fiscales et tarifaires. (contrairement \u00e0 la carte priorit\u00e9 seule) Peut \u00eatre attribu\u00e9e si le taux d&rsquo;incapacit\u00e9 est sup\u00e9rieur ou \u00e9gale \u00e0 80% (taux d\u00e9termin\u00e9 par la MDPH)\u00a0 ou b\u00e9n\u00e9ficiant d&rsquo;une pension d&rsquo;invalidit\u00e9 de 3eme cat\u00e9gorie.<\/p>\n<p>Elle peut comporter deux sous mentions : besoin d&rsquo;accompagnement et besoin d&rsquo;accompagnement c\u00e9cit\u00e9.<\/p>\n<p>&nbsp;<\/p>\n<p>La carte mobilit\u00e9 inclusion mention stationnement peut \u00e9galement \u00eatre demand\u00e9 pour permettre d&rsquo;acc\u00e9der aux places r\u00e9serv\u00e9es ou sp\u00e9cialement am\u00e9nag\u00e9es pour les personnes handicap\u00e9es.<\/p>\n<p>Peut \u00eatre attribu\u00e9e si le taux d&rsquo;incapacit\u00e9 est inf\u00e9rieur \u00e0 80% (taux d\u00e9termin\u00e9 par la MDPH)<\/p>\n<p>&nbsp;<\/p>\n<p>Vous pouvez retirer un formulaire de demande en ligne ou aupr\u00e8s de la MDPH situ\u00e9 au 9 rue Willy brandt 62000 ARRAS, joignable au 03 21 21 84 00.<\/p>\n<p>Le CCAS peut \u00e9galement vous d\u00e9livrer des dossiers \u00e0 l&rsquo;accueil et des professionnels se tiennent \u00e0 votre disposition pour l&rsquo;instruction du dossier.<\/p>\n","protected":false},"excerpt":{"rendered":"<p>Carte mobilit\u00e9 inclusion &nbsp; La Carte mobilit\u00e9 inclusion permet de b\u00e9n\u00e9ficier d&rsquo;une priorit\u00e9 d&rsquo;acc\u00e8s aux places assises des transports en commun et dans les files d\u2019attente. &nbsp; La carte peut \u00eatre accompagn\u00e9e de deux mentions\u00a0 : \u00ab priorit\u00e9 \u00bb ou \u00ab invalidit\u00e9 \u00bb. &nbsp; La carte mobilit\u00e9 inclusion mention priorit\u00e9 permet d&rsquo;obtenir une priorit\u00e9 d&rsquo;acc\u00e8s [&hellip;]<\/p>\n","protected":false},"author":1,"featured_media":0,"parent":0,"menu_order":0,"comment_status":"closed","ping_status":"closed","template":"template-mairie.php","meta":{"footnotes":""},"class_list":["post-700","page","type-page","status-publish","hentry"],"_links":{"self":[{"href":"https:\/\/www.henin-beaumont.fr\/site\/wp-json\/wp\/v2\/pages\/700","targetHints":{"allow":["GET"]}}],"collection":[{"href":"https:\/\/www.henin-beaumont.fr\/site\/wp-json\/wp\/v2\/pages"}],"about":[{"href":"https:\/\/www.henin-beaumont.fr\/site\/wp-json\/wp\/v2\/types\/page"}],"author":[{"embeddable":true,"href":"https:\/\/www.henin-beaumont.fr\/site\/wp-json\/wp\/v2\/users\/1"}],"replies":[{"embeddable":true,"href":"https:\/\/www.henin-beaumont.fr\/site\/wp-json\/wp\/v2\/comments?post=700"}],"version-history":[{"count":4,"href":"https:\/\/www.henin-beaumont.fr\/site\/wp-json\/wp\/v2\/pages\/700\/revisions"}],"predecessor-version":[{"id":8891,"href":"https:\/\/www.henin-beaumont.fr\/site\/wp-json\/wp\/v2\/pages\/700\/revisions\/8891"}],"wp:attachment":[{"href":"https:\/\/www.henin-beaumont.fr\/site\/wp-json\/wp\/v2\/media?parent=700"}],"curies":[{"name":"wp","href":"https:\/\/api.w.org\/{rel}","templated":true}]}}