
{"id":685,"date":"2015-03-25T12:25:21","date_gmt":"2015-03-25T12:25:21","guid":{"rendered":"http:\/\/henin-beaumont.fr\/site\/?page_id=685"},"modified":"2025-07-02T10:14:00","modified_gmt":"2025-07-02T08:14:00","slug":"cimetieres","status":"publish","type":"page","link":"https:\/\/www.henin-beaumont.fr\/site\/cimetieres\/","title":{"rendered":"Cimeti\u00e8res"},"content":{"rendered":"<p><img loading=\"lazy\" decoding=\"async\" class=\"aligncenter size-full wp-image-3617\" src=\"http:\/\/www.henin-beaumont.fr\/site\/wp-content\/uploads\/2015\/03\/CIME.png\" alt=\"CIME\" width=\"687\" height=\"159\" srcset=\"https:\/\/www.henin-beaumont.fr\/site\/wp-content\/uploads\/2015\/03\/CIME.png 687w, https:\/\/www.henin-beaumont.fr\/site\/wp-content\/uploads\/2015\/03\/CIME-600x139.png 600w\" sizes=\"auto, (max-width: 687px) 100vw, 687px\" \/><\/p>\n<p><img loading=\"lazy\" decoding=\"async\" class=\"alignnone wp-image-11114\" src=\"https:\/\/www.henin-beaumont.fr\/site\/wp-content\/uploads\/2025\/07\/DSC_4531-800x532.jpg\" alt=\"\" width=\"221\" height=\"147\" srcset=\"https:\/\/www.henin-beaumont.fr\/site\/wp-content\/uploads\/2025\/07\/DSC_4531-800x532.jpg 800w, https:\/\/www.henin-beaumont.fr\/site\/wp-content\/uploads\/2025\/07\/DSC_4531-768x511.jpg 768w, https:\/\/www.henin-beaumont.fr\/site\/wp-content\/uploads\/2025\/07\/DSC_4531-1024x681.jpg 1024w, https:\/\/www.henin-beaumont.fr\/site\/wp-content\/uploads\/2025\/07\/DSC_4531-600x399.jpg 600w\" sizes=\"auto, (max-width: 221px) 100vw, 221px\" \/>\u00a0<img loading=\"lazy\" decoding=\"async\" class=\"alignnone wp-image-11116\" src=\"https:\/\/www.henin-beaumont.fr\/site\/wp-content\/uploads\/2025\/07\/DSC_6647-800x532.jpg\" alt=\"\" width=\"220\" height=\"146\" srcset=\"https:\/\/www.henin-beaumont.fr\/site\/wp-content\/uploads\/2025\/07\/DSC_6647-800x532.jpg 800w, https:\/\/www.henin-beaumont.fr\/site\/wp-content\/uploads\/2025\/07\/DSC_6647-768x511.jpg 768w, https:\/\/www.henin-beaumont.fr\/site\/wp-content\/uploads\/2025\/07\/DSC_6647-1024x681.jpg 1024w, https:\/\/www.henin-beaumont.fr\/site\/wp-content\/uploads\/2025\/07\/DSC_6647-600x399.jpg 600w\" sizes=\"auto, (max-width: 220px) 100vw, 220px\" \/>\u00a0<img loading=\"lazy\" decoding=\"async\" class=\"alignnone wp-image-11117\" src=\"https:\/\/www.henin-beaumont.fr\/site\/wp-content\/uploads\/2025\/07\/DSC_6670-800x532.jpg\" alt=\"\" width=\"223\" height=\"148\" srcset=\"https:\/\/www.henin-beaumont.fr\/site\/wp-content\/uploads\/2025\/07\/DSC_6670-800x532.jpg 800w, https:\/\/www.henin-beaumont.fr\/site\/wp-content\/uploads\/2025\/07\/DSC_6670-768x511.jpg 768w, https:\/\/www.henin-beaumont.fr\/site\/wp-content\/uploads\/2025\/07\/DSC_6670-1024x681.jpg 1024w, https:\/\/www.henin-beaumont.fr\/site\/wp-content\/uploads\/2025\/07\/DSC_6670-600x399.jpg 600w\" sizes=\"auto, (max-width: 223px) 100vw, 223px\" \/><\/p>\n<p>La Ville d&rsquo;H\u00e9nin-Beaumont dispose de trois cimeti\u00e8res :<\/p>\n<p>\u2013 le cimeti\u00e8re Centre qui se situe au 338 rue de l\u2019\u00c9galit\u00e9 ;<br \/>\n\u2013 le cimeti\u00e8re Paysager dans la rue du docteur Laennec ;<br \/>\n\u2013 le cimeti\u00e8re de Beaumont, boulevard Eug\u00e8ne Thomas.<\/p>\n<p>Ces lieux de recueil sont ouverts au public selon les dates suivantes :<\/p>\n<ul>\n<li>du 2 novembre au 31 mars de 8 h \u00e0 18 h<\/li>\n<li>du 1er avril au 1er novembre\u00a0 de 8 h \u00e0 19 h<\/li>\n<\/ul>\n<p>Pour tout renseignement, vous avez la possibilit\u00e9 de prendre contact par t\u00e9l\u00e9phone au 03.21.49.74.39 \/ 03.21.76.09.10 \/ 06.25.40.42.50 ou 06.46.61.67.40<br \/>\nLes agents sont disponibles du lundi au vendredi de 8 h 30 \u00e0 12h et de 13 h 30 \u00e0 17 h 15, bureau du cimeti\u00e8re paysager &#8211; rue du Docteur Laennec<\/p>\n<p><a href=\"http:\/\/www.henin-beaumont.fr\/site\/wp-content\/uploads\/2022\/11\/Dossier-r\u00e9glement-des-cimeti\u00e8res.pdf\"><img loading=\"lazy\" decoding=\"async\" class=\"alignnone wp-image-8977\" src=\"http:\/\/www.henin-beaumont.fr\/site\/wp-content\/uploads\/2022\/10\/Sans-titre-1-800x161.png\" alt=\"\" width=\"626\" height=\"126\" srcset=\"https:\/\/www.henin-beaumont.fr\/site\/wp-content\/uploads\/2022\/10\/Sans-titre-1-800x161.png 800w, https:\/\/www.henin-beaumont.fr\/site\/wp-content\/uploads\/2022\/10\/Sans-titre-1-768x155.png 768w, https:\/\/www.henin-beaumont.fr\/site\/wp-content\/uploads\/2022\/10\/Sans-titre-1-1024x207.png 1024w, https:\/\/www.henin-beaumont.fr\/site\/wp-content\/uploads\/2022\/10\/Sans-titre-1-600x121.png 600w, https:\/\/www.henin-beaumont.fr\/site\/wp-content\/uploads\/2022\/10\/Sans-titre-1.png 1175w\" sizes=\"auto, (max-width: 626px) 100vw, 626px\" \/><\/a><\/p>\n","protected":false},"excerpt":{"rendered":"<p>\u00a0\u00a0 La Ville d&rsquo;H\u00e9nin-Beaumont dispose de trois cimeti\u00e8res : \u2013 le cimeti\u00e8re Centre qui se situe au 338 rue de l\u2019\u00c9galit\u00e9 ; \u2013 le cimeti\u00e8re Paysager dans la rue du docteur Laennec ; \u2013 le cimeti\u00e8re de Beaumont, boulevard Eug\u00e8ne Thomas. Ces lieux de recueil sont ouverts au public selon les dates suivantes : du [&hellip;]<\/p>\n","protected":false},"author":1,"featured_media":0,"parent":0,"menu_order":0,"comment_status":"closed","ping_status":"closed","template":"template-mairie.php","meta":{"footnotes":""},"class_list":["post-685","page","type-page","status-publish","hentry"],"_links":{"self":[{"href":"https:\/\/www.henin-beaumont.fr\/site\/wp-json\/wp\/v2\/pages\/685","targetHints":{"allow":["GET"]}}],"collection":[{"href":"https:\/\/www.henin-beaumont.fr\/site\/wp-json\/wp\/v2\/pages"}],"about":[{"href":"https:\/\/www.henin-beaumont.fr\/site\/wp-json\/wp\/v2\/types\/page"}],"author":[{"embeddable":true,"href":"https:\/\/www.henin-beaumont.fr\/site\/wp-json\/wp\/v2\/users\/1"}],"replies":[{"embeddable":true,"href":"https:\/\/www.henin-beaumont.fr\/site\/wp-json\/wp\/v2\/comments?post=685"}],"version-history":[{"count":21,"href":"https:\/\/www.henin-beaumont.fr\/site\/wp-json\/wp\/v2\/pages\/685\/revisions"}],"predecessor-version":[{"id":11124,"href":"https:\/\/www.henin-beaumont.fr\/site\/wp-json\/wp\/v2\/pages\/685\/revisions\/11124"}],"wp:attachment":[{"href":"https:\/\/www.henin-beaumont.fr\/site\/wp-json\/wp\/v2\/media?parent=685"}],"curies":[{"name":"wp","href":"https:\/\/api.w.org\/{rel}","templated":true}]}}