
{"id":652,"date":"2015-03-24T07:18:00","date_gmt":"2015-03-24T07:18:00","guid":{"rendered":"http:\/\/henin-beaumont.fr\/site\/?page_id=652"},"modified":"2026-05-04T09:29:56","modified_gmt":"2026-05-04T07:29:56","slug":"budget","status":"publish","type":"page","link":"https:\/\/www.henin-beaumont.fr\/site\/budget\/","title":{"rendered":"budget"},"content":{"rendered":"<p><img loading=\"lazy\" decoding=\"async\" class=\"aligncenter size-full wp-image-3625\" src=\"http:\/\/www.henin-beaumont.fr\/site\/wp-content\/uploads\/2015\/03\/BUDGET.png\" alt=\"BUDGET\" width=\"687\" height=\"159\" srcset=\"https:\/\/www.henin-beaumont.fr\/site\/wp-content\/uploads\/2015\/03\/BUDGET.png 687w, https:\/\/www.henin-beaumont.fr\/site\/wp-content\/uploads\/2015\/03\/BUDGET-600x139.png 600w\" sizes=\"auto, (max-width: 687px) 100vw, 687px\" \/><\/p>\n<h1><span style=\"text-decoration: underline;\"><strong>Documents relatifs au budget de la ville :<\/strong><\/span><\/h1>\n<p><a href=\"https:\/\/www.henin-beaumont.fr\/site\/wp-content\/uploads\/2026\/05\/BP26.pdf\">Budget primitif 2026<\/a><\/p>\n<p><a href=\"https:\/\/www.henin-beaumont.fr\/site\/wp-content\/uploads\/2026\/05\/Note_de_presentation_BP26.pdf\">Note de pr\u00e9sentation du budget primitif 2026<\/a><\/p>\n<p><a href=\"https:\/\/www.henin-beaumont.fr\/site\/wp-content\/uploads\/2026\/04\/ROB_2026.pdf\">Rapport d&rsquo;orientation budg\u00e9taire 2026<\/a><\/p>\n<p><a href=\"https:\/\/www.henin-beaumont.fr\/site\/wp-content\/uploads\/2026\/04\/CA_2025.pdf\">Compte administratif 2025<\/a><\/p>\n<p><a href=\"https:\/\/www.henin-beaumont.fr\/site\/wp-content\/uploads\/2026\/04\/Compte_de_gestion_2025.pdf\">Compte de gestion 2025<\/a><\/p>\n<p><a href=\"https:\/\/www.henin-beaumont.fr\/site\/wp-content\/uploads\/2026\/04\/Note_de_presentation_du_CA_2025.pdf\">Note de pr\u00e9sentation du compte administratif 2025<\/a><\/p>\n<p><a href=\"https:\/\/www.henin-beaumont.fr\/site\/wp-content\/uploads\/2025\/05\/RAPPORT-D_ORIENTATION-BUDGETAIRE-2025.pdf\">Rapport d&rsquo;orientation budg\u00e9taire 2025<\/a><\/p>\n<p><a href=\"https:\/\/www.henin-beaumont.fr\/site\/wp-content\/uploads\/2025\/05\/NOTE-DE-PRESENTATION-DU-BUDGET-PRIMITIF-2025.pdf\">Note de pr\u00e9sentation budget primitif 2025<\/a><\/p>\n<p><a href=\"https:\/\/www.henin-beaumont.fr\/site\/wp-content\/uploads\/2025\/05\/BUDGET-PRIMITIF-2025.pdf\">Budget primitif 2025<\/a><\/p>\n<p><a href=\"https:\/\/www.henin-beaumont.fr\/site\/wp-content\/uploads\/2025\/05\/NOTE-DE-PRESENTATION-DU-COMPTE-ADMINISTRATIF-2024.pdf\">Note de pr\u00e9sentation du compte administratif 2024<\/a><\/p>\n<p><a href=\"https:\/\/www.henin-beaumont.fr\/site\/wp-content\/uploads\/2025\/02\/ROB_2024.pdf\">Rapport d&rsquo;orientation budg\u00e9taire 2024<\/a><\/p>\n<p><a href=\"https:\/\/www.henin-beaumont.fr\/site\/wp-content\/uploads\/2025\/02\/2024_Note-synth\u00e9tique_BP.pdf\">Note de pr\u00e9sentation du budget primitif 2024<\/a><\/p>\n<p><a href=\"https:\/\/www.henin-beaumont.fr\/site\/wp-content\/uploads\/2025\/05\/COMPTE-DE-GESTION-2024.pdf\">Compte de gestion 2024<\/a><\/p>\n<p><a href=\"https:\/\/www.henin-beaumont.fr\/site\/wp-content\/uploads\/2025\/05\/COMPTE-ADMINISTRATIF-2024.pdf\">Compte administratif 2024<\/a><\/p>\n<p><a href=\"https:\/\/www.henin-beaumont.fr\/site\/wp-content\/uploads\/2025\/02\/BP_2024.pdf\">Budget primitif 2024<\/a><\/p>\n<p><a href=\"https:\/\/www.henin-beaumont.fr\/site\/wp-content\/uploads\/2025\/02\/ROB_2023.pdf\">Rapport d&rsquo;orientation budg\u00e9taire 2023<\/a><\/p>\n<p><a href=\"https:\/\/www.henin-beaumont.fr\/site\/wp-content\/uploads\/2025\/02\/CA_2023.pdf\">Compte administratif 2023<\/a><\/p>\n<p><a href=\"https:\/\/www.henin-beaumont.fr\/site\/wp-content\/uploads\/2025\/02\/Compte_de_gestion_2023.pdf\">Compte de gestion 2023<\/a><\/p>\n<p><a href=\"https:\/\/www.henin-beaumont.fr\/site\/wp-content\/uploads\/2025\/02\/2023_Note-synth\u00e9tique_BP.pdf\">Note de pr\u00e9sentation du budget primitif 2023<\/a><\/p>\n<p><a href=\"https:\/\/www.henin-beaumont.fr\/site\/wp-content\/uploads\/2025\/02\/2023_Note-synth\u00e9tique_CA.pdf\">Note de pr\u00e9sentation du compte administratif 2023<\/a><\/p>\n<p><a href=\"https:\/\/www.henin-beaumont.fr\/site\/wp-content\/uploads\/2025\/02\/BP_2023.pdf\">Budget primitif 2023<\/a><\/p>\n<p><a href=\"https:\/\/www.henin-beaumont.fr\/site\/wp-content\/uploads\/2025\/02\/ROB_2022.pdf\">Rapport d&rsquo;orientation budg\u00e9taire 2022<\/a><\/p>\n<p><a href=\"https:\/\/www.henin-beaumont.fr\/site\/wp-content\/uploads\/2025\/02\/CA_2022.pdf\">Compte administratif 2022<\/a><\/p>\n<p><a href=\"https:\/\/www.henin-beaumont.fr\/site\/wp-content\/uploads\/2025\/02\/Compte_de_gestion_2022.pdf\">Compte de gestion 2022<\/a><\/p>\n<p><a href=\"https:\/\/www.henin-beaumont.fr\/site\/wp-content\/uploads\/2025\/02\/2022_Note-synth\u00e9tique_BP.pdf\">Note de pr\u00e9sentation du budget primitif 2022<\/a><\/p>\n<p><a href=\"https:\/\/www.henin-beaumont.fr\/site\/wp-content\/uploads\/2025\/02\/2022_Note-synth\u00e9tique_CA.pdf\">Note de pr\u00e9sentation du compte administratif 2022<\/a><\/p>\n<p><a href=\"https:\/\/www.henin-beaumont.fr\/site\/wp-content\/uploads\/2025\/02\/BP_2022.pdf\">Budget primitif 2022<\/a><\/p>\n<p><a href=\"https:\/\/www.henin-beaumont.fr\/site\/wp-content\/uploads\/2025\/02\/2021_Note-synth\u00e9tique_CA.pdf\">Note de pr\u00e9sentation du compte administratif 2021<\/a><\/p>\n<p><a href=\"http:\/\/www.henin-beaumont.fr\/site\/wp-content\/uploads\/2021\/04\/Note-de-Pr\u00e9sentation-jointe-au-CA2020-et-BP2021.pdf\">Note de pr\u00e9sentation jointe au CA2020 et BP2021<\/a><\/p>\n<p><a href=\"http:\/\/www.henin-beaumont.fr\/site\/wp-content\/uploads\/2021\/04\/COMPTE-ADMINISTRATIF-2020.pdf\">Note de synth\u00e8se du compte administratif 2020<\/a><\/p>\n<p><a href=\"http:\/\/www.henin-beaumont.fr\/site\/wp-content\/uploads\/2021\/04\/BUDGET-PRIMITIF-2021.pdf\">Note de synth\u00e8se du budget primitif 2021<\/a><\/p>\n<p><a href=\"http:\/\/www.henin-beaumont.fr\/site\/wp-content\/uploads\/2021\/04\/Rapport-dorientation-budg\u00e9taire-2021.pdf\">Rapport d&rsquo;orientation budg\u00e9taire 2021<\/a><\/p>\n<p><a href=\"https:\/\/www.henin-beaumont.fr\/site\/wp-content\/uploads\/2025\/02\/CA-2021.pdf\">Compte administratif 2021<\/a><\/p>\n<p style=\"text-align: left;\"><a href=\"https:\/\/www.henin-beaumont.fr\/site\/wp-content\/uploads\/2025\/02\/Compte_de_gestion_2021.pdf\">Compte de gestion 2021<\/a><\/p>\n<p><a href=\"http:\/\/www.henin-beaumont.fr\/site\/wp-content\/uploads\/2021\/04\/DCM_2021_052_ANNEXE.pdf\">Budget primitif 2021<\/a><\/p>\n<p><a href=\"http:\/\/www.henin-beaumont.fr\/site\/wp-content\/uploads\/2021\/04\/DCM_2021_050_ANNEXE.pdf\">Compte administratif 2020<\/a><\/p>\n<p><a href=\"http:\/\/www.henin-beaumont.fr\/site\/wp-content\/uploads\/2021\/04\/DCM_2021_049_ANNEXE.pdf\">Compte de gestion 2020<\/a><\/p>\n<p><a href=\"http:\/\/www.henin-beaumont.fr\/site\/wp-content\/uploads\/2021\/04\/DCM2020-035-ANNEXE-BP-2020.pdf\">Budget primitif 2020<\/a><\/p>\n<p><a href=\"http:\/\/www.henin-beaumont.fr\/site\/wp-content\/uploads\/2019\/05\/DCM2019-002-ANNEXE.pdf\">Rapport d&rsquo;orientation budg\u00e9taire 2019<\/a><\/p>\n<p><a href=\"http:\/\/www.henin-beaumont.fr\/site\/wp-content\/uploads\/2019\/05\/DCM2019-044-ANNEXE1-BP2019.pdf\">Budget primitif 2019 &#8211; partie 1<\/a><\/p>\n<p><a href=\"http:\/\/www.henin-beaumont.fr\/site\/wp-content\/uploads\/2019\/05\/DCM2019-044-ANNEXE2-BP2019.pdf\">Budget primitif 2019 &#8211; partie 2<\/a><\/p>\n<p><a href=\"http:\/\/www.henin-beaumont.fr\/site\/wp-content\/uploads\/2021\/04\/DCM2020-033-ANNEXE-CA-2019.pdf\">Compte administratif 2019<\/a><\/p>\n<p><a href=\"http:\/\/www.henin-beaumont.fr\/site\/wp-content\/uploads\/2018\/04\/DCM-2018-051-BP-2018.pdf\">Budget primitif 2018<\/a><\/p>\n<p><a href=\"http:\/\/www.henin-beaumont.fr\/site\/wp-content\/uploads\/2018\/04\/DCM-2018-051-ANNEXES-BP-2018.pdf\">Annexes budget primitif 2018<\/a><\/p>\n<p><a href=\"http:\/\/www.henin-beaumont.fr\/site\/wp-content\/uploads\/2019\/05\/DCM2019-041-ANNEXE-COMPTE-GESTION-2018.pdf\">Compte de gestion 2018<\/a><\/p>\n<p><a href=\"http:\/\/www.henin-beaumont.fr\/site\/wp-content\/uploads\/2019\/05\/CA-2018-1.pdf\">Compte administratif 2018 &#8211; partie 1<\/a><\/p>\n<p><a href=\"http:\/\/www.henin-beaumont.fr\/site\/wp-content\/uploads\/2019\/05\/CA-2018-2.pdf\">Compte administratif 2018 &#8211; partie 2<\/a><\/p>\n<p><a href=\"http:\/\/www.henin-beaumont.fr\/site\/wp-content\/uploads\/2018\/07\/DCM-2017-054-BUDGET-PRIMITIF-2017-1.pdf\">Budget primitif 2017<\/a><\/p>\n<p><a href=\"http:\/\/www.henin-beaumont.fr\/site\/wp-content\/uploads\/2018\/07\/DCM-2017-054-BUDGET-PRIMITIF-2017-ANNEXE-1.pdf\">Annexes budget primitif 2017<\/a><\/p>\n<p><a href=\"http:\/\/www.henin-beaumont.fr\/site\/wp-content\/uploads\/2018\/04\/DCM-2018-048-COMPTE-DE-GESTION-2017-ANNEXE.pdf\">Compte de gestion\u00a02017<\/a><\/p>\n<p><a href=\"http:\/\/www.henin-beaumont.fr\/site\/wp-content\/uploads\/2018\/04\/note-de-pr\u00e9sentation-financi\u00e8re.pdf\">Note de pr\u00e9sentation financi\u00e8re<\/a><\/p>\n<p><a href=\"http:\/\/www.henin-beaumont.fr\/site\/wp-content\/uploads\/2018\/04\/DCM-2018-049-CA-2017.pdf\">Compte administratif 2017<\/a><\/p>\n<p><a href=\"http:\/\/www.henin-beaumont.fr\/site\/wp-content\/uploads\/2018\/04\/DCM-2018-049-ANNEXES-CA-2017.pdf\">Annexe du Compte administratif 2017<\/a><\/p>\n<p><a href=\"http:\/\/www.henin-beaumont.fr\/site\/wp-content\/uploads\/2018\/07\/VILLE-BUDGET-PRIMITIF-2016-1.pdf\" target=\"_blank\" rel=\"noopener\">Budget primitif 2016<\/a><\/p>\n<p><a href=\"http:\/\/www.henin-beaumont.fr\/site\/wp-content\/uploads\/2018\/07\/COMPTE-DE-GESTION-2016.pdf\">Compte de gestion 2016\u00a0<\/a><\/p>\n<p><a href=\"http:\/\/www.henin-beaumont.fr\/site\/wp-content\/uploads\/2018\/07\/COMPTE-DE-GESTION-2016-ANNEXE.pdf\">Annexes Compte de gestion<\/a><\/p>\n<p><a href=\"http:\/\/www.henin-beaumont.fr\/site\/wp-content\/uploads\/2018\/07\/COMPTE-ADMINISTRATIF-2016.pdf\">Compte administratif 2016<\/a><\/p>\n<p><a href=\"http:\/\/www.henin-beaumont.fr\/site\/wp-content\/uploads\/2018\/07\/COMPTE-ADMINISTRATIF-2016-ANNEXE-1.pdf\">Annexe 1\u00a0Compte administratif 2016<\/a><\/p>\n<p><a href=\"http:\/\/www.henin-beaumont.fr\/site\/wp-content\/uploads\/2018\/07\/COMPTE-ADMINISTRATIF-2016-ANNEXE-2.pdf\">Annexe 2 Compte administratif 2016<\/a><\/p>\n<p><a href=\"http:\/\/www.henin-beaumont.fr\/site\/wp-content\/uploads\/2018\/07\/BP-2015-I-rotated.pdf\">Budget primitif 2015<\/a><\/p>\n<p><a href=\"http:\/\/www.henin-beaumont.fr\/site\/wp-content\/uploads\/2018\/07\/COMPTE-DE-GESTION-VILLE-2015-1.pdf\">Compte de gestion 2015<\/a><\/p>\n<p><a href=\"http:\/\/www.henin-beaumont.fr\/site\/wp-content\/uploads\/2018\/07\/VILLE-COMPTE-ADMINISTRATIF-2015-1.pdf\">Compte administratif 2015<\/a><\/p>\n<div style=\"text-align: center;\">\n<div style=\"margin: 4px 0px 8px;\"><\/div>\n<\/div>\n","protected":false},"excerpt":{"rendered":"<p>Documents relatifs au budget de la ville : Budget primitif 2026 Note de pr\u00e9sentation du budget primitif 2026 Rapport d&rsquo;orientation budg\u00e9taire 2026 Compte administratif 2025 Compte de gestion 2025 Note de pr\u00e9sentation du compte administratif 2025 Rapport d&rsquo;orientation budg\u00e9taire 2025 Note de pr\u00e9sentation budget primitif 2025 Budget primitif 2025 Note de pr\u00e9sentation du compte administratif [&hellip;]<\/p>\n","protected":false},"author":1,"featured_media":0,"parent":0,"menu_order":0,"comment_status":"closed","ping_status":"closed","template":"template-mairie.php","meta":{"footnotes":""},"class_list":["post-652","page","type-page","status-publish","hentry"],"_links":{"self":[{"href":"https:\/\/www.henin-beaumont.fr\/site\/wp-json\/wp\/v2\/pages\/652","targetHints":{"allow":["GET"]}}],"collection":[{"href":"https:\/\/www.henin-beaumont.fr\/site\/wp-json\/wp\/v2\/pages"}],"about":[{"href":"https:\/\/www.henin-beaumont.fr\/site\/wp-json\/wp\/v2\/types\/page"}],"author":[{"embeddable":true,"href":"https:\/\/www.henin-beaumont.fr\/site\/wp-json\/wp\/v2\/users\/1"}],"replies":[{"embeddable":true,"href":"https:\/\/www.henin-beaumont.fr\/site\/wp-json\/wp\/v2\/comments?post=652"}],"version-history":[{"count":34,"href":"https:\/\/www.henin-beaumont.fr\/site\/wp-json\/wp\/v2\/pages\/652\/revisions"}],"predecessor-version":[{"id":11715,"href":"https:\/\/www.henin-beaumont.fr\/site\/wp-json\/wp\/v2\/pages\/652\/revisions\/11715"}],"wp:attachment":[{"href":"https:\/\/www.henin-beaumont.fr\/site\/wp-json\/wp\/v2\/media?parent=652"}],"curies":[{"name":"wp","href":"https:\/\/api.w.org\/{rel}","templated":true}]}}