
{"id":609,"date":"2015-03-23T13:46:16","date_gmt":"2015-03-23T13:46:16","guid":{"rendered":"http:\/\/henin-beaumont.fr\/site\/?page_id=609"},"modified":"2025-12-23T12:54:26","modified_gmt":"2025-12-23T10:54:26","slug":"609-2","status":"publish","type":"page","link":"https:\/\/www.henin-beaumont.fr\/site\/609-2\/","title":{"rendered":"Telechargements"},"content":{"rendered":"<p><img loading=\"lazy\" decoding=\"async\" class=\"aligncenter size-full wp-image-3687\" src=\"http:\/\/www.henin-beaumont.fr\/site\/wp-content\/uploads\/2015\/03\/documentatelecharger.png\" alt=\"documentatelecharger\" width=\"687\" height=\"159\" srcset=\"https:\/\/www.henin-beaumont.fr\/site\/wp-content\/uploads\/2015\/03\/documentatelecharger.png 687w, https:\/\/www.henin-beaumont.fr\/site\/wp-content\/uploads\/2015\/03\/documentatelecharger-600x139.png 600w\" sizes=\"auto, (max-width: 687px) 100vw, 687px\" \/><\/p>\n<p><img loading=\"lazy\" decoding=\"async\" class=\"alignnone size-full wp-image-4176 aligncenter\" src=\"http:\/\/www.henin-beaumont.fr\/site\/wp-content\/uploads\/2015\/03\/\u00e9tat-civil.jpg\" alt=\"\u00e9tat-civil\" width=\"778\" height=\"80\" srcset=\"https:\/\/www.henin-beaumont.fr\/site\/wp-content\/uploads\/2015\/03\/\u00e9tat-civil.jpg 778w, https:\/\/www.henin-beaumont.fr\/site\/wp-content\/uploads\/2015\/03\/\u00e9tat-civil-768x79.jpg 768w, https:\/\/www.henin-beaumont.fr\/site\/wp-content\/uploads\/2015\/03\/\u00e9tat-civil-600x62.jpg 600w\" sizes=\"auto, (max-width: 778px) 100vw, 778px\" \/><\/p>\n<p>Vous pouvez d\u00e8s maintenant t\u00e9l\u00e9charger ci-dessous le dossier complet du PACS :<\/p>\n<ul>\n<li><a href=\"http:\/\/www.henin-beaumont.fr\/site\/wp-content\/uploads\/2017\/10\/dossier-pacs.pdf\">Dossier PACS<\/a><\/li>\n<li><a href=\"http:\/\/www.henin-beaumont.fr\/site\/wp-content\/uploads\/2017\/10\/cerfa_15725-01.pdf\">Cerfa 15725-01<\/a><\/li>\n<li><a href=\"http:\/\/www.henin-beaumont.fr\/site\/wp-content\/uploads\/2017\/10\/cerfa_15726-01.pdf\">Cerfa 15726-01<\/a><\/li>\n<\/ul>\n<p><img loading=\"lazy\" decoding=\"async\" class=\"aligncenter wp-image-3689\" src=\"http:\/\/www.henin-beaumont.fr\/site\/wp-content\/uploads\/2015\/03\/associationsd.png\" alt=\"associationsd\" width=\"778\" height=\"80\" srcset=\"https:\/\/www.henin-beaumont.fr\/site\/wp-content\/uploads\/2015\/03\/associationsd.png 778w, https:\/\/www.henin-beaumont.fr\/site\/wp-content\/uploads\/2015\/03\/associationsd-768x79.png 768w, https:\/\/www.henin-beaumont.fr\/site\/wp-content\/uploads\/2015\/03\/associationsd-600x62.png 600w\" sizes=\"auto, (max-width: 778px) 100vw, 778px\" \/><\/p>\n<p>Dossier de demande de subvention :<\/p>\n<p>La date butoir pour le rendu des dossiers est le 30 novembre 2019<\/p>\n<p>Trouvez ci-dessous l&rsquo;ensemble des documents qui vous aideront \u00e0 r\u00e9aliser votre demande de subvention pour l&rsquo;ann\u00e9e 2019 :<!--more--><\/p>\n<p><a href=\"http:\/\/www.henin-beaumont.fr\/site\/wp-content\/uploads\/2019\/10\/LETTRE-DE-MONSIEUR-LE-MAIRE-AUX-ASSOCIATIONS.pdf\">Lettre de M. le Maire aux associations<\/a><\/p>\n<p><a href=\"http:\/\/www.henin-beaumont.fr\/site\/wp-content\/uploads\/2019\/10\/DOSSIER-DEMANDE-DE-SUBVENTION-CERFA-12156-05.pdf\">Dossier de demande de subvention<\/a><\/p>\n<p><a href=\"http:\/\/www.henin-beaumont.fr\/site\/wp-content\/uploads\/2019\/10\/NOTICE-DACCOMPAGNEMENT_51781_02.pdf\">Notice d&rsquo;accompagnement<\/a><\/p>\n<p><a href=\"http:\/\/www.henin-beaumont.fr\/site\/wp-content\/uploads\/2019\/10\/COMPTE-RENDU-FINANCIER.-CERFA-15059-1.pdf\">Compte rendu financier<\/a><\/p>\n<p><a href=\"http:\/\/www.henin-beaumont.fr\/site\/wp-content\/uploads\/2019\/10\/FICHE-INFORMATIONS-FINANCIERES-ET-COMPTABLE-.docx\">Fiche d&rsquo;informations financi\u00e8res et comptable<\/a><\/p>\n<p><a href=\"http:\/\/www.henin-beaumont.fr\/site\/wp-content\/uploads\/2019\/10\/LISTE-DES-PIECES-ET-INFORMATIONS-A-FOURNIR.docx\">Liste des pi\u00e8ces et informations \u00e0 fournir<\/a><\/p>\n<p><a href=\"http:\/\/www.henin-beaumont.fr\/site\/wp-content\/uploads\/2019\/10\/COMPTE-DE-RESULTAT-2019-VERSION-2019.xls\">Compte de r\u00e9sultat 2019<\/a><\/p>\n<p><a href=\"http:\/\/www.henin-beaumont.fr\/site\/wp-content\/uploads\/2019\/10\/COMPTE-BILAN-2019-VERSION-2019-2.xlsx\">Bilan 2019<\/a><\/p>\n<p><img loading=\"lazy\" decoding=\"async\" class=\"aligncenter size-full wp-image-3690\" src=\"http:\/\/www.henin-beaumont.fr\/site\/wp-content\/uploads\/2015\/03\/commercantsd.png\" alt=\"commercantsd\" width=\"778\" height=\"80\" srcset=\"https:\/\/www.henin-beaumont.fr\/site\/wp-content\/uploads\/2015\/03\/commercantsd.png 778w, https:\/\/www.henin-beaumont.fr\/site\/wp-content\/uploads\/2015\/03\/commercantsd-768x79.png 768w, https:\/\/www.henin-beaumont.fr\/site\/wp-content\/uploads\/2015\/03\/commercantsd-600x62.png 600w\" sizes=\"auto, (max-width: 778px) 100vw, 778px\" \/><\/p>\n<p><a href=\"http:\/\/henin-beaumont.fr\/site\/wp-content\/uploads\/2015\/03\/investisseur_heninbeaumont.pdf\" target=\"_blank\" rel=\"noopener\">&#8211; J&rsquo;installe mon entreprise \u00e0 H\u00e9nin-Beaumont<\/a><\/p>\n<p><img loading=\"lazy\" decoding=\"async\" class=\"aligncenter size-full wp-image-3691\" src=\"http:\/\/www.henin-beaumont.fr\/site\/wp-content\/uploads\/2015\/03\/jeunessed.png\" alt=\"jeunessed\" width=\"778\" height=\"80\" srcset=\"https:\/\/www.henin-beaumont.fr\/site\/wp-content\/uploads\/2015\/03\/jeunessed.png 778w, https:\/\/www.henin-beaumont.fr\/site\/wp-content\/uploads\/2015\/03\/jeunessed-768x79.png 768w, https:\/\/www.henin-beaumont.fr\/site\/wp-content\/uploads\/2015\/03\/jeunessed-600x62.png 600w\" sizes=\"auto, (max-width: 778px) 100vw, 778px\" \/><\/p>\n<ul>\n<li><a href=\"https:\/\/www.henin-beaumont.fr\/site\/wp-content\/uploads\/2025\/12\/DEROG-HENINOISES-2026-2027.pdf\">Demande de d\u00e9rogation \u00e0 la carte scolaire<\/a><span style=\"color: initial;\">&#8211; H\u00e9nin-Beaumont<\/span><\/li>\n<li><a href=\"https:\/\/www.henin-beaumont.fr\/site\/wp-content\/uploads\/2025\/12\/DEROGATION-EXTERIEURE-2026-2027.pdf\">Demande de d\u00e9rogation \u00e0 la carte scolaire<\/a> &#8211; ext\u00e9rieur<\/li>\n<li><a href=\"https:\/\/www.henin-beaumont.fr\/site\/wp-content\/uploads\/2025\/12\/FICHE-PRE-INSCRIPTION-TPS-RENTREE-2026-2027-RV.pdf\">Fiche de pr\u00e9-inscription scolaire<\/a><\/li>\n<li><a href=\"https:\/\/www.henin-beaumont.fr\/site\/wp-content\/uploads\/2025\/12\/FICHE-INSCRIPTION-RENTREE-2026-2027-RV.pdf\">Fiche d&rsquo;inscription scolaire<\/a><\/li>\n<\/ul>\n<p><img loading=\"lazy\" decoding=\"async\" class=\"aligncenter size-full wp-image-3692\" src=\"http:\/\/www.henin-beaumont.fr\/site\/wp-content\/uploads\/2015\/03\/urbanismed.png\" alt=\"urbanismed\" width=\"778\" height=\"80\" srcset=\"https:\/\/www.henin-beaumont.fr\/site\/wp-content\/uploads\/2015\/03\/urbanismed.png 778w, https:\/\/www.henin-beaumont.fr\/site\/wp-content\/uploads\/2015\/03\/urbanismed-768x79.png 768w, https:\/\/www.henin-beaumont.fr\/site\/wp-content\/uploads\/2015\/03\/urbanismed-600x62.png 600w\" sizes=\"auto, (max-width: 778px) 100vw, 778px\" \/><\/p>\n<p><a href=\"http:\/\/henin-beaumont.fr\/site\/wp-content\/uploads\/2015\/03\/cerfa_14799-01.pdf\" target=\"_blank\" rel=\"noopener\">&#8211; D\u00e9claration pr\u00e9alable d&rsquo;un dispositif ou d&rsquo;un mat\u00e9riel supportant de la publicit\u00e9 ou une pr\u00e9-enseigne (cerfa_14799-01)<\/a><\/p>\n<p><a href=\"http:\/\/henin-beaumont.fr\/site\/wp-content\/uploads\/2015\/03\/demande-dautorisation-pr\u00e9alable-dun-dispositif-ou-dun-mat\u00e9riel-supportant-de-la-publicit\u00e9-une-pr\u00e9enseigne-ou-une-enseigne.cerfa_.pdf\" target=\"_blank\" rel=\"noopener\">&#8211; Demande d&rsquo;autorisation pr\u00e9alable d&rsquo;un dispositif ou d&rsquo;un mat\u00e9riel supportant de la publicit\u00e9, une pr\u00e9-enseigne ou une enseigne<\/a><\/p>\n<p><img loading=\"lazy\" decoding=\"async\" class=\"aligncenter size-full wp-image-3693\" src=\"http:\/\/www.henin-beaumont.fr\/site\/wp-content\/uploads\/2015\/03\/policed.png\" alt=\"policed\" width=\"778\" height=\"80\" srcset=\"https:\/\/www.henin-beaumont.fr\/site\/wp-content\/uploads\/2015\/03\/policed.png 778w, https:\/\/www.henin-beaumont.fr\/site\/wp-content\/uploads\/2015\/03\/policed-768x79.png 768w, https:\/\/www.henin-beaumont.fr\/site\/wp-content\/uploads\/2015\/03\/policed-600x62.png 600w\" sizes=\"auto, (max-width: 778px) 100vw, 778px\" \/><\/p>\n<p><a href=\"http:\/\/www.henin-beaumont.fr\/site\/wp-content\/uploads\/2019\/05\/OTV.pdf\" target=\"_blank\" rel=\"noopener\">&#8211; Formulaire op\u00e9ration tranquillit\u00e9 vacances<\/a>\u00a0(op\u00e9ration mise en place du\u00a01<sup>er<\/sup> juin au 30 septembre inclus.)<\/p>\n<p><img loading=\"lazy\" decoding=\"async\" class=\"aligncenter size-full wp-image-3694\" src=\"http:\/\/www.henin-beaumont.fr\/site\/wp-content\/uploads\/2015\/03\/logementd.png\" alt=\"logementd\" width=\"778\" height=\"80\" srcset=\"https:\/\/www.henin-beaumont.fr\/site\/wp-content\/uploads\/2015\/03\/logementd.png 778w, https:\/\/www.henin-beaumont.fr\/site\/wp-content\/uploads\/2015\/03\/logementd-768x79.png 768w, https:\/\/www.henin-beaumont.fr\/site\/wp-content\/uploads\/2015\/03\/logementd-600x62.png 600w\" sizes=\"auto, (max-width: 778px) 100vw, 778px\" \/><\/p>\n<p><a href=\"http:\/\/henin-beaumont.fr\/site\/wp-content\/uploads\/2015\/03\/demande-de-logement-social-cerfa_14069-01.pdf\" target=\"_blank\" rel=\"noopener\">&#8211; Demande de logement social<\/a><\/p>\n<h3>FOYER PASTEUR<\/h3>\n<p><a href=\"http:\/\/henin-beaumont.fr\/site\/wp-content\/uploads\/2015\/03\/TARIFICATIONS-foyer-2015.pdf\">&#8211; Tarifs 2015 des prestations du Foyer Pasteur<br \/>\n<img loading=\"lazy\" decoding=\"async\" class=\"aligncenter size-full wp-image-3695\" src=\"http:\/\/www.henin-beaumont.fr\/site\/wp-content\/uploads\/2015\/03\/solidarited.png\" alt=\"solidarited\" width=\"778\" height=\"80\" srcset=\"https:\/\/www.henin-beaumont.fr\/site\/wp-content\/uploads\/2015\/03\/solidarited.png 778w, https:\/\/www.henin-beaumont.fr\/site\/wp-content\/uploads\/2015\/03\/solidarited-768x79.png 768w, https:\/\/www.henin-beaumont.fr\/site\/wp-content\/uploads\/2015\/03\/solidarited-600x62.png 600w\" sizes=\"auto, (max-width: 778px) 100vw, 778px\" \/> <\/a><\/p>\n<h3>CUCS<\/h3>\n<p><a href=\"http:\/\/henin-beaumont.fr\/site\/wp-content\/uploads\/2015\/03\/annexe_subvention_OVVV.pdf\">&#8211; Annexe_subvention<\/a><\/p>\n<p><a href=\"http:\/\/henin-beaumont.fr\/site\/wp-content\/uploads\/2015\/03\/Infos-pratiques-CUCS-.pdf\" target=\"_blank\" rel=\"noopener\">&#8211; Infos pratiques CUCS<\/a><\/p>\n<p><a href=\"http:\/\/henin-beaumont.fr\/site\/wp-content\/uploads\/2015\/03\/subvention-CUCS.pdf\" target=\"_blank\" rel=\"noopener\">&#8211;\u00a0 Subvention CUCS<\/a><\/p>\n<h3>Projet d&rsquo;initiative citoyenne<\/h3>\n<ul>\n<li><a href=\"http:\/\/www.henin-beaumont.fr\/site\/wp-content\/uploads\/2015\/03\/FICHE-PROJET-PIC-FPH.docx\">Fiche projet<\/a><\/li>\n<li><a href=\"http:\/\/www.henin-beaumont.fr\/site\/wp-content\/uploads\/2015\/03\/COURRIER-REGION-PIC.-MAI-2017.pdf\">Courrier <\/a><\/li>\n<li><a href=\"http:\/\/www.henin-beaumont.fr\/site\/wp-content\/uploads\/2015\/03\/FICHE-BILAN-PIC-FPH-2017.xlsx\">Fiche bilan<\/a><\/li>\n<\/ul>\n","protected":false},"excerpt":{"rendered":"<p>Vous pouvez d\u00e8s maintenant t\u00e9l\u00e9charger ci-dessous le dossier complet du PACS : Dossier PACS Cerfa 15725-01 Cerfa 15726-01 Dossier de demande de subvention : La date butoir pour le rendu des dossiers est le 30 novembre 2019 Trouvez ci-dessous l&rsquo;ensemble des documents qui vous aideront \u00e0 r\u00e9aliser votre demande de subvention pour l&rsquo;ann\u00e9e 2019 :<\/p>\n","protected":false},"author":1,"featured_media":0,"parent":0,"menu_order":0,"comment_status":"closed","ping_status":"closed","template":"template-mairie.php","meta":{"footnotes":""},"class_list":["post-609","page","type-page","status-publish","hentry"],"_links":{"self":[{"href":"https:\/\/www.henin-beaumont.fr\/site\/wp-json\/wp\/v2\/pages\/609","targetHints":{"allow":["GET"]}}],"collection":[{"href":"https:\/\/www.henin-beaumont.fr\/site\/wp-json\/wp\/v2\/pages"}],"about":[{"href":"https:\/\/www.henin-beaumont.fr\/site\/wp-json\/wp\/v2\/types\/page"}],"author":[{"embeddable":true,"href":"https:\/\/www.henin-beaumont.fr\/site\/wp-json\/wp\/v2\/users\/1"}],"replies":[{"embeddable":true,"href":"https:\/\/www.henin-beaumont.fr\/site\/wp-json\/wp\/v2\/comments?post=609"}],"version-history":[{"count":108,"href":"https:\/\/www.henin-beaumont.fr\/site\/wp-json\/wp\/v2\/pages\/609\/revisions"}],"predecessor-version":[{"id":11475,"href":"https:\/\/www.henin-beaumont.fr\/site\/wp-json\/wp\/v2\/pages\/609\/revisions\/11475"}],"wp:attachment":[{"href":"https:\/\/www.henin-beaumont.fr\/site\/wp-json\/wp\/v2\/media?parent=609"}],"curies":[{"name":"wp","href":"https:\/\/api.w.org\/{rel}","templated":true}]}}