
{"id":550,"date":"2015-03-20T11:05:03","date_gmt":"2015-03-20T11:05:03","guid":{"rendered":"http:\/\/henin-beaumont.fr\/site\/?page_id=550"},"modified":"2021-01-14T11:28:33","modified_gmt":"2021-01-14T09:28:33","slug":"ecoles","status":"publish","type":"page","link":"https:\/\/www.henin-beaumont.fr\/site\/ecoles\/","title":{"rendered":"Ecoles"},"content":{"rendered":"<table border=\"0\" width=\"778\" cellspacing=\"0\" cellpadding=\"0\">\n<tbody>\n<tr>\n<td colspan=\"4\">\u00a0<img loading=\"lazy\" decoding=\"async\" class=\"aligncenter size-full wp-image-3655\" src=\"http:\/\/www.henin-beaumont.fr\/site\/wp-content\/uploads\/2015\/03\/ETABLISSEMENTSSCO.png\" alt=\"ETABLISSEMENTSSCO\" width=\"687\" height=\"159\" srcset=\"https:\/\/www.henin-beaumont.fr\/site\/wp-content\/uploads\/2015\/03\/ETABLISSEMENTSSCO.png 687w, https:\/\/www.henin-beaumont.fr\/site\/wp-content\/uploads\/2015\/03\/ETABLISSEMENTSSCO-600x139.png 600w\" sizes=\"auto, (max-width: 687px) 100vw, 687px\" \/><\/td>\n<\/tr>\n<tr>\n<td colspan=\"4\"><img loading=\"lazy\" decoding=\"async\" src=\"http:\/\/henin-beaumont.fr\/site\/wp-content\/uploads\/2015\/03\/ecole1.png\" alt=\"\" width=\"778\" height=\"150\" \/><\/td>\n<\/tr>\n<tr>\n<td colspan=\"2\">\n<h1>Ecole L\u00e9on Blum<\/h1>\n<\/td>\n<td colspan=\"2\">\n<h1>Ecole Falli\u00e8res<\/h1>\n<\/td>\n<\/tr>\n<tr>\n<td width=\"162\"><img loading=\"lazy\" decoding=\"async\" src=\"http:\/\/henin-beaumont.fr\/site\/wp-content\/uploads\/2015\/03\/blum.png\" alt=\"\" width=\"160\" height=\"100\" \/><\/td>\n<td width=\"223\">Rue Henri Caupin<\/p>\n<p>03 21 20 34 04<\/td>\n<td width=\"161\"><img loading=\"lazy\" decoding=\"async\" src=\"http:\/\/henin-beaumont.fr\/site\/wp-content\/uploads\/2015\/03\/fallieres.png\" alt=\"\" width=\"160\" height=\"100\" \/><\/td>\n<td width=\"232\">Boulevard Falli\u00e8res<\/p>\n<p>03 21 20 38 54<\/p>\n<p>03 21 20 46 21<\/td>\n<\/tr>\n<tr>\n<td colspan=\"2\">\n<h1>Ecole Bracke-Desrousseaux<\/h1>\n<\/td>\n<td colspan=\"2\">\n<h1>Ecole Lacore-Carnot<\/h1>\n<\/td>\n<\/tr>\n<tr>\n<td><img loading=\"lazy\" decoding=\"async\" src=\"http:\/\/henin-beaumont.fr\/site\/wp-content\/uploads\/2015\/03\/bracke.png\" alt=\"\" width=\"160\" height=\"100\" \/><\/td>\n<td>Rue des Aub\u00e9pines<br \/>\n03 21 20 61 46<\/td>\n<td><img loading=\"lazy\" decoding=\"async\" src=\"http:\/\/henin-beaumont.fr\/site\/wp-content\/uploads\/2015\/03\/lacore.png\" alt=\"\" width=\"160\" height=\"100\" \/><\/td>\n<td>Rue Jacques Bingen<\/p>\n<p>03 21 20 48 23<\/td>\n<\/tr>\n<tr>\n<td colspan=\"2\">\n<h1>Ecole Breuval<\/h1>\n<\/td>\n<td colspan=\"2\">\n<h1>Ecole Legrand<\/h1>\n<\/td>\n<\/tr>\n<tr>\n<td><img loading=\"lazy\" decoding=\"async\" src=\"http:\/\/henin-beaumont.fr\/site\/wp-content\/uploads\/2015\/03\/breuval.png\" alt=\"\" width=\"160\" height=\"100\" \/><\/td>\n<td>Boulevard Basly<\/p>\n<p>03 21 20 31 71<\/td>\n<td><img loading=\"lazy\" decoding=\"async\" src=\"http:\/\/henin-beaumont.fr\/site\/wp-content\/uploads\/2015\/03\/legrand.png\" alt=\"\" width=\"160\" height=\"100\" \/><\/td>\n<td>Rue Lamartine<\/p>\n<p>03 21 75 17 89<\/td>\n<\/tr>\n<tr>\n<td colspan=\"2\">\n<h1>Ecole Michelet<\/h1>\n<\/td>\n<td colspan=\"2\">\n<h1>Ecole Pantigny<\/h1>\n<\/td>\n<\/tr>\n<tr>\n<td><img loading=\"lazy\" decoding=\"async\" src=\"http:\/\/henin-beaumont.fr\/site\/wp-content\/uploads\/2015\/03\/darcy.png\" alt=\"\" width=\"160\" height=\"100\" \/><\/td>\n<td>Rue Michelet<\/p>\n<p>03 21 74 18 11<\/td>\n<td><img loading=\"lazy\" decoding=\"async\" src=\"http:\/\/henin-beaumont.fr\/site\/wp-content\/uploads\/2015\/03\/pantigny.png\" alt=\"\" width=\"160\" height=\"100\" \/><\/td>\n<td>Rue Pantigny<\/p>\n<p>03 21 20 38 20<\/td>\n<\/tr>\n<tr>\n<td colspan=\"2\">\n<h1>Ecole Dubreucq<\/h1>\n<\/td>\n<td colspan=\"2\">\n<h1>Ecole Jeanne D&rsquo;Arc (priv\u00e9e)<\/h1>\n<\/td>\n<\/tr>\n<tr>\n<td><img loading=\"lazy\" decoding=\"async\" src=\"http:\/\/henin-beaumont.fr\/site\/wp-content\/uploads\/2015\/03\/dubreucq.png\" alt=\"\" width=\"160\" height=\"100\" \/><\/td>\n<td>Voie des hauts March\u00e9s<\/p>\n<p>03 21 20 02 63<\/td>\n<td><img loading=\"lazy\" decoding=\"async\" src=\"http:\/\/henin-beaumont.fr\/site\/wp-content\/uploads\/2015\/03\/jeanne.png\" alt=\"\" width=\"160\" height=\"100\" \/><\/td>\n<td>Rue Ledru Rollin<\/p>\n<p>03 21 20 29 30<\/td>\n<\/tr>\n<tr>\n<td colspan=\"4\"><img loading=\"lazy\" decoding=\"async\" src=\"http:\/\/henin-beaumont.fr\/site\/wp-content\/uploads\/2015\/03\/ecole2.png\" alt=\"\" width=\"778\" height=\"150\" \/><\/td>\n<\/tr>\n<tr>\n<td colspan=\"2\">\n<h1>Ecole L\u00e9on Blum<\/h1>\n<\/td>\n<td colspan=\"2\">\n<h1>Ecole Guy Mollet<\/h1>\n<\/td>\n<\/tr>\n<tr>\n<td><img loading=\"lazy\" decoding=\"async\" src=\"http:\/\/henin-beaumont.fr\/site\/wp-content\/uploads\/2015\/03\/blum.png\" alt=\"\" width=\"160\" height=\"100\" \/><\/td>\n<td>Rue Henri Caupin<\/p>\n<p>03 21 20 41 08<\/td>\n<td><img loading=\"lazy\" decoding=\"async\" src=\"http:\/\/henin-beaumont.fr\/site\/wp-content\/uploads\/2015\/03\/1mollet.png\" alt=\"\" width=\"160\" height=\"100\" \/><\/td>\n<td>Rue Berthie Albrecht<\/p>\n<p>03 21 20 35 01<\/td>\n<\/tr>\n<tr>\n<td colspan=\"2\">\n<h1>Ecole Bracke-Desrousseaux<\/h1>\n<\/td>\n<td colspan=\"2\">\n<h1>Ecole Pantigny<\/h1>\n<\/td>\n<\/tr>\n<tr>\n<td><img loading=\"lazy\" decoding=\"async\" src=\"http:\/\/henin-beaumont.fr\/site\/wp-content\/uploads\/2015\/03\/1bracke.png\" alt=\"\" width=\"160\" height=\"100\" \/><\/td>\n<td>Rue des violettes<\/p>\n<p>03 21 20 14 68<\/td>\n<td><img loading=\"lazy\" decoding=\"async\" src=\"http:\/\/henin-beaumont.fr\/site\/wp-content\/uploads\/2015\/03\/pantigny.png\" alt=\"\" width=\"160\" height=\"100\" \/><\/td>\n<td>Rue Pantigny<\/p>\n<p>03 21 20 37 89<\/td>\n<\/tr>\n<tr>\n<td colspan=\"2\">\n<h1>Ecole Breuval<\/h1>\n<\/td>\n<td colspan=\"2\">\n<h1>Ecole Jean-Jacques Rousseau<\/h1>\n<\/td>\n<\/tr>\n<tr>\n<td><img loading=\"lazy\" decoding=\"async\" src=\"http:\/\/henin-beaumont.fr\/site\/wp-content\/uploads\/2015\/03\/1breuval.png\" alt=\"\" width=\"160\" height=\"100\" \/><\/td>\n<td>Boulevard Basly<\/p>\n<p>03 21 20 29 44<\/td>\n<td><img loading=\"lazy\" decoding=\"async\" src=\"http:\/\/henin-beaumont.fr\/site\/wp-content\/uploads\/2015\/03\/1rousseau.png\" alt=\"\" width=\"160\" height=\"100\" \/><\/td>\n<td>Rue Jean-jacques Rousseau<\/p>\n<p>03 21 20 05 50<\/td>\n<\/tr>\n<tr>\n<td colspan=\"2\">\n<h1>Ecole Falli\u00e8res<\/h1>\n<\/td>\n<td colspan=\"2\">\n<h1>Ecole Saint-Louis (priv\u00e9e)<\/h1>\n<\/td>\n<\/tr>\n<tr>\n<td><img loading=\"lazy\" decoding=\"async\" src=\"http:\/\/henin-beaumont.fr\/site\/wp-content\/uploads\/2015\/03\/fallieres.png\" alt=\"\" width=\"160\" height=\"100\" \/><\/td>\n<td>Boulevard Falli\u00e8res<\/p>\n<p>03 21 20 38 65<\/td>\n<td><img loading=\"lazy\" decoding=\"async\" src=\"http:\/\/henin-beaumont.fr\/site\/wp-content\/uploads\/2015\/03\/1saintlouis.png\" alt=\"\" width=\"160\" height=\"100\" \/><\/td>\n<td>Avenue du mar\u00e9chal Leclerc<\/p>\n<p>03 21 20 29 30<\/td>\n<\/tr>\n<tr>\n<td colspan=\"2\">\n<h1>Ecole Michelet<\/h1>\n<\/td>\n<td><\/td>\n<td><\/td>\n<\/tr>\n<tr>\n<td><img loading=\"lazy\" decoding=\"async\" src=\"http:\/\/henin-beaumont.fr\/site\/wp-content\/uploads\/2015\/03\/1michelet.png\" alt=\"\" width=\"160\" height=\"100\" \/><\/td>\n<td>Rue Michelet<\/p>\n<p>03 21 20 02 50<\/td>\n<td><\/td>\n<td><\/td>\n<\/tr>\n<tr>\n<td colspan=\"4\"><img loading=\"lazy\" decoding=\"async\" src=\"http:\/\/henin-beaumont.fr\/site\/wp-content\/uploads\/2015\/03\/ecole3.png\" alt=\"\" width=\"778\" height=\"150\" \/><\/td>\n<\/tr>\n<tr>\n<td colspan=\"2\">\n<h1>Coll\u00e8ge G\u00e9rard Philippe<\/h1>\n<\/td>\n<td colspan=\"2\">\n<h1>Coll\u00e8ge Rabelais<\/h1>\n<\/td>\n<\/tr>\n<tr>\n<td><img loading=\"lazy\" decoding=\"async\" src=\"http:\/\/henin-beaumont.fr\/site\/wp-content\/uploads\/2015\/03\/philippe.png\" alt=\"\" width=\"160\" height=\"100\" \/><\/td>\n<td>Place Wagon<\/p>\n<p>03 21 20 32 02<\/td>\n<td><img loading=\"lazy\" decoding=\"async\" src=\"http:\/\/henin-beaumont.fr\/site\/wp-content\/uploads\/2015\/03\/rabelais.png\" alt=\"\" width=\"160\" height=\"100\" \/><\/td>\n<td>51 rue Ren\u00e9 Cassin<\/p>\n<p>03 21 20 32 53<\/td>\n<\/tr>\n<tr>\n<td colspan=\"2\">\n<h1>Coll\u00e8ge Jean Mac\u00e9<\/h1>\n<\/td>\n<td><\/td>\n<td><\/td>\n<\/tr>\n<tr>\n<td><img loading=\"lazy\" decoding=\"async\" src=\"http:\/\/henin-beaumont.fr\/site\/wp-content\/uploads\/2015\/03\/mace.png\" alt=\"\" width=\"160\" height=\"100\" \/><\/td>\n<td>Rue Jean Mac\u00e9<\/p>\n<p>03 21 75 82 60<\/td>\n<td><\/td>\n<td><\/td>\n<\/tr>\n<tr>\n<td colspan=\"4\"><img loading=\"lazy\" decoding=\"async\" src=\"http:\/\/henin-beaumont.fr\/site\/wp-content\/uploads\/2015\/03\/ecole4.png\" alt=\"\" width=\"778\" height=\"150\" \/><\/td>\n<\/tr>\n<tr>\n<td colspan=\"2\">\n<h1>Lyc\u00e9e Ferdinand Darchicourt<\/h1>\n<\/td>\n<td colspan=\"2\">\n<h1>Lyc\u00e9e Henri Senez<\/h1>\n<\/td>\n<\/tr>\n<tr>\n<td><img loading=\"lazy\" decoding=\"async\" src=\"http:\/\/henin-beaumont.fr\/site\/wp-content\/uploads\/2015\/03\/archicourt.png\" alt=\"\" width=\"160\" height=\"100\" \/><\/td>\n<td>Rue Ren\u00e9 Cassin<\/p>\n<p>03 21 08 74 30<\/td>\n<td><img loading=\"lazy\" decoding=\"async\" src=\"http:\/\/henin-beaumont.fr\/site\/wp-content\/uploads\/2015\/03\/senez.png\" alt=\"\" width=\"160\" height=\"100\" \/><\/td>\n<td>Boulevard Fernand Darchicourt<\/p>\n<p>03 21 77 35 77<\/td>\n<\/tr>\n<tr>\n<td colspan=\"2\">\n<h1>Lyc\u00e9e Louis Pasteur<\/h1>\n<\/td>\n<td><\/td>\n<td><\/td>\n<td><\/td>\n<\/tr>\n<tr>\n<td><img loading=\"lazy\" decoding=\"async\" src=\"http:\/\/henin-beaumont.fr\/site\/wp-content\/uploads\/2015\/03\/pasteur.png\" alt=\"\" width=\"160\" height=\"100\" \/><\/td>\n<td>Rue L\u00e9on Blum<\/p>\n<p>03 21 08 86 00<\/td>\n<td><\/td>\n<td><\/td>\n<\/tr>\n<\/tbody>\n<\/table>\n<p>&nbsp;<\/p>\n<p><!--more--><\/p>\n<p>03 21 20 46 21<\/p>\n","protected":false},"excerpt":{"rendered":"<p>\u00a0 Ecole L\u00e9on Blum Ecole Falli\u00e8res Rue Henri Caupin 03 21 20 34 04 Boulevard Falli\u00e8res 03 21 20 38 54 03 21 20 46 21 Ecole Bracke-Desrousseaux Ecole Lacore-Carnot Rue des Aub\u00e9pines 03 21 20 61 46 Rue Jacques Bingen 03 21 20 48 23 Ecole Breuval Ecole Legrand Boulevard Basly 03 21 20 [&hellip;]<\/p>\n","protected":false},"author":1,"featured_media":0,"parent":0,"menu_order":0,"comment_status":"closed","ping_status":"closed","template":"template-mairie.php","meta":{"footnotes":""},"class_list":["post-550","page","type-page","status-publish","hentry"],"_links":{"self":[{"href":"https:\/\/www.henin-beaumont.fr\/site\/wp-json\/wp\/v2\/pages\/550","targetHints":{"allow":["GET"]}}],"collection":[{"href":"https:\/\/www.henin-beaumont.fr\/site\/wp-json\/wp\/v2\/pages"}],"about":[{"href":"https:\/\/www.henin-beaumont.fr\/site\/wp-json\/wp\/v2\/types\/page"}],"author":[{"embeddable":true,"href":"https:\/\/www.henin-beaumont.fr\/site\/wp-json\/wp\/v2\/users\/1"}],"replies":[{"embeddable":true,"href":"https:\/\/www.henin-beaumont.fr\/site\/wp-json\/wp\/v2\/comments?post=550"}],"version-history":[{"count":24,"href":"https:\/\/www.henin-beaumont.fr\/site\/wp-json\/wp\/v2\/pages\/550\/revisions"}],"predecessor-version":[{"id":7154,"href":"https:\/\/www.henin-beaumont.fr\/site\/wp-json\/wp\/v2\/pages\/550\/revisions\/7154"}],"wp:attachment":[{"href":"https:\/\/www.henin-beaumont.fr\/site\/wp-json\/wp\/v2\/media?parent=550"}],"curies":[{"name":"wp","href":"https:\/\/api.w.org\/{rel}","templated":true}]}}