
{"id":4,"date":"2015-01-29T11:18:10","date_gmt":"2015-01-29T11:18:10","guid":{"rendered":"http:\/\/henin-beaumont.fr\/site\/?page_id=4"},"modified":"2026-03-04T11:56:51","modified_gmt":"2026-03-04T09:56:51","slug":"accueil","status":"publish","type":"page","link":"https:\/\/www.henin-beaumont.fr\/site\/","title":{"rendered":"accueil"},"content":{"rendered":"<p style=\"text-align: center;\">[sf id=1 layout=1]<\/p>\n<table border=\"0\" width=\"1074\" cellspacing=\"0\" cellpadding=\"0\">\n<tbody>\n<tr>\n<td width=\"1074\"><img loading=\"lazy\" decoding=\"async\" src=\"http:\/\/henin-beaumont.fr\/hb\/actus.png\" alt=\"\" width=\"1070\" height=\"36\" \/><\/td>\n<\/tr>\n<tr>\n<td>\n<table border=\"0\" width=\"1075\" cellspacing=\"0\" cellpadding=\"0\">\n<tbody>\n<tr>\n<td colspan=\"2\"><img loading=\"lazy\" decoding=\"async\" src=\"http:\/\/henin-beaumont.fr\/hb\/hbcvtitre.png\" alt=\"\" width=\"715\" height=\"30\" \/><\/td>\n<td><img loading=\"lazy\" decoding=\"async\" src=\"http:\/\/henin-beaumont.fr\/hb\/cadredevietravaux.png\" alt=\"\" width=\"350\" height=\"30\" \/><\/td>\n<\/tr>\n<tr>\n<td rowspan=\"2\">\n<table border=\"0\" width=\"350\" cellspacing=\"0\" cellpadding=\"0\">\n<tbody>\n<tr>\n<td><a href=\"http:\/\/www.henin-beaumont.fr\/site\/?page_id=8260\"><img loading=\"lazy\" decoding=\"async\" class=\"alignnone wp-image-8261\" src=\"http:\/\/www.henin-beaumont.fr\/site\/wp-content\/uploads\/2021\/12\/Guichet-num\u00e9rique-des-autorisations-durbanisme.jpg\" alt=\"\" width=\"346\" height=\"145\" \/><\/a><\/td>\n<\/tr>\n<tr>\n<td><a href=\"http:\/\/app.synbird.com\/62110-henin-beaumont-ville-dhenin-beaumont\"><img loading=\"lazy\" decoding=\"async\" class=\"alignnone wp-image-11099 \" src=\"https:\/\/www.henin-beaumont.fr\/site\/wp-content\/uploads\/2025\/07\/ok-2-800x386.jpg\" alt=\"\" width=\"345\" height=\"166\" srcset=\"https:\/\/www.henin-beaumont.fr\/site\/wp-content\/uploads\/2025\/07\/ok-2-800x386.jpg 800w, https:\/\/www.henin-beaumont.fr\/site\/wp-content\/uploads\/2025\/07\/ok-2-768x370.jpg 768w, https:\/\/www.henin-beaumont.fr\/site\/wp-content\/uploads\/2025\/07\/ok-2-1024x494.jpg 1024w, https:\/\/www.henin-beaumont.fr\/site\/wp-content\/uploads\/2025\/07\/ok-2-600x289.jpg 600w, https:\/\/www.henin-beaumont.fr\/site\/wp-content\/uploads\/2025\/07\/ok-2.jpg 1866w\" sizes=\"auto, (max-width: 345px) 100vw, 345px\" \/><\/a><\/td>\n<\/tr>\n<tr>\n<td><a href=\"https:\/\/www.espace-citoyens.net\/heninbeaumont\/espace-citoyens\/\"> <img loading=\"lazy\" decoding=\"async\" src=\"http:\/\/henin-beaumont.fr\/img\/ELECTIONS1.png\" alt=\"Image\" width=\"346\" height=\"145\" \/><\/a><\/td>\n<\/tr>\n<\/tbody>\n<\/table>\n<\/td>\n<td><div id='Widgets_on_Pages_1' class='widgets_on_page'>\n    <ul><li id=\"smart-post-list-widget-2\" class=\"widget widget smart-post-list\"><ul class=\"smart-post-list-main\"><li class=\"smart-post-list-single-container\"><div class=\"image-left-of-excerpt img-container\"><\/div><div class=\"text-left-of-excerpt\"><a href=\"https:\/\/www.henin-beaumont.fr\/site\/dossier-de-mise-en-concurrence-fete-du-miel\/\" class=\"smart-post-list-title\">Dossier de mise en concurrence f\u00eate du miel<\/a><p class=\"smart-post-list-date\">Date: 17\/04\/2026<\/p><p class=\"smart-post-list-excerpt\">\nDossier de mise en concurrence\n<\/p><\/div><\/li><li class=\"smart-post-list-single-container\"><div class=\"image-left-of-excerpt img-container\"><\/div><div class=\"text-left-of-excerpt\"><a href=\"https:\/\/www.henin-beaumont.fr\/site\/appel-doffre-restauration-buvette-commercants-henin-retro-2026\/\" class=\"smart-post-list-title\">Appel d\u2019offre : restauration \/ buvette \/ commer\u00e7ants H\u00e9nin R\u00e9tro 2026<\/a><p class=\"smart-post-list-date\">Date: 07\/04\/2026<\/p><p class=\"smart-post-list-excerpt\">\nCourrier de mise en concurrence - restauration\n\n\n\nDossier de candidature - ...<\/p><\/div><\/li><li class=\"smart-post-list-single-container\"><div class=\"image-left-of-excerpt img-container\"><a href=\"https:\/\/www.henin-beaumont.fr\/site\/dossier-de-mise-en-concurrence-village-nocturne-des-commercants\/\"><img decoding=\"async\" src=\"https:\/\/www.henin-beaumont.fr\/site\/wp-content\/uploads\/2025\/04\/AdobeStock_514705508-140x140.jpeg\" class=\"smart-post-list-image\"><\/a><\/div><div class=\"text-left-of-excerpt\"><a href=\"https:\/\/www.henin-beaumont.fr\/site\/dossier-de-mise-en-concurrence-village-nocturne-des-commercants\/\" class=\"smart-post-list-title\">Dossier de mise en concurrence - Village nocturne des commer\u00e7ants<\/a><p class=\"smart-post-list-date\">Date: 02\/04\/2026<\/p><p class=\"smart-post-list-excerpt\">\nDossier de mise en concurrence\n\n\n\n\n<\/p><\/div><\/li><\/ul><\/li><\/ul>\n  <\/div><!-- widgets_on_page --><\/td>\n<td><div id='Widgets_on_Pages_2' class='widgets_on_page'>\n    <ul><li id=\"smart-post-list-widget-3\" class=\"widget widget smart-post-list\"><ul class=\"smart-post-list-main\"><li class=\"smart-post-list-single-container\"><div class=\"image-left-of-excerpt img-container\"><a href=\"https:\/\/www.henin-beaumont.fr\/site\/dossier-dinformation-projet-dinstallation-dune-antenne-relais-sfr-mobile\/\"><img decoding=\"async\" src=\"https:\/\/www.henin-beaumont.fr\/site\/wp-content\/uploads\/2024\/06\/SFR-Logo-140x140.png\" class=\"smart-post-list-image\"><\/a><\/div><div class=\"text-left-of-excerpt\"><a href=\"https:\/\/www.henin-beaumont.fr\/site\/dossier-dinformation-projet-dinstallation-dune-antenne-relais-sfr-mobile\/\" class=\"smart-post-list-title\">Dossier d'information - projet d'installation d'une antenne relais SFR Mobile<\/a><p class=\"smart-post-list-date\">Date: 16\/06\/2025<\/p><p class=\"smart-post-list-excerpt\">Dossier d'information<\/p><\/div><\/li><li class=\"smart-post-list-single-container\"><div class=\"image-left-of-excerpt img-container\"><a href=\"https:\/\/www.henin-beaumont.fr\/site\/dossier-dinformation-aux-sites-de-radiotelephonie-mobile-bouygues-telecom\/\"><img decoding=\"async\" src=\"https:\/\/www.henin-beaumont.fr\/site\/wp-content\/uploads\/2024\/06\/Bouygues_Telecom_alt_logo.svg_-140x140.png\" class=\"smart-post-list-image\"><\/a><\/div><div class=\"text-left-of-excerpt\"><a href=\"https:\/\/www.henin-beaumont.fr\/site\/dossier-dinformation-aux-sites-de-radiotelephonie-mobile-bouygues-telecom\/\" class=\"smart-post-list-title\">Dossier d'information aux sites de radiot\u00e9l\u00e9phonie mobile Bouygues Telecom<\/a><p class=\"smart-post-list-date\">Date: 24\/03\/2025<\/p><p class=\"smart-post-list-excerpt\">Dossier d'information<\/p><\/div><\/li><li class=\"smart-post-list-single-container\"><div class=\"image-left-of-excerpt img-container\"><a href=\"https:\/\/www.henin-beaumont.fr\/site\/dossier-dinformation-concernant-les-antennes-relais\/\"><img decoding=\"async\" src=\"https:\/\/www.henin-beaumont.fr\/site\/wp-content\/uploads\/2024\/06\/SFR-Logo-140x140.png\" class=\"smart-post-list-image\"><\/a><\/div><div class=\"text-left-of-excerpt\"><a href=\"https:\/\/www.henin-beaumont.fr\/site\/dossier-dinformation-concernant-les-antennes-relais\/\" class=\"smart-post-list-title\">Dossier d'information concernant les antennes relais<\/a><p class=\"smart-post-list-date\">Date: 19\/06\/2024<\/p><p class=\"smart-post-list-excerpt\">Dossier d'information<\/p><\/div><\/li><\/ul><\/li><\/ul>\n  <\/div><!-- widgets_on_page --><\/td>\n<\/tr>\n<tr>\n<td><a href=\"https:\/\/henin-beaumont.fr\/site\/?cat=13\"><img loading=\"lazy\" decoding=\"async\" src=\"http:\/\/henin-beaumont.fr\/hb\/toutes.png\" alt=\"\" width=\"350\" height=\"24\" \/><\/a><\/td>\n<td><a href=\"https:\/\/henin-beaumont.fr\/site\/?cat=18\"><img loading=\"lazy\" decoding=\"async\" src=\"http:\/\/henin-beaumont.fr\/hb\/toutes.png\" alt=\"\" width=\"350\" height=\"24\" \/><\/a><\/td>\n<\/tr>\n<\/tbody>\n<\/table>\n<\/td>\n<\/tr>\n<tr>\n<td><img loading=\"lazy\" decoding=\"async\" src=\"http:\/\/henin-beaumont.fr\/hb\/medihb.png\" alt=\"\" width=\"1070\" height=\"36\" \/><\/td>\n<\/tr>\n<tr>\n<td>\n<table style=\"height: 578px;\" border=\"0\" width=\"1060\" cellspacing=\"0\" cellpadding=\"0\">\n<tbody>\n<tr>\n<td width=\"715\"><img loading=\"lazy\" decoding=\"async\" src=\"http:\/\/henin-beaumont.fr\/img\/galeries.png\" alt=\"\" width=\"715\" height=\"30\" \/><\/td>\n<td width=\"355\"><img loading=\"lazy\" decoding=\"async\" src=\"http:\/\/henin-beaumont.fr\/hb\/publicationshb.png\" alt=\"\" width=\"350\" height=\"30\" \/><\/td>\n<\/tr>\n<tr>\n<td>\n<table border=\"0\" width=\"715\" cellspacing=\"0\" cellpadding=\"0\">\n<tbody>\n<tr>\n<td><a href=\"https:\/\/www.facebook.com\/ville.heninbeaumont\" target=\"_blank\" rel=\"noopener\"><img loading=\"lazy\" decoding=\"async\" src=\"http:\/\/henin-beaumont.fr\/img\/photoss.png\" alt=\"\" width=\"357\" height=\"320\" \/><\/a><\/td>\n<td><a href=\"https:\/\/www.youtube.com\/user\/villedheninbeaumont\" target=\"_blank\" rel=\"noopener\"><img loading=\"lazy\" decoding=\"async\" src=\"http:\/\/henin-beaumont.fr\/img\/youtubee.png\" alt=\"\" width=\"357\" height=\"320\" \/><\/a><\/td>\n<\/tr>\n<\/tbody>\n<\/table>\n<\/td>\n<td><a href=\"_wp_link_placeholder\" data-wplink-edit=\"true\"><img loading=\"lazy\" decoding=\"async\" class=\"alignnone size-full wp-image-11620\" src=\"https:\/\/www.henin-beaumont.fr\/site\/wp-content\/uploads\/2026\/03\/Capture-decran-2026-03-04-104558.png\" alt=\"\" width=\"485\" height=\"686\" \/><\/a><br \/>\n<a href=\"https:\/\/www.calameo.com\/read\/003633285b6726aba6ba7\"><img loading=\"lazy\" decoding=\"async\" class=\"alignnone wp-image-11154 size-full\" src=\"https:\/\/www.henin-beaumont.fr\/site\/wp-content\/uploads\/2025\/07\/lirehb.png\" alt=\"\" width=\"350\" height=\"25\" \/><\/a><a href=\"https:\/\/www.calameo.com\/accounts\/3633285\"><img loading=\"lazy\" decoding=\"async\" class=\"alignnone size-full wp-image-11153\" src=\"https:\/\/www.henin-beaumont.fr\/site\/wp-content\/uploads\/2025\/07\/consulterhb.png\" alt=\"\" width=\"350\" height=\"25\" \/><\/a><\/td>\n<\/tr>\n<\/tbody>\n<\/table>\n<\/td>\n<\/tr>\n<tr>\n<td><\/td>\n<\/tr>\n<tr>\n<td><\/td>\n<\/tr>\n<tr>\n<td><\/td>\n<\/tr>\n<\/tbody>\n<\/table>\n<table border=\"0\" width=\"1075\" cellspacing=\"0\" cellpadding=\"0\">\n<tbody>\n<tr>\n<td><img loading=\"lazy\" decoding=\"async\" src=\"http:\/\/henin-beaumont.fr\/hb\/reseauxhb.png\" alt=\"\" width=\"375\" height=\"30\" \/><\/td>\n<td><img loading=\"lazy\" decoding=\"async\" src=\"http:\/\/henin-beaumont.fr\/hb\/acceshb.png\" alt=\"\" width=\"700\" height=\"30\" \/><\/td>\n<\/tr>\n<tr>\n<td>\n<table border=\"0\" width=\"375\" cellspacing=\"0\" cellpadding=\"0\">\n<tbody>\n<tr>\n<td><a href=\"https:\/\/www.facebook.com\/ville.heninbeaumont\" target=\"_blank\" rel=\"noopener\"><img loading=\"lazy\" decoding=\"async\" src=\"http:\/\/henin-beaumont.fr\/hb\/facebookhb.png\" alt=\"\" width=\"375\" height=\"100\" \/><\/a><\/td>\n<\/tr>\n<tr>\n<td><a href=\"https:\/\/twitter.com\/heninbeaumont\" target=\"_blank\" rel=\"noopener\"><img loading=\"lazy\" decoding=\"async\" src=\"http:\/\/henin-beaumont.fr\/hb\/twitterhb.png\" alt=\"\" width=\"375\" height=\"100\" \/><\/a><\/td>\n<\/tr>\n<tr>\n<td><a href=\"https:\/\/www.youtube.com\/user\/villedheninbeaumont\" target=\"_blank\" rel=\"noopener\"><img loading=\"lazy\" decoding=\"async\" src=\"http:\/\/henin-beaumont.fr\/hb\/youtubehb.png\" alt=\"\" width=\"375\" height=\"100\" \/><\/a><\/td>\n<\/tr>\n<\/tbody>\n<\/table>\n<\/td>\n<td>\n<table border=\"0\" width=\"715\" cellspacing=\"0\" cellpadding=\"0\">\n<tbody>\n<tr>\n<td><a href=\"https:\/\/henin-beaumont.fr\/site\/?page_id=1305\"> <img decoding=\"async\" src=\"http:\/\/henin-beaumont.fr\/vosdemarches1.png\" alt=\"Image\" \/><\/a><\/td>\n<td><a href=\"https:\/\/henin-beaumont.fr\/site\/?cat=21\"> <img decoding=\"async\" src=\"http:\/\/henin-beaumont.fr\/conseil1.png\" alt=\"Image\" \/><\/a><\/td>\n<\/tr>\n<tr>\n<td><a href=\"https:\/\/www.marches-securises.fr\/entreprise\/?module=liste_consultations&amp;pa=1505385068utqjahwk1fvw\"><img loading=\"lazy\" decoding=\"async\" class=\"alignnone\" src=\"http:\/\/henin-beaumont.fr\/marche1.png\" alt=\"Image\" width=\"325\" height=\"150\" \/><\/a><\/td>\n<td><a href=\"https:\/\/henin-beaumont.fr\/site\/?page_id=1307\"> <img decoding=\"async\" src=\"http:\/\/henin-beaumont.fr\/contacter1.png\" alt=\"Image\" \/><\/a><\/td>\n<\/tr>\n<\/tbody>\n<\/table>\n<\/td>\n<\/tr>\n<\/tbody>\n<\/table>\n","protected":false},"excerpt":{"rendered":"<p>[sf id=1 layout=1]<\/p>\n","protected":false},"author":1,"featured_media":0,"parent":0,"menu_order":0,"comment_status":"open","ping_status":"open","template":"","meta":{"footnotes":""},"class_list":["post-4","page","type-page","status-publish","hentry"],"_links":{"self":[{"href":"https:\/\/www.henin-beaumont.fr\/site\/wp-json\/wp\/v2\/pages\/4","targetHints":{"allow":["GET"]}}],"collection":[{"href":"https:\/\/www.henin-beaumont.fr\/site\/wp-json\/wp\/v2\/pages"}],"about":[{"href":"https:\/\/www.henin-beaumont.fr\/site\/wp-json\/wp\/v2\/types\/page"}],"author":[{"embeddable":true,"href":"https:\/\/www.henin-beaumont.fr\/site\/wp-json\/wp\/v2\/users\/1"}],"replies":[{"embeddable":true,"href":"https:\/\/www.henin-beaumont.fr\/site\/wp-json\/wp\/v2\/comments?post=4"}],"version-history":[{"count":254,"href":"https:\/\/www.henin-beaumont.fr\/site\/wp-json\/wp\/v2\/pages\/4\/revisions"}],"predecessor-version":[{"id":11627,"href":"https:\/\/www.henin-beaumont.fr\/site\/wp-json\/wp\/v2\/pages\/4\/revisions\/11627"}],"wp:attachment":[{"href":"https:\/\/www.henin-beaumont.fr\/site\/wp-json\/wp\/v2\/media?parent=4"}],"curies":[{"name":"wp","href":"https:\/\/api.w.org\/{rel}","templated":true}]}}