
{"id":345,"date":"2015-03-04T09:40:02","date_gmt":"2015-03-04T09:40:02","guid":{"rendered":"http:\/\/henin-beaumont.fr\/site\/?page_id=345"},"modified":"2022-05-13T10:03:05","modified_gmt":"2022-05-13T08:03:05","slug":"service-cadre-de-vie","status":"publish","type":"page","link":"https:\/\/www.henin-beaumont.fr\/site\/service-cadre-de-vie\/","title":{"rendered":"Service cadre de vie"},"content":{"rendered":"<p><img loading=\"lazy\" decoding=\"async\" class=\"aligncenter size-full wp-image-3611\" src=\"http:\/\/www.henin-beaumont.fr\/site\/wp-content\/uploads\/2015\/03\/CADREDEVIE.png\" alt=\"CADREDEVIE\" width=\"687\" height=\"159\" srcset=\"https:\/\/www.henin-beaumont.fr\/site\/wp-content\/uploads\/2015\/03\/CADREDEVIE.png 687w, https:\/\/www.henin-beaumont.fr\/site\/wp-content\/uploads\/2015\/03\/CADREDEVIE-600x139.png 600w\" sizes=\"auto, (max-width: 687px) 100vw, 687px\" \/><\/p>\n<p><img loading=\"lazy\" decoding=\"async\" class=\"alignnone size-full wp-image-350\" src=\"http:\/\/henin-beaumont.fr\/site\/wp-content\/uploads\/2015\/03\/cadredevie1.png\" alt=\"cadredevie\" width=\"778\" height=\"197\" srcset=\"https:\/\/www.henin-beaumont.fr\/site\/wp-content\/uploads\/2015\/03\/cadredevie1.png 778w, https:\/\/www.henin-beaumont.fr\/site\/wp-content\/uploads\/2015\/03\/cadredevie1-200x51.png 200w\" sizes=\"auto, (max-width: 778px) 100vw, 778px\" \/><\/p>\n<p><img loading=\"lazy\" decoding=\"async\" class=\"alignnone size-full wp-image-358\" src=\"http:\/\/henin-beaumont.fr\/site\/wp-content\/uploads\/2015\/03\/servicehabitants.png\" alt=\"servicehabitants\" width=\"778\" height=\"36\" srcset=\"https:\/\/www.henin-beaumont.fr\/site\/wp-content\/uploads\/2015\/03\/servicehabitants.png 778w, https:\/\/www.henin-beaumont.fr\/site\/wp-content\/uploads\/2015\/03\/servicehabitants-200x9.png 200w\" sizes=\"auto, (max-width: 778px) 100vw, 778px\" \/><\/p>\n<p>Les H\u00e9ninois et Beaumontois sollicitent r\u00e9guli\u00e8rement la mairie pour signaler des dysfonctionnements sur le domaine public. Des demandes d\u2019intervention sur le domaine priv\u00e9 sont \u00e9galement prises en charge et concernent principalement l\u2019entretien des espaces verts, dans la limite de la capacit\u00e9 r\u00e9glementaire d\u2019intervention de la collectivit\u00e9.<\/p>\n<p>Afin que les usagers disposent d\u2019un seul point de contact, l\u2019ensemble de ces demandes est centralis\u00e9 par le Service cadre de vie. Celui-ci assure aupr\u00e8s de la population le suivi administratif des interventions, en lien avec les autres services municipaux \u2013 principalement la Direction des services techniques et la Police municipale \u2013, mais \u00e9galement avec les partenaires externes (CAHC, bailleurs sociaux, SNCF).<\/p>\n<p><img loading=\"lazy\" decoding=\"async\" class=\"alignnone size-full wp-image-361\" src=\"http:\/\/henin-beaumont.fr\/site\/wp-content\/uploads\/2015\/03\/cadrevie.png\" alt=\"cadrevie\" width=\"778\" height=\"36\" srcset=\"https:\/\/www.henin-beaumont.fr\/site\/wp-content\/uploads\/2015\/03\/cadrevie.png 778w, https:\/\/www.henin-beaumont.fr\/site\/wp-content\/uploads\/2015\/03\/cadrevie-200x9.png 200w\" sizes=\"auto, (max-width: 778px) 100vw, 778px\" \/><\/p>\n<p>Vous pouvez contacter le service Cadre de vie par t\u00e9l\u00e9phone au 03 91 83 03 95.<\/p>\n","protected":false},"excerpt":{"rendered":"<p>Les H\u00e9ninois et Beaumontois sollicitent r\u00e9guli\u00e8rement la mairie pour signaler des dysfonctionnements sur le domaine public. Des demandes d\u2019intervention sur le domaine priv\u00e9 sont \u00e9galement prises en charge et concernent principalement l\u2019entretien des espaces verts, dans la limite de la capacit\u00e9 r\u00e9glementaire d\u2019intervention de la collectivit\u00e9. Afin que les usagers disposent d\u2019un seul point de [&hellip;]<\/p>\n","protected":false},"author":1,"featured_media":0,"parent":0,"menu_order":0,"comment_status":"closed","ping_status":"closed","template":"template-mairie.php","meta":{"footnotes":""},"class_list":["post-345","page","type-page","status-publish","hentry"],"_links":{"self":[{"href":"https:\/\/www.henin-beaumont.fr\/site\/wp-json\/wp\/v2\/pages\/345","targetHints":{"allow":["GET"]}}],"collection":[{"href":"https:\/\/www.henin-beaumont.fr\/site\/wp-json\/wp\/v2\/pages"}],"about":[{"href":"https:\/\/www.henin-beaumont.fr\/site\/wp-json\/wp\/v2\/types\/page"}],"author":[{"embeddable":true,"href":"https:\/\/www.henin-beaumont.fr\/site\/wp-json\/wp\/v2\/users\/1"}],"replies":[{"embeddable":true,"href":"https:\/\/www.henin-beaumont.fr\/site\/wp-json\/wp\/v2\/comments?post=345"}],"version-history":[{"count":13,"href":"https:\/\/www.henin-beaumont.fr\/site\/wp-json\/wp\/v2\/pages\/345\/revisions"}],"predecessor-version":[{"id":8702,"href":"https:\/\/www.henin-beaumont.fr\/site\/wp-json\/wp\/v2\/pages\/345\/revisions\/8702"}],"wp:attachment":[{"href":"https:\/\/www.henin-beaumont.fr\/site\/wp-json\/wp\/v2\/media?parent=345"}],"curies":[{"name":"wp","href":"https:\/\/api.w.org\/{rel}","templated":true}]}}