
{"id":34,"date":"2015-02-04T15:36:16","date_gmt":"2015-02-04T15:36:16","guid":{"rendered":"http:\/\/henin-beaumont.fr\/site\/?page_id=34"},"modified":"2017-04-12T14:42:32","modified_gmt":"2017-04-12T12:42:32","slug":"histoire-dhenin","status":"publish","type":"page","link":"https:\/\/www.henin-beaumont.fr\/site\/histoire-dhenin\/","title":{"rendered":"Histoire d&rsquo;h\u00e9nin"},"content":{"rendered":"<table border=\"0\" width=\"770\" cellspacing=\"0\" cellpadding=\"0\">\n<tbody>\n<tr>\n<td>\n<table border=\"0\" width=\"770\" cellspacing=\"0\" cellpadding=\"0\">\n<tbody>\n<tr>\n<td colspan=\"2\">\u00a0<img loading=\"lazy\" decoding=\"async\" class=\"aligncenter size-full wp-image-3631\" src=\"http:\/\/www.henin-beaumont.fr\/site\/wp-content\/uploads\/2015\/02\/HBHISTOIRE.png\" alt=\"HBHISTOIRE\" width=\"687\" height=\"159\" srcset=\"https:\/\/www.henin-beaumont.fr\/site\/wp-content\/uploads\/2015\/02\/HBHISTOIRE.png 687w, https:\/\/www.henin-beaumont.fr\/site\/wp-content\/uploads\/2015\/02\/HBHISTOIRE-600x139.png 600w\" sizes=\"auto, (max-width: 687px) 100vw, 687px\" \/><\/p>\n<p>&nbsp;<\/p>\n<p>Id\u00e9alement situ\u00e9e au c\u0153ur du Bassin minier \u2013 a\u00e9roport de Lille \u00e0 15 min, Paris et Bruxelles \u00e0 1 h 30, Londres \u00e0 2 h \u2013, H\u00e9nin-Beaumont est l\u2019h\u00e9riti\u00e8re de la cit\u00e9 m\u00e9di\u00e9vale d\u2019H\u00e9nin-Li\u00e9tard et du village de Beaumont-en-Artois. Notamment gr\u00e2ce \u00e0 la pr\u00e9sence du plus grand centre commercial au nord de Paris et \u00e0 un r\u00e9seau d\u2019entreprises en plein d\u00e9veloppement, le tissu \u00e9conomique du territoire est \u00e0 la fois solide et dynamique. Au pied des terrils, la ville compte une \u00e9glise class\u00e9e monument historique, plusieurs parcs d\u2019activit\u00e9, un lac, des parcs arbor\u00e9s \u2013 dont le vaste Parc des \u00celes \u2013, des salles de spectacle, une m\u00e9diath\u00e8que, une piscine, cinq stades, une centre omnisports, des cr\u00e8ches, \u00e9coles maternelles et primaires, coll\u00e8ges, lyc\u00e9es\u2026<\/p>\n<p>Un r\u00e9seau associatif dense et vari\u00e9 travaillant en partenariat avec la Municipalit\u00e9 permet aux 27.000 H\u00e9ninois et Beaumontois de tous \u00e2ges de s\u2019adonner \u00e0 leur passion, tandis que les sportifs disposent de clubs \u2013 dont certains \u00e9voluant \u00e0 un niveau national (escrime, boxe, football f\u00e9minin, gymnastique) \u2013 dans de nombreuses disciplines.<\/p>\n<p>La vie de la cit\u00e9 est rythm\u00e9e par plusieurs grandes manifestations annuelles\u00a0: f\u00eate des M\u00e9di\u00e9vales, H\u00e9nin-Beaumont plage, carnaval, grande braderie, march\u00e9 de No\u00ebl, ducasses\u2026 Riche de son histoire et lanc\u00e9e vers l\u2019avenir, H\u00e9nin-Beaumont est aujourd\u2019hui une ville qui avance\u00a0!<\/td>\n<\/tr>\n<tr>\n<td><img loading=\"lazy\" decoding=\"async\" src=\"http:\/\/henin-beaumont.fr\/img\/leblason.png\" alt=\"\" width=\"550\" height=\"30\" \/>L&rsquo;h\u00f4tel de Ville d&rsquo;H\u00e9nin-Beaumont veille sur ses habitants. A travers son blason cr\u00e9\u00e9 en 1921, il garde en m\u00e9moire les ravages de la Grande Guerre. Un cheval, une couronne comtale et 3 dates l&rsquo;ornent. La couronne fait r\u00e9f\u00e9rence au seigneur Li\u00e9tard, qui donna son nom \u00e0 la ville, H\u00e9nin-Li\u00e9tard. Les dates correspondent \u00e0 des \u00e9v\u00e8nements majeurs pour les habitants de l&rsquo;\u00e9poque :<\/p>\n<ul>\n<li>le 3 octobre 1914, l&rsquo;invasion<\/li>\n<li>le 27 avril 1917, l&rsquo;\u00e9vacuation<\/li>\n<li>le 2 d\u00e9cembre 1918, la r\u00e9int\u00e9gration officielle<\/li>\n<\/ul>\n<\/td>\n<td><img loading=\"lazy\" decoding=\"async\" class=\"alignnone wp-image-65\" src=\"http:\/\/henin-beaumont.fr\/site\/wp-content\/uploads\/2015\/02\/blason.png\" alt=\"blason\" width=\"210\" height=\"280\" srcset=\"https:\/\/www.henin-beaumont.fr\/site\/wp-content\/uploads\/2015\/02\/blason.png 319w, https:\/\/www.henin-beaumont.fr\/site\/wp-content\/uploads\/2015\/02\/blason-75x100.png 75w\" sizes=\"auto, (max-width: 210px) 100vw, 210px\" \/><\/td>\n<\/tr>\n<\/tbody>\n<\/table>\n<\/td>\n<\/tr>\n<tr>\n<td><img loading=\"lazy\" decoding=\"async\" class=\"alignnone size-full wp-image-67\" src=\"http:\/\/henin-beaumont.fr\/site\/wp-content\/uploads\/2015\/02\/lecarillon.png\" alt=\"lecarillon\" width=\"768\" height=\"30\" srcset=\"https:\/\/www.henin-beaumont.fr\/site\/wp-content\/uploads\/2015\/02\/lecarillon.png 768w, https:\/\/www.henin-beaumont.fr\/site\/wp-content\/uploads\/2015\/02\/lecarillon-100x4.png 100w\" sizes=\"auto, (max-width: 768px) 100vw, 768px\" \/><\/td>\n<\/tr>\n<tr>\n<td>Les notes du carillon que l&rsquo;on entend au gr\u00e9 du temps sont tir\u00e9es de la chanson \u00ab Min viux Hinnin \u00bb qui a \u00e9t\u00e9 \u00e9crite pendant la 1\u00e8re Guerre Mondiale par Lucien Chevalier et mise en musique par Louis Dufrenne. Nous entendons cet air depuis 1926, date d&rsquo;inauguration du nouvel H\u00f4tel de Ville reconstruit par M. Dufau.La pr\u00e9sentation des quartiers d&rsquo;H\u00e9nin-Beaumont qui suit, a pu \u00eatre r\u00e9alis\u00e9e gr\u00e2ce au service des archives municipales et aux pr\u00e9cieux renseignements de Georges B\u00e9tremieuxSi vous souhaitez en apprendre davantage sur la ville, vous pouvez vous rendre au service des archives municipales pour y consulter les \u0153uvres suivantes :<em>Recherches historiques sur H\u00e9nin-Li\u00e9tard<\/em> de Louis Danscoine<em>H\u00e9nin-Li\u00e9tard de ses origines jusqu\u2019\u00e0 nos jours<\/em> de Charles Frans<em>Histoire bi-mill\u00e9naire de 20 quartiers d\u2019H\u00e9nin-Beaumont des origines \u00e0 nos jours <\/em>d&rsquo;Henri Claverie<\/td>\n<\/tr>\n<tr>\n<td><img loading=\"lazy\" decoding=\"async\" class=\" size-full wp-image-70 aligncenter\" src=\"http:\/\/henin-beaumont.fr\/site\/wp-content\/uploads\/2015\/02\/citation.png\" alt=\"citation\" width=\"750\" height=\"230\" srcset=\"https:\/\/www.henin-beaumont.fr\/site\/wp-content\/uploads\/2015\/02\/citation.png 750w, https:\/\/www.henin-beaumont.fr\/site\/wp-content\/uploads\/2015\/02\/citation-100x31.png 100w\" sizes=\"auto, (max-width: 750px) 100vw, 750px\" \/><\/td>\n<\/tr>\n<tr>\n<td><img loading=\"lazy\" decoding=\"async\" class=\"alignnone size-full wp-image-68\" src=\"http:\/\/henin-beaumont.fr\/site\/wp-content\/uploads\/2015\/02\/Sans-titre-6.png\" alt=\"Sans-titre---6\" width=\"768\" height=\"30\" srcset=\"https:\/\/www.henin-beaumont.fr\/site\/wp-content\/uploads\/2015\/02\/Sans-titre-6.png 768w, https:\/\/www.henin-beaumont.fr\/site\/wp-content\/uploads\/2015\/02\/Sans-titre-6-100x4.png 100w\" sizes=\"auto, (max-width: 768px) 100vw, 768px\" \/><\/td>\n<\/tr>\n<tr>\n<td>\n\t\t<style type=\"text\/css\">\n\t\t\t#gallery-1 {\n\t\t\t\tmargin: auto;\n\t\t\t}\n\t\t\t#gallery-1 .gallery-item {\n\t\t\t\tfloat: left;\n\t\t\t\tmargin-top: 10px;\n\t\t\t\ttext-align: center;\n\t\t\t\twidth: 33%;\n\t\t\t}\n\t\t\t#gallery-1 img {\n\t\t\t\tborder: 2px solid #cfcfcf;\n\t\t\t}\n\t\t\t#gallery-1 .gallery-caption {\n\t\t\t\tmargin-left: 0;\n\t\t\t}\n\t\t\t\/* see gallery_shortcode() in wp-includes\/media.php *\/\n\t\t<\/style>\n\t\t<div id='gallery-1' class='gallery galleryid-34 gallery-columns-3 gallery-size-thumbnail'><dl class='gallery-item'>\n\t\t\t<dt class='gallery-icon landscape'>\n\t\t\t\t<a href='https:\/\/www.henin-beaumont.fr\/site\/histoire-dhenin\/rue-robert-ayle-anciennement-rue-de-rouvroy1\/'><img loading=\"lazy\" decoding=\"async\" width=\"140\" height=\"140\" src=\"https:\/\/www.henin-beaumont.fr\/site\/wp-content\/uploads\/2015\/02\/rue-Robert-Ayle-anciennement-rue-de-Rouvroy1-150x150.jpg\" class=\"attachment-thumbnail size-thumbnail\" alt=\"\" \/><\/a>\n\t\t\t<\/dt><\/dl><dl class='gallery-item'>\n\t\t\t<dt class='gallery-icon landscape'>\n\t\t\t\t<a href='https:\/\/www.henin-beaumont.fr\/site\/histoire-dhenin\/rue-des-roses-anciennement-rue-du-hanovre1\/'><img loading=\"lazy\" decoding=\"async\" width=\"140\" height=\"140\" src=\"https:\/\/www.henin-beaumont.fr\/site\/wp-content\/uploads\/2015\/02\/rue-des-Roses-anciennement-rue-du-Hanovre1-150x150.jpg\" class=\"attachment-thumbnail size-thumbnail\" alt=\"\" \/><\/a>\n\t\t\t<\/dt><\/dl><dl class='gallery-item'>\n\t\t\t<dt class='gallery-icon landscape'>\n\t\t\t\t<a href='https:\/\/www.henin-beaumont.fr\/site\/histoire-dhenin\/rue-henri-barbusse-vue-la-maison-du-directeur-des-mines-de-drocourt1\/'><img loading=\"lazy\" decoding=\"async\" width=\"140\" height=\"140\" src=\"https:\/\/www.henin-beaumont.fr\/site\/wp-content\/uploads\/2015\/02\/rue-Henri-Barbusse-vue-la-maison-du-directeur-des-Mines-de-Drocourt1-150x150.jpg\" class=\"attachment-thumbnail size-thumbnail\" alt=\"\" \/><\/a>\n\t\t\t<\/dt><\/dl><br style=\"clear: both\" \/><dl class='gallery-item'>\n\t\t\t<dt class='gallery-icon landscape'>\n\t\t\t\t<a href='https:\/\/www.henin-beaumont.fr\/site\/histoire-dhenin\/l-hopital-charlon1\/'><img loading=\"lazy\" decoding=\"async\" width=\"140\" height=\"140\" src=\"https:\/\/www.henin-beaumont.fr\/site\/wp-content\/uploads\/2015\/02\/l-hopital-Charlon1-150x150.jpg\" class=\"attachment-thumbnail size-thumbnail\" alt=\"\" \/><\/a>\n\t\t\t<\/dt><\/dl><dl class='gallery-item'>\n\t\t\t<dt class='gallery-icon landscape'>\n\t\t\t\t<a href='https:\/\/www.henin-beaumont.fr\/site\/histoire-dhenin\/place-jean-jaures-et-l-eglise-saint-martin-en-construction1\/'><img loading=\"lazy\" decoding=\"async\" width=\"140\" height=\"140\" src=\"https:\/\/www.henin-beaumont.fr\/site\/wp-content\/uploads\/2015\/02\/place-Jean-Jaures-et-l-eglise-Saint-Martin-en-construction1-150x150.jpg\" class=\"attachment-thumbnail size-thumbnail\" alt=\"\" \/><\/a>\n\t\t\t<\/dt><\/dl><dl class='gallery-item'>\n\t\t\t<dt class='gallery-icon landscape'>\n\t\t\t\t<a href='https:\/\/www.henin-beaumont.fr\/site\/histoire-dhenin\/la-place-de-la-republique-et-son-kiosque-demonte-dans-les-annees-19501\/'><img loading=\"lazy\" decoding=\"async\" width=\"140\" height=\"140\" src=\"https:\/\/www.henin-beaumont.fr\/site\/wp-content\/uploads\/2015\/02\/la-place-de-la-Republique-et-son-kiosque-demonte-dans-les-annees-19501-150x150.jpg\" class=\"attachment-thumbnail size-thumbnail\" alt=\"\" \/><\/a>\n\t\t\t<\/dt><\/dl><br style=\"clear: both\" \/><dl class='gallery-item'>\n\t\t\t<dt class='gallery-icon landscape'>\n\t\t\t\t<a href='https:\/\/www.henin-beaumont.fr\/site\/histoire-dhenin\/la-place-jean-jaures-et-l-eglise-avant-la-1ere-guerre-mondiale1\/'><img loading=\"lazy\" decoding=\"async\" width=\"140\" height=\"140\" src=\"https:\/\/www.henin-beaumont.fr\/site\/wp-content\/uploads\/2015\/02\/la-place-Jean-Jaures-et-l-eglise-avant-la-1ere-guerre-mondiale1-150x150.jpg\" class=\"attachment-thumbnail size-thumbnail\" alt=\"\" \/><\/a>\n\t\t\t<\/dt><\/dl><dl class='gallery-item'>\n\t\t\t<dt class='gallery-icon landscape'>\n\t\t\t\t<a href='https:\/\/www.henin-beaumont.fr\/site\/histoire-dhenin\/la-gare-d-henin-lietard1\/'><img loading=\"lazy\" decoding=\"async\" width=\"140\" height=\"140\" src=\"https:\/\/www.henin-beaumont.fr\/site\/wp-content\/uploads\/2015\/02\/la-gare-d-Henin-Lietard1-150x150.jpg\" class=\"attachment-thumbnail size-thumbnail\" alt=\"\" \/><\/a>\n\t\t\t<\/dt><\/dl><dl class='gallery-item'>\n\t\t\t<dt class='gallery-icon landscape'>\n\t\t\t\t<a href='https:\/\/www.henin-beaumont.fr\/site\/histoire-dhenin\/la-gare-et-sa-place1\/'><img loading=\"lazy\" decoding=\"async\" width=\"140\" height=\"140\" src=\"https:\/\/www.henin-beaumont.fr\/site\/wp-content\/uploads\/2015\/02\/la-gare-et-sa-place1-150x150.jpg\" class=\"attachment-thumbnail size-thumbnail\" alt=\"\" \/><\/a>\n\t\t\t<\/dt><\/dl><br style=\"clear: both\" \/><dl class='gallery-item'>\n\t\t\t<dt class='gallery-icon landscape'>\n\t\t\t\t<a href='https:\/\/www.henin-beaumont.fr\/site\/histoire-dhenin\/la-cite-foch-avec-en-arriere-plan-l-eglise-sainte-marie1\/'><img loading=\"lazy\" decoding=\"async\" width=\"140\" height=\"140\" src=\"https:\/\/www.henin-beaumont.fr\/site\/wp-content\/uploads\/2015\/02\/la-cite-Foch-avec-en-arriere-plan-l-eglise-Sainte-Marie1-150x150.jpg\" class=\"attachment-thumbnail size-thumbnail\" alt=\"\" \/><\/a>\n\t\t\t<\/dt><\/dl>\n\t\t\t<br style='clear: both' \/>\n\t\t<\/div>\n<\/td>\n<\/tr>\n<\/tbody>\n<\/table>\n","protected":false},"excerpt":{"rendered":"<p>\u00a0 &nbsp; Id\u00e9alement situ\u00e9e au c\u0153ur du Bassin minier \u2013 a\u00e9roport de Lille \u00e0 15 min, Paris et Bruxelles \u00e0 1 h 30, Londres \u00e0 2 h \u2013, H\u00e9nin-Beaumont est l\u2019h\u00e9riti\u00e8re de la cit\u00e9 m\u00e9di\u00e9vale d\u2019H\u00e9nin-Li\u00e9tard et du village de Beaumont-en-Artois. Notamment gr\u00e2ce \u00e0 la pr\u00e9sence du plus grand centre commercial au nord de Paris [&hellip;]<\/p>\n","protected":false},"author":1,"featured_media":0,"parent":0,"menu_order":0,"comment_status":"open","ping_status":"open","template":"template-mairie.php","meta":{"footnotes":""},"class_list":["post-34","page","type-page","status-publish","hentry"],"_links":{"self":[{"href":"https:\/\/www.henin-beaumont.fr\/site\/wp-json\/wp\/v2\/pages\/34","targetHints":{"allow":["GET"]}}],"collection":[{"href":"https:\/\/www.henin-beaumont.fr\/site\/wp-json\/wp\/v2\/pages"}],"about":[{"href":"https:\/\/www.henin-beaumont.fr\/site\/wp-json\/wp\/v2\/types\/page"}],"author":[{"embeddable":true,"href":"https:\/\/www.henin-beaumont.fr\/site\/wp-json\/wp\/v2\/users\/1"}],"replies":[{"embeddable":true,"href":"https:\/\/www.henin-beaumont.fr\/site\/wp-json\/wp\/v2\/comments?post=34"}],"version-history":[{"count":22,"href":"https:\/\/www.henin-beaumont.fr\/site\/wp-json\/wp\/v2\/pages\/34\/revisions"}],"predecessor-version":[{"id":3632,"href":"https:\/\/www.henin-beaumont.fr\/site\/wp-json\/wp\/v2\/pages\/34\/revisions\/3632"}],"wp:attachment":[{"href":"https:\/\/www.henin-beaumont.fr\/site\/wp-json\/wp\/v2\/media?parent=34"}],"curies":[{"name":"wp","href":"https:\/\/api.w.org\/{rel}","templated":true}]}}