
{"id":322,"date":"2015-03-03T12:27:36","date_gmt":"2015-03-03T12:27:36","guid":{"rendered":"http:\/\/henin-beaumont.fr\/site\/?page_id=322"},"modified":"2025-07-30T16:09:07","modified_gmt":"2025-07-30T14:09:07","slug":"bailleux-sociaux","status":"publish","type":"page","link":"https:\/\/www.henin-beaumont.fr\/site\/bailleux-sociaux\/","title":{"rendered":"Bailleux sociaux"},"content":{"rendered":"<p><img loading=\"lazy\" decoding=\"async\" class=\"aligncenter size-full wp-image-3653\" src=\"http:\/\/www.henin-beaumont.fr\/site\/wp-content\/uploads\/2015\/03\/BAILLEURS.png\" alt=\"BAILLEURS\" width=\"687\" height=\"159\" srcset=\"https:\/\/www.henin-beaumont.fr\/site\/wp-content\/uploads\/2015\/03\/BAILLEURS.png 687w, https:\/\/www.henin-beaumont.fr\/site\/wp-content\/uploads\/2015\/03\/BAILLEURS-600x139.png 600w\" sizes=\"auto, (max-width: 687px) 100vw, 687px\" \/><\/p>\n<style>\n.table-transparent {<br \/>  border-collapse: collapse;<br \/>  width: 100%;<br \/>  background-color: transparent;<br \/>}<\/p>\n<p>.table-transparent td, .table-transparent th {<br \/>  border: 1px solid #d3d3d3; \/* gris clair *\/<br \/>  padding: 8px;<br \/>  text-align: left;<br \/>  background-color: transparent;<br \/>}<br \/><\/style>\n<table class=\"table-transparent\">\n<tbody>\n<tr>\n<th><\/th>\n<th><\/th>\n<\/tr>\n<tr>\n<td><\/td>\n<td><\/td>\n<\/tr>\n<tr>\n<td><\/td>\n<td><\/td>\n<\/tr>\n<tr>\n<td><\/td>\n<td><\/td>\n<\/tr>\n<tr>\n<td><\/td>\n<td><\/td>\n<\/tr>\n<tr>\n<td><\/td>\n<td><\/td>\n<\/tr>\n<tr>\n<td><img loading=\"lazy\" decoding=\"async\" class=\"wp-image-11206 aligncenter\" src=\"https:\/\/www.henin-beaumont.fr\/site\/wp-content\/uploads\/2025\/07\/Logo-pas-de-calais-habitat.png\" alt=\"\" width=\"149\" height=\"149\" srcset=\"https:\/\/www.henin-beaumont.fr\/site\/wp-content\/uploads\/2025\/07\/Logo-pas-de-calais-habitat.png 474w, https:\/\/www.henin-beaumont.fr\/site\/wp-content\/uploads\/2025\/07\/Logo-pas-de-calais-habitat-140x140.png 140w\" sizes=\"auto, (max-width: 149px) 100vw, 149px\" \/><\/td>\n<td><strong>Pas-de-Calais Habitat<\/strong><\/p>\n<p>44 av. des Fusill\u00e9s<\/p>\n<p>R\u00e9sidence Mend\u00e8s France<\/p>\n<p>62110 H\u00e9nin-Beaumont<\/p>\n<p>T\u00e9l. : <span data-olk-copy-source=\"MessageBody\"> 03 21 62 62 62<\/span><\/td>\n<\/tr>\n<tr>\n<td><img loading=\"lazy\" decoding=\"async\" class=\"wp-image-11207 aligncenter\" src=\"https:\/\/www.henin-beaumont.fr\/site\/wp-content\/uploads\/2025\/07\/logo-SIA.png\" alt=\"\" width=\"153\" height=\"47\" \/><\/td>\n<td><strong>Soci\u00e9t\u00e9 Immobili\u00e8re de l\u2019Artois (SIA)\u00a0<\/strong><\/p>\n<p class=\"x_x_MsoNormal\"><span data-olk-copy-source=\"MessageBody\">67 av. du mar\u00e9chal Leclerc<\/span><\/p>\n<p class=\"x_x_MsoNormal\"><span data-olk-copy-source=\"MessageBody\"> (r\u00e9sidence du mar\u00e9chal Leclerc)<\/span><\/p>\n<p class=\"x_x_MsoNormal\"><span data-olk-copy-source=\"MessageBody\"> 62110 H\u00e9nin-Beaumont<\/span><\/p>\n<p class=\"x_x_MsoNormal\">T\u00e9l.\u00a0: 09 69 32 12 18<\/p>\n<\/td>\n<\/tr>\n<tr>\n<td><img loading=\"lazy\" decoding=\"async\" class=\"wp-image-11204 aligncenter\" src=\"https:\/\/www.henin-beaumont.fr\/site\/wp-content\/uploads\/2025\/07\/logo-maisons-et-cit\u00e9s.png\" alt=\"\" width=\"151\" height=\"66\" \/><\/td>\n<td><strong>Maisons et cit\u00e9s<\/strong><\/p>\n<p><span data-olk-copy-source=\"MessageBody\">5 rue de Beaumont <\/span><\/p>\n<p><span data-olk-copy-source=\"MessageBody\">62950 Noyelles-Godault<\/span><\/p>\n<p><span data-olk-copy-source=\"MessageBody\">03 21 08 08 56<\/span><\/td>\n<\/tr>\n<tr>\n<td><img loading=\"lazy\" decoding=\"async\" class=\"aligncenter\" src=\"http:\/\/henin-beaumont.fr\/site\/wp-content\/uploads\/2015\/03\/icf.png\" width=\"100\" height=\"100\" \/><\/td>\n<td><strong>Soci\u00e9t\u00e9 I.C.F Nord-Est d&rsquo;HLM<\/strong><\/p>\n<p><span data-olk-copy-source=\"MessageBody\">31 rue Jean Letienne <\/span><\/p>\n<p><span data-olk-copy-source=\"MessageBody\">62300 Lens<\/span><\/p>\n<p>T\u00e9l. : <span data-olk-copy-source=\"MessageBody\">03 72 88 05 18<\/span><\/td>\n<\/tr>\n<tr>\n<td><\/td>\n<td>&nbsp;<\/td>\n<\/tr>\n<tr>\n<td><img loading=\"lazy\" decoding=\"async\" class=\"wp-image-11210 aligncenter\" src=\"https:\/\/www.henin-beaumont.fr\/site\/wp-content\/uploads\/2025\/07\/Soci\u00e9t\u00e9-Immobili\u00e8re-du-Grand-Hainaut-logo.jpg\" alt=\"\" width=\"101\" height=\"90\" \/><\/td>\n<td><strong>Soci\u00e9t\u00e9 Immobili\u00e8re du Grand Hainaut (SIGH)<\/strong><\/p>\n<p class=\"x_x_MsoNormal\"><span data-olk-copy-source=\"MessageBody\">16 av. Michonneau <\/span><\/p>\n<p class=\"x_x_MsoNormal\"><span data-olk-copy-source=\"MessageBody\">62031 Arras cedex<\/span><\/p>\n<p class=\"x_x_MsoNormal\">T\u00e9l.\u00a0: 03 27 14 80 80<\/p>\n<\/td>\n<\/tr>\n<tr>\n<td><img loading=\"lazy\" decoding=\"async\" class=\"wp-image-11209 aligncenter\" src=\"https:\/\/www.henin-beaumont.fr\/site\/wp-content\/uploads\/2025\/07\/logo-vilogia-logifim.png\" alt=\"\" width=\"150\" height=\"100\" \/><\/td>\n<td><strong>Vilogia-Logifim<\/strong><\/p>\n<p class=\"x_x_MsoNormal\"><span data-olk-copy-source=\"MessageBody\">166 bd. Jean-Jaur\u00e8s <\/span><\/p>\n<p class=\"x_x_MsoNormal\"><span data-olk-copy-source=\"MessageBody\">62800 Li\u00e9vin<\/span><\/p>\n<p class=\"x_x_MsoNormal\">T\u00e9l.\u00a0: 03 20 44 09 50<\/p>\n<\/td>\n<\/tr>\n<tr>\n<td><img loading=\"lazy\" decoding=\"async\" class=\"wp-image-11205 aligncenter\" src=\"https:\/\/www.henin-beaumont.fr\/site\/wp-content\/uploads\/2025\/07\/logo-nor\u00e9vie.png\" alt=\"\" width=\"151\" height=\"94\" \/><\/td>\n<td><strong>Nor\u00e9vie<\/strong><\/p>\n<p class=\"x_x_MsoNormal\"><span data-olk-copy-source=\"MessageBody\">\u00a062 rue Saint Sulpice<\/span><\/p>\n<p>59500 Douai<\/p>\n<p class=\"x_x_MsoNormal\">T\u00e9l\u00e9phone\u00a0: 03 27 99 65 00<\/p>\n<\/td>\n<\/tr>\n<tr>\n<td><img loading=\"lazy\" decoding=\"async\" class=\"wp-image-11208 aligncenter\" src=\"https:\/\/www.henin-beaumont.fr\/site\/wp-content\/uploads\/2025\/07\/logo-tisserin-habitat.png\" alt=\"\" width=\"150\" height=\"150\" srcset=\"https:\/\/www.henin-beaumont.fr\/site\/wp-content\/uploads\/2025\/07\/logo-tisserin-habitat.png 280w, https:\/\/www.henin-beaumont.fr\/site\/wp-content\/uploads\/2025\/07\/logo-tisserin-habitat-140x140.png 140w\" sizes=\"auto, (max-width: 150px) 100vw, 150px\" \/><\/td>\n<td><strong>Tisserin Habitat<\/strong><\/p>\n<p><span data-olk-copy-source=\"MessageBody\">612 rue chaude rivi\u00e8re <\/span><\/p>\n<p><span data-olk-copy-source=\"MessageBody\">59800 Lille<\/span><\/p>\n<p><span data-olk-copy-source=\"MessageBody\">T\u00e9l.\u00a0: 03 20 63 40 44<\/span><\/td>\n<\/tr>\n<tr>\n<td><\/td>\n<td><\/td>\n<\/tr>\n<\/tbody>\n<\/table>\n","protected":false},"excerpt":{"rendered":"<p>Pas-de-Calais Habitat 44 av. des Fusill\u00e9s R\u00e9sidence Mend\u00e8s France 62110 H\u00e9nin-Beaumont T\u00e9l. : 03 21 62 62 62 Soci\u00e9t\u00e9 Immobili\u00e8re de l\u2019Artois (SIA)\u00a0 67 av. du mar\u00e9chal Leclerc (r\u00e9sidence du mar\u00e9chal Leclerc) 62110 H\u00e9nin-Beaumont T\u00e9l.\u00a0: 09 69 32 12 18 Maisons et cit\u00e9s 5 rue de Beaumont 62950 Noyelles-Godault 03 21 08 08 56 Soci\u00e9t\u00e9 [&hellip;]<\/p>\n","protected":false},"author":1,"featured_media":0,"parent":0,"menu_order":0,"comment_status":"closed","ping_status":"closed","template":"template-mairie.php","meta":{"footnotes":""},"class_list":["post-322","page","type-page","status-publish","hentry"],"_links":{"self":[{"href":"https:\/\/www.henin-beaumont.fr\/site\/wp-json\/wp\/v2\/pages\/322","targetHints":{"allow":["GET"]}}],"collection":[{"href":"https:\/\/www.henin-beaumont.fr\/site\/wp-json\/wp\/v2\/pages"}],"about":[{"href":"https:\/\/www.henin-beaumont.fr\/site\/wp-json\/wp\/v2\/types\/page"}],"author":[{"embeddable":true,"href":"https:\/\/www.henin-beaumont.fr\/site\/wp-json\/wp\/v2\/users\/1"}],"replies":[{"embeddable":true,"href":"https:\/\/www.henin-beaumont.fr\/site\/wp-json\/wp\/v2\/comments?post=322"}],"version-history":[{"count":13,"href":"https:\/\/www.henin-beaumont.fr\/site\/wp-json\/wp\/v2\/pages\/322\/revisions"}],"predecessor-version":[{"id":11219,"href":"https:\/\/www.henin-beaumont.fr\/site\/wp-json\/wp\/v2\/pages\/322\/revisions\/11219"}],"wp:attachment":[{"href":"https:\/\/www.henin-beaumont.fr\/site\/wp-json\/wp\/v2\/media?parent=322"}],"curies":[{"name":"wp","href":"https:\/\/api.w.org\/{rel}","templated":true}]}}