
{"id":312,"date":"2015-03-03T12:12:59","date_gmt":"2015-03-03T12:12:59","guid":{"rendered":"http:\/\/henin-beaumont.fr\/site\/?page_id=312"},"modified":"2023-11-14T12:19:58","modified_gmt":"2023-11-14T10:19:58","slug":"service-logement","status":"publish","type":"page","link":"https:\/\/www.henin-beaumont.fr\/site\/service-logement\/","title":{"rendered":"Service logement"},"content":{"rendered":"<div class=\"contenu\">\n<p><img loading=\"lazy\" decoding=\"async\" class=\"aligncenter size-full wp-image-3651\" src=\"http:\/\/www.henin-beaumont.fr\/site\/wp-content\/uploads\/2015\/03\/SERVICELOGEMENT.png\" alt=\"SERVICELOGEMENT\" width=\"687\" height=\"159\" srcset=\"https:\/\/www.henin-beaumont.fr\/site\/wp-content\/uploads\/2015\/03\/SERVICELOGEMENT.png 687w, https:\/\/www.henin-beaumont.fr\/site\/wp-content\/uploads\/2015\/03\/SERVICELOGEMENT-600x139.png 600w\" sizes=\"auto, (max-width: 687px) 100vw, 687px\" \/><\/p>\n<p>Le service logement vous accueille au sein du CCAS, situ\u00e9 au P\u00f4le social et familial (143, avenue des Fusill\u00e9s).<\/p>\n<p>Vous pourrez y retirer l&rsquo;imprim\u00e9 unique de demande de logement social, \u00e9galement en t\u00e9l\u00e9chargement \u00e0 droite de votre \u00e9cran, et prendre rendez-vous avec l&rsquo;\u00e9lu r\u00e9f\u00e9rent, Monsieur Fran\u00e7ois Niebojewski.<\/p>\n<p>Le service logement est \u00e9galement charg\u00e9 de l&rsquo;instruction des dossiers et des interventions aupr\u00e8s des bailleurs sociaux.<\/p>\n<p>A noter : Maisons et Cit\u00e9s (ex Soginorpa) est le seul bailleur social \u00e0 ne pas utiliser le document unique de demande de logement social, aussi vous pourrez le retirer en vous rendant directement dans leur agence situ\u00e9e <span class=\"LrzXr\">5 Rue de Beaumont, 62950 Noyelles-Godault<\/span>.<\/p>\n<p>Le service Logement est ouvert au public du lundi au vendredi de 8 h 30 \u00e0 12h et de 13h30 \u00e0 17 h 15.<\/p>\n<p>&nbsp;<\/p>\n<p>Vous pouvez joindre le service logement au 03 21 77 35 55.<\/p>\n<\/div>\n<p>&nbsp;<\/p>\n","protected":false},"excerpt":{"rendered":"<p>Le service logement vous accueille au sein du CCAS, situ\u00e9 au P\u00f4le social et familial (143, avenue des Fusill\u00e9s). Vous pourrez y retirer l&rsquo;imprim\u00e9 unique de demande de logement social, \u00e9galement en t\u00e9l\u00e9chargement \u00e0 droite de votre \u00e9cran, et prendre rendez-vous avec l&rsquo;\u00e9lu r\u00e9f\u00e9rent, Monsieur Fran\u00e7ois Niebojewski. Le service logement est \u00e9galement charg\u00e9 de l&rsquo;instruction [&hellip;]<\/p>\n","protected":false},"author":1,"featured_media":0,"parent":0,"menu_order":0,"comment_status":"closed","ping_status":"closed","template":"template-mairie.php","meta":{"footnotes":""},"class_list":["post-312","page","type-page","status-publish","hentry"],"_links":{"self":[{"href":"https:\/\/www.henin-beaumont.fr\/site\/wp-json\/wp\/v2\/pages\/312","targetHints":{"allow":["GET"]}}],"collection":[{"href":"https:\/\/www.henin-beaumont.fr\/site\/wp-json\/wp\/v2\/pages"}],"about":[{"href":"https:\/\/www.henin-beaumont.fr\/site\/wp-json\/wp\/v2\/types\/page"}],"author":[{"embeddable":true,"href":"https:\/\/www.henin-beaumont.fr\/site\/wp-json\/wp\/v2\/users\/1"}],"replies":[{"embeddable":true,"href":"https:\/\/www.henin-beaumont.fr\/site\/wp-json\/wp\/v2\/comments?post=312"}],"version-history":[{"count":6,"href":"https:\/\/www.henin-beaumont.fr\/site\/wp-json\/wp\/v2\/pages\/312\/revisions"}],"predecessor-version":[{"id":10000,"href":"https:\/\/www.henin-beaumont.fr\/site\/wp-json\/wp\/v2\/pages\/312\/revisions\/10000"}],"wp:attachment":[{"href":"https:\/\/www.henin-beaumont.fr\/site\/wp-json\/wp\/v2\/media?parent=312"}],"curies":[{"name":"wp","href":"https:\/\/api.w.org\/{rel}","templated":true}]}}