
{"id":310,"date":"2015-03-03T12:10:55","date_gmt":"2015-03-03T12:10:55","guid":{"rendered":"http:\/\/henin-beaumont.fr\/site\/?page_id=310"},"modified":"2019-09-06T13:10:00","modified_gmt":"2019-09-06T11:10:00","slug":"aides-aux-transports","status":"publish","type":"page","link":"https:\/\/www.henin-beaumont.fr\/site\/aides-aux-transports\/","title":{"rendered":"Aides aux transports"},"content":{"rendered":"<div id=\"contenu-interne\">\n<div id=\"central\">\n<div class=\"contenu\">\n<h2><img loading=\"lazy\" decoding=\"async\" class=\"alignnone size-full wp-image-6059\" src=\"http:\/\/www.henin-beaumont.fr\/site\/wp-content\/uploads\/2019\/09\/aides-aux-transports.png\" alt=\"\" width=\"386\" height=\"136\" \/><\/h2>\n<h2>Pi\u00e8ces \u00e0 fournir :<\/h2>\n<ul>\n<li>photo d\u2019identit\u00e9<\/li>\n<li>pi\u00e8ce d\u2019identit\u00e9 r\u00e9cente<\/li>\n<li>carte P\u00f4le Emploi<\/li>\n<li>avis de situation P\u00f4le Emploi<\/li>\n<li>dernier avis de paiement ou attestation r\u00e9cente du P\u00f4le emploi (Moins de 3 mois)<\/li>\n<li>attestation r\u00e9cente <acronym title=\"Revenu de Solidarit\u00e9 Active\">rsa<\/acronym> (moins de 3 mois)<\/li>\n<li>pour les personnes stagiaires ou en contrat aid\u00e9 : photocopie du contrat<\/li>\n<\/ul>\n<p><strong>Le dossier est \u00e0 envoyer au :<\/strong><\/p>\n<p class=\" text-LEFT\">Syndicat Mixte des Transports en Commun<\/p>\n<p class=\" text-LEFT\">77 rue Jules Verne<br \/>\nB.P. 168<br \/>\n62110 H\u00e9nin-Beaumont<\/p>\n<p>Les demandeurs recevront la carte de bus \u00e0 leur domicile (D\u00e9lais d\u2019attente d\u2019environ 15 jours)<\/p>\n<p><strong>Pour tout renseignement : <\/strong> <acronym title=\"Centre communal d'Action Sociale\">ccas<\/acronym> \u2013Secr\u00e9tariat -T\u00e9l\u00e9phone : 03-21-77-35-55.<\/p>\n<p>&nbsp;<\/p>\n<p><img loading=\"lazy\" decoding=\"async\" class=\"alignnone size-full wp-image-6061\" src=\"http:\/\/www.henin-beaumont.fr\/site\/wp-content\/uploads\/2019\/09\/retrouvez-les-aides-aux-transports.png\" alt=\"\" width=\"447\" height=\"39\" \/><\/p>\n<p>&nbsp;<\/p>\n<p>&nbsp;<\/p>\n<\/div>\n<\/div>\n<\/div>\n<div id=\"wrap-footer\"><\/div>\n","protected":false},"excerpt":{"rendered":"<p>Pi\u00e8ces \u00e0 fournir : photo d\u2019identit\u00e9 pi\u00e8ce d\u2019identit\u00e9 r\u00e9cente carte P\u00f4le Emploi avis de situation P\u00f4le Emploi dernier avis de paiement ou attestation r\u00e9cente du P\u00f4le emploi (Moins de 3 mois) attestation r\u00e9cente rsa (moins de 3 mois) pour les personnes stagiaires ou en contrat aid\u00e9 : photocopie du contrat Le dossier est \u00e0 envoyer [&hellip;]<\/p>\n","protected":false},"author":1,"featured_media":0,"parent":0,"menu_order":0,"comment_status":"closed","ping_status":"closed","template":"template-mairie.php","meta":{"footnotes":""},"class_list":["post-310","page","type-page","status-publish","hentry"],"_links":{"self":[{"href":"https:\/\/www.henin-beaumont.fr\/site\/wp-json\/wp\/v2\/pages\/310","targetHints":{"allow":["GET"]}}],"collection":[{"href":"https:\/\/www.henin-beaumont.fr\/site\/wp-json\/wp\/v2\/pages"}],"about":[{"href":"https:\/\/www.henin-beaumont.fr\/site\/wp-json\/wp\/v2\/types\/page"}],"author":[{"embeddable":true,"href":"https:\/\/www.henin-beaumont.fr\/site\/wp-json\/wp\/v2\/users\/1"}],"replies":[{"embeddable":true,"href":"https:\/\/www.henin-beaumont.fr\/site\/wp-json\/wp\/v2\/comments?post=310"}],"version-history":[{"count":13,"href":"https:\/\/www.henin-beaumont.fr\/site\/wp-json\/wp\/v2\/pages\/310\/revisions"}],"predecessor-version":[{"id":6065,"href":"https:\/\/www.henin-beaumont.fr\/site\/wp-json\/wp\/v2\/pages\/310\/revisions\/6065"}],"wp:attachment":[{"href":"https:\/\/www.henin-beaumont.fr\/site\/wp-json\/wp\/v2\/media?parent=310"}],"curies":[{"name":"wp","href":"https:\/\/api.w.org\/{rel}","templated":true}]}}