
{"id":300,"date":"2015-03-03T12:07:29","date_gmt":"2015-03-03T12:07:29","guid":{"rendered":"http:\/\/henin-beaumont.fr\/site\/?page_id=300"},"modified":"2024-11-13T12:48:08","modified_gmt":"2024-11-13T10:48:08","slug":"antennedejustice","status":"publish","type":"page","link":"https:\/\/www.henin-beaumont.fr\/site\/antennedejustice\/","title":{"rendered":"Point Justice"},"content":{"rendered":"<p><img loading=\"lazy\" decoding=\"async\" class=\"size-full wp-image-8061 aligncenter\" src=\"http:\/\/www.henin-beaumont.fr\/site\/wp-content\/uploads\/2021\/10\/12.png\" alt=\"\" width=\"687\" height=\"94\" srcset=\"https:\/\/www.henin-beaumont.fr\/site\/wp-content\/uploads\/2021\/10\/12.png 687w, https:\/\/www.henin-beaumont.fr\/site\/wp-content\/uploads\/2021\/10\/12-600x82.png 600w\" sizes=\"auto, (max-width: 687px) 100vw, 687px\" \/><\/p>\n<p>Le point justice est install\u00e9 au P\u00f4le social et familial, 143 avenue des Fusill\u00e9s, \u00e0 H\u00e9nin-Beaumont. Il offre aux h\u00e9ninois et \u00e0 l\u2019ensemble des habitants de la Communaut\u00e9 d\u2019agglom\u00e9ration H\u00e9nin Carvin, un p\u00f4le centralisant de nombreux services juridiques.<\/p>\n<p>L\u2019\u00e9quipe vous re\u00e7oit chaque jour de la semaine, sans rendez-vous, pour tout besoin d\u2019information en mati\u00e8re de droit civil, de contentieux, de probl\u00e8mes urbanistiques\u2026 L\u2019\u00e9quipe permanente vous aiguillera ensuite vers des structures plus sp\u00e9cifiques pour aller plus loin dans votre dossier.<\/p>\n<p>Le Point justice est pr\u00e9sent chaque jour pour r\u00e9pondre \u00e9galement aux \u00ab situations d\u2019urgence \u00bb et accueillir les personnes victimes de violences, d\u2019abus, d\u2019escroquerie et les conseiller rapidement dans les d\u00e9marches \u00e0 r\u00e9aliser.<\/p>\n<h2><img loading=\"lazy\" decoding=\"async\" class=\"alignnone size-full wp-image-6340\" src=\"http:\/\/www.henin-beaumont.fr\/site\/wp-content\/uploads\/2020\/01\/Sans-titre-2.jpg\" alt=\"\" width=\"778\" height=\"36\" srcset=\"https:\/\/www.henin-beaumont.fr\/site\/wp-content\/uploads\/2020\/01\/Sans-titre-2.jpg 778w, https:\/\/www.henin-beaumont.fr\/site\/wp-content\/uploads\/2020\/01\/Sans-titre-2-768x36.jpg 768w, https:\/\/www.henin-beaumont.fr\/site\/wp-content\/uploads\/2020\/01\/Sans-titre-2-600x28.jpg 600w\" sizes=\"auto, (max-width: 778px) 100vw, 778px\" \/><\/h2>\n<p>Du lundi au vendredi de 8h \u00e0 12h et de 13h30 \u00e0 17h<\/p>\n<p>P\u00f4le social et familial<\/p>\n<p>143 avenue des Fusill\u00e9s<\/p>\n<p>62110 H\u00e9nin-Beaumont<\/p>\n<p><abbr title=\"T\u00e9l\u00e9phone\">T\u00e9l<\/abbr> : 03 21 49 44 58<\/p>\n<p><img loading=\"lazy\" decoding=\"async\" class=\"alignnone size-full wp-image-363\" src=\"http:\/\/henin-beaumont.fr\/site\/wp-content\/uploads\/2015\/03\/permanencestructures.png\" alt=\"permanencestructures\" width=\"778\" height=\"36\" srcset=\"https:\/\/www.henin-beaumont.fr\/site\/wp-content\/uploads\/2015\/03\/permanencestructures.png 778w, https:\/\/www.henin-beaumont.fr\/site\/wp-content\/uploads\/2015\/03\/permanencestructures-200x9.png 200w\" sizes=\"auto, (max-width: 778px) 100vw, 778px\" \/><\/p>\n<h3 style=\"text-align: left;\">Centre d\u2019information droit de la femme et de la famille<\/h3>\n<p style=\"text-align: left;\">Violences droit de la famille, divorce, succession, l\u00e9gislation sociale, droits du travail, vie familiale et conjugale<\/p>\n<p style=\"text-align: left;\"><strong><span style=\"color: #e5007d;\">Permanence lundi de 8h30 \u00e0 12h<\/span><\/strong><\/p>\n<h3 style=\"text-align: left;\">Service psychologique d\u2019aide aux victimes<\/h3>\n<p style=\"text-align: left;\"><span style=\"color: #e5007d;\"><strong>Intervention \u00e0 la demande<\/strong><\/span><\/p>\n<h3 style=\"text-align: left;\">Association d\u2019aide aux victimes et d\u2019information judiciaire AVIJ62<\/h3>\n<p style=\"text-align: left;\">L\u2019association AVIJ62 a pour vocation d\u2019aider le public \u00e0 mieux appr\u00e9hender les rouages de la justice, elle propose des informations judiciaires ainsi qu\u2019un accompagnement dans les d\u00e9marches administratives.<\/p>\n<p style=\"text-align: left;\"><span style=\"color: #e5007d;\"><strong>Le 1er mardi du mois de 9h \u00e0 12h<\/strong><\/span><\/p>\n<p style=\"text-align: left;\"><span style=\"color: #e5007d;\"><strong>Le 2\u00e8me mercredi de chaque mois de 14h \u00e0 17h<\/strong><\/span><\/p>\n<p style=\"text-align: left;\"><span style=\"color: #e5007d;\"><strong>Le 3\u00e8me mardi de chaque mois de 9h \u00e0 12h<\/strong><\/span><\/p>\n<p><span style=\"color: #e5007d;\"><strong>Le 4\u00e8me mercredi de chaque mois de 14h \u00e0 17h<\/strong><\/span><\/p>\n<h3>M\u00e9diation familiale<\/h3>\n<p>Pour faciliter les relations entre membres de la famille, deux associations de m\u00e9diation familiale vous accueillent sur demande :<\/p>\n<p>&#8211; l\u2019\u00e9tablissement public de l\u2019enfance et de la famille (EPDEF)<\/p>\n<p>&#8211; l\u2019association Beffroi<\/p>\n<h3>Conciliation de justice<\/h3>\n<div class=\"object-left\">\n<div class=\"content-view-embeddedmedia\">\n<div class=\"class-image\">\n<div class=\"attribute-image\">\n<p>Un conciliateur de justice assure une permanence une fois par semaine pour vous aider \u00e0 trouver des solutions de conciliation dans vos probl\u00e8mes de voisinage, d\u2019impay\u00e9s de loyers\u2026<\/p>\n<\/div>\n<\/div>\n<\/div>\n<\/div>\n<p>Le conciliateur est habilit\u00e9 \u00e0 r\u00e9diger des saisines de conciliation. Le recours au conciliateur est enti\u00e8rement gratuit et permet \u00e0 chaque partie d\u2019\u00e9viter un proc\u00e8s au tribunal.<\/p>\n<p><span style=\"color: #e5007d;\"><strong>Mardi matin, jeudi apr\u00e8s-midi et 2\u00e8me et 4\u00e8me jeudi du mois<\/strong><\/span><\/p>\n<h3>M\u00e9diateurs de justice<\/h3>\n<p>Le m\u00e9diateur de justice a pour r\u00f4le de r\u00e9unir l\u2019auteur et la victime d\u2019une infraction p\u00e9nale afin de trouver une solution librement n\u00e9goci\u00e9e et de d\u00e9finir les modalit\u00e9s d\u2019une r\u00e9paration, qui seront soumises au parquet.<\/p>\n<p><span style=\"color: #e5007d;\"><strong>Ces m\u00e9diations ont principalement lieu le mardi matin et\/ou sur convocation<\/strong><\/span><\/p>\n<h3>Avocats du barreau<\/h3>\n<p>Chaque mois, des avocats du barreau de B\u00e9thune assurent une permanence afin de r\u00e9pondre \u00e0 tous vos besoins d\u2019information en droit de la famille, droit du travail, droit civil\u2026<\/p>\n<p>Permanence chaque dernier vendredi du mois de 14h \u00e0 16h30.<\/p>\n<p><span style=\"color: #e5007d;\"><strong>Les rendez-vous sont \u00e0 prendre directement aupr\u00e8s du point justice au 03 21 49 44 58.<\/strong><\/span><\/p>\n<h3>Le service tut\u00e9laire et de protection<\/h3>\n<p>Quatre intervenants par mois re\u00e7oivent les personnes mises sous tutelle ou sous curatelle, aux fins de les prot\u00e9ger et de les aider dans leurs d\u00e9marches et dans la gestion.<\/p>\n<p><span style=\"color: #e5007d;\"><strong>Mme Leduc : jeudi matin une fois par mois<\/strong><\/span><\/p>\n<p><span style=\"color: #e5007d;\"><strong>Mme Gaufette : mercredi matin une fois par mois<\/strong><\/span><\/p>\n<p><span style=\"color: #e5007d;\"><strong>Mme Amenigant : jeudi apr\u00e8s-midi une fois par mois<\/strong><\/span><\/p>\n<p><span style=\"color: #e5007d;\"><strong>Mme Delbeck : intervention sur rendez-vous<\/strong><\/span><\/p>\n<h3>Service p\u00e9nitentiaire d\u2019insertion et de probation ( <acronym title=\"Service P\u00e9nitentiaire d\u2019Insertion et de Probation\">spip<\/acronym> )<\/h3>\n<p>Le <acronym title=\"Service P\u00e9nitentiaire d\u2019Insertion et de Probation\">spip<\/acronym> est compos\u00e9 d\u2019\u00e9ducateurs et d\u2019assistantes sociales charg\u00e9s du suivi des personnes sortant de maison d\u2019arr\u00eat. Ils veillent au respect des jugements en assurant le contr\u00f4le et l\u2019aide aux lib\u00e9r\u00e9s conditionnels et aux condamn\u00e9s faisant l\u2019objet de mesures de sursis, avec mise \u00e0 l\u2019\u00e9preuve ou de travail d\u2019int\u00e9r\u00eat g\u00e9n\u00e9ral.<\/p>\n<p><span style=\"color: #e5007d;\"><strong>Le comit\u00e9 du <acronym title=\"Service P\u00e9nitentiaire d\u2019Insertion et de Probation\">spip<\/acronym> assure une permanence par semaine.<\/strong><\/span><\/p>\n<h3>Association socio \u00e9ducative et judiciaire du Pas de Calais ( <acronym title=\"Association Socio \u00c9ducative et Judiciaire\">asej<\/acronym> 62)<\/h3>\n<p>L\u2019 <acronym title=\"Association Socio \u00c9ducative et Judiciaire\">asej<\/acronym> du Pas-de-Calais re\u00e7oit les personnes b\u00e9n\u00e9ficiant d\u2019un accompagnement socio-\u00e9ducatif dans le cadre d\u2019un contr\u00f4le judiciaire ou dans le cadre d\u2019une enqu\u00eate sociale ou d\u2019une injonction th\u00e9rapeutique.<\/p>\n<p><span style=\"color: #e5007d;\"><strong>Les trois conseillers re\u00e7oivent une fois par semaine.<\/strong><\/span><\/p>\n<h3>Association d\u00e9partementale d\u2019action \u00e9ducative<\/h3>\n<p>L\u2019association d\u00e9partementale d\u2019action \u00e9ducative re\u00e7oit sur demande du juge pour enfants, les mineurs accompagn\u00e9s de leurs parents dans le cadre de r\u00e9paration p\u00e9nale.<\/p>\n<p><span style=\"color: #e5007d;\"><strong>Lundi et vendredi apr\u00e8s-midi<\/strong><\/span><\/p>\n","protected":false},"excerpt":{"rendered":"<p>Le point justice est install\u00e9 au P\u00f4le social et familial, 143 avenue des Fusill\u00e9s, \u00e0 H\u00e9nin-Beaumont. Il offre aux h\u00e9ninois et \u00e0 l\u2019ensemble des habitants de la Communaut\u00e9 d\u2019agglom\u00e9ration H\u00e9nin Carvin, un p\u00f4le centralisant de nombreux services juridiques. L\u2019\u00e9quipe vous re\u00e7oit chaque jour de la semaine, sans rendez-vous, pour tout besoin d\u2019information en mati\u00e8re de [&hellip;]<\/p>\n","protected":false},"author":1,"featured_media":0,"parent":0,"menu_order":0,"comment_status":"closed","ping_status":"closed","template":"template-mairie.php","meta":{"footnotes":""},"class_list":["post-300","page","type-page","status-publish","hentry"],"_links":{"self":[{"href":"https:\/\/www.henin-beaumont.fr\/site\/wp-json\/wp\/v2\/pages\/300","targetHints":{"allow":["GET"]}}],"collection":[{"href":"https:\/\/www.henin-beaumont.fr\/site\/wp-json\/wp\/v2\/pages"}],"about":[{"href":"https:\/\/www.henin-beaumont.fr\/site\/wp-json\/wp\/v2\/types\/page"}],"author":[{"embeddable":true,"href":"https:\/\/www.henin-beaumont.fr\/site\/wp-json\/wp\/v2\/users\/1"}],"replies":[{"embeddable":true,"href":"https:\/\/www.henin-beaumont.fr\/site\/wp-json\/wp\/v2\/comments?post=300"}],"version-history":[{"count":15,"href":"https:\/\/www.henin-beaumont.fr\/site\/wp-json\/wp\/v2\/pages\/300\/revisions"}],"predecessor-version":[{"id":10624,"href":"https:\/\/www.henin-beaumont.fr\/site\/wp-json\/wp\/v2\/pages\/300\/revisions\/10624"}],"wp:attachment":[{"href":"https:\/\/www.henin-beaumont.fr\/site\/wp-json\/wp\/v2\/media?parent=300"}],"curies":[{"name":"wp","href":"https:\/\/api.w.org\/{rel}","templated":true}]}}