
{"id":295,"date":"2015-03-03T11:22:09","date_gmt":"2015-03-03T11:22:09","guid":{"rendered":"http:\/\/henin-beaumont.fr\/site\/?page_id=295"},"modified":"2022-05-13T10:35:48","modified_gmt":"2022-05-13T08:35:48","slug":"police-municipale","status":"publish","type":"page","link":"https:\/\/www.henin-beaumont.fr\/site\/police-municipale\/","title":{"rendered":"Police municipale"},"content":{"rendered":"<p><img loading=\"lazy\" decoding=\"async\" class=\"aligncenter size-full wp-image-3615\" src=\"http:\/\/www.henin-beaumont.fr\/site\/wp-content\/uploads\/2015\/03\/PM.png\" alt=\"PM\" width=\"687\" height=\"159\" srcset=\"https:\/\/www.henin-beaumont.fr\/site\/wp-content\/uploads\/2015\/03\/PM.png 687w, https:\/\/www.henin-beaumont.fr\/site\/wp-content\/uploads\/2015\/03\/PM-600x139.png 600w\" sizes=\"auto, (max-width: 687px) 100vw, 687px\" \/><\/p>\n<p><img loading=\"lazy\" decoding=\"async\" class=\"alignnone size-full wp-image-297\" src=\"http:\/\/henin-beaumont.fr\/site\/wp-content\/uploads\/2015\/03\/policemunlogo.png\" alt=\"policemunlogo\" width=\"750\" height=\"230\" srcset=\"https:\/\/www.henin-beaumont.fr\/site\/wp-content\/uploads\/2015\/03\/policemunlogo.png 750w, https:\/\/www.henin-beaumont.fr\/site\/wp-content\/uploads\/2015\/03\/policemunlogo-200x61.png 200w\" sizes=\"auto, (max-width: 750px) 100vw, 750px\" \/><\/p>\n<p>&nbsp;<\/p>\n<p>La Police Municipale, est au service des citoyens. Charg\u00e9e d&rsquo;assurer la s\u00e9curit\u00e9, la tranquillit\u00e9 et la salubrit\u00e9 publiques, Elle a pour mission de s\u00e9curiser les usagers par une pr\u00e9sence active et dissuasive en s&rsquo;appuyant sur la pr\u00e9vention.<\/p>\n<p>&nbsp;<\/p>\n<p><strong>Police Municipale<\/strong><br \/>\nAngle des rues L\u00e9o Lagrange et Arthur Lamendin<\/p>\n<p>t\u00e9l. : 03-21-74-87-33<br \/>\nhoraires d&rsquo;accueil :\u00a0du lundi au vendredi de 8 h 30 \u00e0 12 h et de 13 h 30 \u00e0 17 h 15.<\/p>\n<p>Vous pouvez y accomplir diff\u00e9rentes d\u00e9marches administratives comme la d\u00e9claration des chiens dangereux (1\u00e8re et 2\u00e8me cat\u00e9gorie), l&rsquo;obtention d&rsquo;un titre r\u00e9publicain, la constitution des dossiers \u00e9trangers, le d\u00e9p\u00f4t ou la r\u00e9cup\u00e9ration d&rsquo;objets trouv\u00e9s et l&rsquo;inscription \u00e0 l&rsquo;op\u00e9ration \u00abtranquillit\u00e9 vacances\u00bb qui se d\u00e9roulera du 1<sup>er<\/sup> juin au 30 septembre inclus.\u00a0.<\/p>\n<p>&nbsp;<\/p>\n<p><strong>Les missions de la Police Municipale<\/strong><\/p>\n<p>La s\u00e9curit\u00e9 est votre souci, elle est notre pr\u00e9occupation premi\u00e8re. L&rsquo;augmentation des effectifs t\u00e9moigne de la volont\u00e9 municipale d&rsquo;assurer pleinement toutes les t\u00e2ches qui lui incombent.<br \/>\n\u2013 surveillance g\u00e9n\u00e9rale de la voie publique (jour ET nuit)<br \/>\n\u2013 interventions sur appels de nos administr\u00e9s, assistance \u00e0 la population<br \/>\n\u2013 diff\u00e9rends de voie publique : tapage, rixe, perturbateur, accident, incendie&#8230;<br \/>\n\u2013 l&rsquo;\u00eelotage dans les quartiers<br \/>\n\u2013 entr\u00e9es et sorties des \u00e9coles<br \/>\n\u2013 pouvoir de contr\u00f4les sur diff\u00e9rents codes (de la route, de la voirie routi\u00e8re, rural, p\u00e9nal&#8230;)<br \/>\n\u2013 surveillance lors de manifestations ou festivit\u00e9s locales, ainsi que sur les diff\u00e9rents sites de la ville<\/p>\n<p>\u2013 junicode dans les \u00e9coles<br \/>\n\u2013 verbalisation des stationnements anarchiques et des manquements au code de la route<br \/>\n\u2013 interpellations et flagrants d\u00e9lits<br \/>\n\u2013 contr\u00f4le et application des arr\u00eat\u00e9s municipaux<br \/>\n\u2013 probl\u00e8me de voisinage<br \/>\nPoliciers municipaux, Agents de Surveillance Voie Publique (ASVP) agissent conform\u00e9ment aux lois en vigueur, en totale collaboration avec la Police Nationale.<\/p>\n<p>La brigade de nuit est joignable au 06 03 58 36 60.<\/p>\n<p><strong>Verbalisation de la Police Municipale<\/strong><\/p>\n<p>\u2013 17\u20ac pour l&rsquo;absence de disque, d\u00e9passement de la dur\u00e9e r\u00e9glementaire du stationnement ou pour non-conformit\u00e9 du disque ;<br \/>\n\u2013 35\u20ac pour un stationnement g\u00eanant ;<br \/>\n\u2013 135\u20ac pour un stationnement r\u00e9serv\u00e9 aux personnes \u00e0 mobilit\u00e9 r\u00e9duite.<\/p>\n<p><strong>Num\u00e9ros d&rsquo;urgences<\/strong><\/p>\n<p>Police Secours : 17<br \/>\nPompiers : 18<br \/>\nSAMU : 15<br \/>\nAppel d&rsquo;urgence europ\u00e9en : 112<br \/>\nUrgence sociale : 115<br \/>\nCommissariat d&rsquo;H\u00e9nin-Beaumont : 03-21-13-76-20<\/p>\n<p>&nbsp;<\/p>\n<p>&nbsp;<\/p>\n","protected":false},"excerpt":{"rendered":"<p>&nbsp; La Police Municipale, est au service des citoyens. Charg\u00e9e d&rsquo;assurer la s\u00e9curit\u00e9, la tranquillit\u00e9 et la salubrit\u00e9 publiques, Elle a pour mission de s\u00e9curiser les usagers par une pr\u00e9sence active et dissuasive en s&rsquo;appuyant sur la pr\u00e9vention. &nbsp; Police Municipale Angle des rues L\u00e9o Lagrange et Arthur Lamendin t\u00e9l. : 03-21-74-87-33 horaires d&rsquo;accueil :\u00a0du [&hellip;]<\/p>\n","protected":false},"author":1,"featured_media":0,"parent":0,"menu_order":0,"comment_status":"closed","ping_status":"closed","template":"template-mairie.php","meta":{"footnotes":""},"class_list":["post-295","page","type-page","status-publish","hentry"],"_links":{"self":[{"href":"https:\/\/www.henin-beaumont.fr\/site\/wp-json\/wp\/v2\/pages\/295","targetHints":{"allow":["GET"]}}],"collection":[{"href":"https:\/\/www.henin-beaumont.fr\/site\/wp-json\/wp\/v2\/pages"}],"about":[{"href":"https:\/\/www.henin-beaumont.fr\/site\/wp-json\/wp\/v2\/types\/page"}],"author":[{"embeddable":true,"href":"https:\/\/www.henin-beaumont.fr\/site\/wp-json\/wp\/v2\/users\/1"}],"replies":[{"embeddable":true,"href":"https:\/\/www.henin-beaumont.fr\/site\/wp-json\/wp\/v2\/comments?post=295"}],"version-history":[{"count":10,"href":"https:\/\/www.henin-beaumont.fr\/site\/wp-json\/wp\/v2\/pages\/295\/revisions"}],"predecessor-version":[{"id":8721,"href":"https:\/\/www.henin-beaumont.fr\/site\/wp-json\/wp\/v2\/pages\/295\/revisions\/8721"}],"wp:attachment":[{"href":"https:\/\/www.henin-beaumont.fr\/site\/wp-json\/wp\/v2\/media?parent=295"}],"curies":[{"name":"wp","href":"https:\/\/api.w.org\/{rel}","templated":true}]}}