
{"id":288,"date":"2015-03-02T08:21:43","date_gmt":"2015-03-02T08:21:43","guid":{"rendered":"http:\/\/henin-beaumont.fr\/site\/?page_id=288"},"modified":"2025-11-20T10:21:51","modified_gmt":"2025-11-20T08:21:51","slug":"etat-civil","status":"publish","type":"page","link":"https:\/\/www.henin-beaumont.fr\/site\/etat-civil\/","title":{"rendered":"Etat-civil"},"content":{"rendered":"<p><img loading=\"lazy\" decoding=\"async\" class=\"aligncenter size-full wp-image-3609\" src=\"http:\/\/www.henin-beaumont.fr\/site\/wp-content\/uploads\/2015\/03\/ACCUEIL.png\" alt=\"ACCUEIL\" width=\"687\" height=\"159\" srcset=\"https:\/\/www.henin-beaumont.fr\/site\/wp-content\/uploads\/2015\/03\/ACCUEIL.png 687w, https:\/\/www.henin-beaumont.fr\/site\/wp-content\/uploads\/2015\/03\/ACCUEIL-600x139.png 600w\" sizes=\"auto, (max-width: 687px) 100vw, 687px\" \/><\/p>\n<p><img loading=\"lazy\" decoding=\"async\" class=\"alignnone wp-image-11099 aligncenter\" src=\"https:\/\/www.henin-beaumont.fr\/site\/wp-content\/uploads\/2025\/07\/ok-2-800x386.jpg\" alt=\"\" width=\"593\" height=\"286\" srcset=\"https:\/\/www.henin-beaumont.fr\/site\/wp-content\/uploads\/2025\/07\/ok-2-800x386.jpg 800w, https:\/\/www.henin-beaumont.fr\/site\/wp-content\/uploads\/2025\/07\/ok-2-768x370.jpg 768w, https:\/\/www.henin-beaumont.fr\/site\/wp-content\/uploads\/2025\/07\/ok-2-1024x494.jpg 1024w, https:\/\/www.henin-beaumont.fr\/site\/wp-content\/uploads\/2025\/07\/ok-2-600x289.jpg 600w, https:\/\/www.henin-beaumont.fr\/site\/wp-content\/uploads\/2025\/07\/ok-2.jpg 1866w\" sizes=\"auto, (max-width: 593px) 100vw, 593px\" \/><\/p>\n<p>&nbsp;<\/p>\n<p style=\"text-align: center;\">1, place Jean Jaur\u00e8s<\/p>\n<p style=\"text-align: center;\">03 21 74 87 00<\/p>\n<p style=\"text-align: center;\">etatcivil@mairie-heninbeaumont.fr<\/p>\n<p style=\"text-align: center;\">Ouvert du lundi au vendredi<\/p>\n<p style=\"text-align: center;\">De 8 h 30 \u00e0 12 h et de 13 h 30 17 h 15<\/p>\n<p>&nbsp;<\/p>\n<p><strong><u>Titres s\u00e9curis\u00e9s<\/u><\/strong><\/p>\n<p>Fermeture tardive : le service est ouvert jusqu\u2019\u00e0 19 h le premier mercredi des mois de mars, avril, mai et juin.<\/p>\n<p>D\u00e9marche possible UNIQUEMENT sur rendez-vous. Les rendez-vous sont \u00e0 prendre\u00a0:<\/p>\n<ul>\n<li>Par t\u00e9l\u00e9phone au 03 21 74 55 99<\/li>\n<li>Via le site SynBird &#8211; <a href=\"https:\/\/app.synbird.com\/62110-henin-beaumont-ville-dhenin-beaumont\">SynBird<\/a><\/li>\n<li>Par mail adress\u00e9 \u00e0 <a href=\"mailto:etatcivil@mairie-heninbeaumont.fr\">etatcivil@mairie-heninbeaumont.fr<\/a><\/li>\n<li>Pour les demandes, pr\u00e9-demande OBLIGATOIRE avant le rendez-vous\u00a0:\n<ul>\n<li>Pour les CNI\u00a0: <a href=\"https:\/\/passeport.ants.gouv.fr\/Services-associes\/Realiser-une-pre-demande-de-carte-nationale-d-identite-CNI\">https:\/\/passeport.ants.gouv.fr\/Services-associes\/Realiser-une-pre-demande-de-carte-nationale-d-identite-CNI<\/a><\/li>\n<li>Pour les passeports: <a href=\"https:\/\/passeport.ants.gouv.fr\/Vos-demarches\/Realiser-une-pre-demande-de-passeport\">https:\/\/passeport.ants.gouv.fr\/Vos-demarches\/Realiser-une-pre-demande-de-passeport<\/a><\/li>\n<\/ul>\n<\/li>\n<li>Liste des papiers \u00e0 fournir \u00e0 publier : <a href=\"http:\/\/www.henin-beaumont.fr\/site\/wp-content\/uploads\/2023\/03\/Flyers-CNI-Passeport-Liste-des-documents-\u00e0-fournir_Plan-de-travail-1-02.png\">t\u00e9l\u00e9charger ici<\/a><\/li>\n<\/ul>\n<p>Retrait de titre : d\u00e9marche sans rendez-vous<\/p>\n<p>&nbsp;<\/p>\n<p><strong><u>Liste \u00e9lectorale<\/u><\/strong><\/p>\n<ul>\n<li>D\u00e9marche en ligne \u00e0 prioriser, que ce soit pour une inscription ou pour un changement d\u2019adresse, lien\u00a0: <a href=\"https:\/\/www.service-public.fr\/particuliers\/vosdroits\/R16396\">https:\/\/www.service-public.fr\/particuliers\/vosdroits\/R16396<\/a><\/li>\n<li>T\u00e9l\u00e9charger le cerfa <a href=\"https:\/\/www.henin-beaumont.fr\/site\/wp-content\/uploads\/2025\/07\/cerfa_12669-02.pdf\">ici<\/a>, il peut \u00e9galement \u00eatre retir\u00e9 \u00e0 l\u2019accueil de la mairie. Vous pouvez renvoyer votre cerfa par courrier ou par mail (etatcivil@mairie-heninbeaumont.fr), ou d\u00e9posez le dans la bo\u00eete \u00e0 lettres de la mairie, accompagn\u00e9 d\u2019un justificatif de domicile datant de moins de 3 mois et de la copie d\u2019une pi\u00e8ce d\u2019identit\u00e9.<\/li>\n<\/ul>\n<p>&nbsp;<\/p>\n<p><strong><u>Demandes d\u2019actes<\/u><\/strong><\/p>\n<ul>\n<li>Privil\u00e9gier les demandes en ligne \u2013 lien\u00a0: <a href=\"https:\/\/www.service-public.fr\/particuliers\/vosdroits\/R1406\">https:\/\/www.service-public.fr\/particuliers\/vosdroits\/R1406<\/a><\/li>\n<li>Vous pouvez \u00e9galement t\u00e9l\u00e9charger et imprimer <a href=\"http:\/\/www.henin-beaumont.fr\/site\/wp-content\/uploads\/2020\/05\/demandes-dactes.pdf\">ici.<\/a> Le retrait est \u00e9galement possible \u00e0 l\u2019accueil de la mairie. D\u00e9p\u00f4t dans la bo\u00eete \u00e0 lettres de la mairie, par mail <a href=\"mailto:etatcivil@mairie-heninbeaumont.fr\">etatcivil@mairie-heninbeaumont.fr<\/a> ou envoi par courrier.<\/li>\n<\/ul>\n<p>&nbsp;<\/p>\n<p><strong><u>Demandes de duplicata de livret de famille<\/u><\/strong><\/p>\n<ul>\n<li>T\u00e9l\u00e9charger et imprimer <a href=\"http:\/\/www.henin-beaumont.fr\/site\/wp-content\/uploads\/2021\/02\/IMPRIME-DE-DDE-DE-DUPLICATA-LF.pdf\">ici<\/a>, le retrait de cet imprim\u00e9 est \u00e9galement possible \u00e0 l\u2019accueil de la mairie<\/li>\n<\/ul>\n<ul>\n<li>D\u00e9p\u00f4t dans la bo\u00eete \u00e0 lettres de la mairie, par mail <a href=\"mailto:etatcivil@mairie-heninbeaumont.fr\">etatcivil@mairie-heninbeaumont.fr<\/a> ou envoi par courrier de l\u2019imprim\u00e9 d\u00fbment compl\u00e9t\u00e9 et accompagn\u00e9 d\u2019un justificatif de domicile de moins de 3 mois au nom du demandeur + copie d\u2019une pi\u00e8ce d\u2019identit\u00e9.<\/li>\n<\/ul>\n<p>&nbsp;<\/p>\n<p><strong><u>Dossiers mariages<\/u><\/strong><\/p>\n<ul>\n<li>Dossier \u00e0 t\u00e9l\u00e9charger <a href=\"https:\/\/www.henin-beaumont.fr\/site\/wp-content\/uploads\/2024\/09\/DOSSIER-DE-MARIAGE.pdf\">ici<\/a> ou \u00e0 venir retirer \u00e0 l\u2019accueil de la mairie.<\/li>\n<li>D\u00e9p\u00f4t du dossier (d\u00fbment compl\u00e9t\u00e9 et accompagn\u00e9 des pi\u00e8ces justificatives n\u00e9cessaires) par les 2 futurs \u00e9poux OBLIGATOIREMENT et sur RDV UNIQUEMENT. Rdv \u00e0 prendre par t\u00e9l\u00e9phone (03 21 74 99 80), par mail <a href=\"mailto:etatcivil@mairie-heninbeaumont.fr\">etatcivil@mairie-heninbeaumont.fr\u00a0<\/a>\u00a0ou via le site <a href=\"https:\/\/app.synbird.com\/62110-henin-beaumont-ville-dhenin-beaumont\">Synbird<\/a>.<\/li>\n<\/ul>\n<p>&nbsp;<\/p>\n<p><strong><u>Dossiers parrainages civils<\/u><\/strong><\/p>\n<ul>\n<li>Dossier \u00e0 t\u00e9l\u00e9charger <a href=\"http:\/\/www.henin-beaumont.fr\/site\/wp-content\/uploads\/2020\/05\/dossier-parrainage-civil.pdf\">ici<\/a> ou \u00e0 venir retirer \u00e0 l\u2019accueil de la mairie.<\/li>\n<li>Envoi du dossier (d\u00fbment compl\u00e9t\u00e9 et accompagn\u00e9 des pi\u00e8ces justificatives n\u00e9cessaires) par courrier, par mail <a href=\"mailto:etatcivil@mairie-heninbeaumont.fr\">etatcivil@mairie-heninbeaumont.fr<\/a> ou d\u00e9p\u00f4t dans la bo\u00eete \u00e0 lettres de la mairie.<\/li>\n<li>Dates de parrainages 2025 : 6 septembre \/ 8 novembre<\/li>\n<li>Dates de parrainages 2026 : 7 f\u00e9vrier \/ 11 avril \/ 5 septembre \/ 7 novembre<\/li>\n<\/ul>\n<p>&nbsp;<\/p>\n<p><strong><u>Dossiers Noces d\u2019Or \/ Diamant \/ Platine<\/u><\/strong><\/p>\n<ul>\n<li>Dossier \u00e0 t\u00e9l\u00e9charger ici ou \u00e0 venir retirer \u00e0 l\u2019accueil de la mairie.\n<ul>\n<li><a href=\"http:\/\/www.henin-beaumont.fr\/site\/wp-content\/uploads\/2020\/05\/noces-platine_HV.pdf\">Dossier Noces de platine<\/a><\/li>\n<li><a href=\"http:\/\/www.henin-beaumont.fr\/site\/wp-content\/uploads\/2020\/05\/noces-dor_HV.pdf\">Dossier Noces d&rsquo;or<\/a><\/li>\n<li><a href=\"http:\/\/www.henin-beaumont.fr\/site\/wp-content\/uploads\/2020\/05\/noces-diamant_HV.pdf\">Dossier Noces de diamant<\/a><\/li>\n<\/ul>\n<\/li>\n<\/ul>\n<ul>\n<li>Envoi du dossier (d\u00fbment compl\u00e9t\u00e9 et accompagn\u00e9 des pi\u00e8ces justificatives n\u00e9cessaires) par courrier, par mail <a href=\"mailto:etatcivil@mairie-heninbeaumont.fr\">etatcivil@mairie-heninbeaumont.fr<\/a>\u00a0ou d\u00e9p\u00f4t sur place possible.<\/li>\n<\/ul>\n<p>&nbsp;<\/p>\n<p><strong><u>Dossiers PACS<\/u><\/strong><\/p>\n<ul>\n<li>Dossier \u00e0 t\u00e9l\u00e9charger <a href=\"http:\/\/www.henin-beaumont.fr\/site\/wp-content\/uploads\/2020\/05\/pacs.pdf\">ici<\/a> ou \u00e0 venir retirer \u00e0 l\u2019accueil de la mairie.<\/li>\n<\/ul>\n<ul>\n<li>Envoi du dossier (d\u00fbment compl\u00e9t\u00e9 et accompagn\u00e9 des pi\u00e8ces justificatives n\u00e9cessaires) par courrier, par mail <a href=\"mailto:etatcivil@mairie-heninbeaumont.fr\">etatcivil@mairie-heninbeaumont.fr<\/a> ou d\u00e9p\u00f4t dans la bo\u00eete \u00e0 lettres de la mairie.<\/li>\n<\/ul>\n<p><strong><u>Dossiers changement de nom<\/u><\/strong><\/p>\n<ul>\n<li>Notice \u00e0 t\u00e9l\u00e9charger <a href=\"http:\/\/www.henin-beaumont.fr\/site\/wp-content\/uploads\/2022\/08\/notice_52372-1.pdf\">ici<\/a><\/li>\n<li>Dossier \u00e0 t\u00e9l\u00e9charger <a href=\"http:\/\/www.henin-beaumont.fr\/site\/wp-content\/uploads\/2022\/08\/cerfa_16229-01.pdf\">ici<\/a> ou \u00e0 venir retirer \u00e0 l\u2019accueil de la mairie.<\/li>\n<li>D\u00e9p\u00f4t du dossier (d\u00fbment compl\u00e9t\u00e9 et accompagn\u00e9 des pi\u00e8ces justificatives n\u00e9cessaires) en mairie, par courrier ou par mail <a href=\"mailto:etatcivil@mairie-heninbeaumont.fr\">etatcivil@mairie-heninbeaumont.fr<\/a><\/li>\n<\/ul>\n<p><strong><u>Recensements citoyens <\/u><\/strong><\/p>\n<ul>\n<li>D\u00e9marche en ligne \u00e0 privil\u00e9gier, lien\u00a0: <a href=\"https:\/\/www.service-public.fr\/particuliers\/vosdroits\/F870\">https:\/\/www.service-public.fr\/particuliers\/vosdroits\/F870<\/a><\/li>\n<\/ul>\n<ul>\n<li>Document \u00e0 t\u00e9l\u00e9charger <a href=\"https:\/\/www.henin-beaumont.fr\/site\/wp-content\/uploads\/2025\/11\/RECENSEMENT-CITOYEN.jpg\">ici<\/a> ou \u00e0 venir retirer \u00e0 l\u2019accueil de la mairie.<\/li>\n<\/ul>\n<ul>\n<li>D\u00e9p\u00f4t du dossier en mairie pour la d\u00e9livrance imm\u00e9diate de l&rsquo;attestation<\/li>\n<\/ul>\n<p>&nbsp;<\/p>\n<p>&nbsp;<\/p>\n<p>Les agents du service accueil \u2013 Etat Civil sont \u00e0 votre disposition<\/p>\n<p>Du lundi au vendredi de 8 h 30 \u00e0 12 h et de 13 h 30 \u00e0 17 h 15<\/p>\n<p>&nbsp;<\/p>\n<h1><span style=\"color: #00ccff;\">Comment nous joindre\u00a0?<\/span><\/h1>\n<p><span style=\"text-decoration: underline;\">Par mail\u00a0:<\/span> <span style=\"color: #0000ff;\">etatcivil@mairie-heninbeaumont.fr<\/span><\/p>\n<p><span style=\"text-decoration: underline;\">Par t\u00e9l\u00e9phone\u00a0:<\/span><\/p>\n<p style=\"text-align: left;\"><strong>Accueil :<\/strong> 03.21.74.87.00<\/p>\n<p style=\"text-align: left;\"><strong>Directrice du service :<\/strong> 03.21.74.87.40 \/ 06.19.79.79.72<\/p>\n<p style=\"text-align: left;\"><strong>Demandes d&rsquo;actes :<\/strong> 03.21.74.99.96 \/ 03.21.74.99.80 \/ 03.21.77.22.83 \/ 03.21.13.48.05<\/p>\n<p style=\"text-align: left;\"><strong>Service cartes d&rsquo;identit\u00e9 &#8211; passeports :<\/strong> 03.21.20.21.25<\/p>\n<p style=\"text-align: left;\"><strong>Service \u00ab\u00a0\u00e9lections\u00a0\u00bb:<\/strong> 03.21.74.99.96 \/ 03.21.13.48.05 \/ 03.21.74.87.59<\/p>\n<p style=\"text-align: left;\"><strong>Service \u00c9tat-civil :<\/strong> 03.21.74.99.80 \/ 03.21.77.22.83 \/ 03.91.83.01.84<\/p>\n<p style=\"text-align: center;\">\n","protected":false},"excerpt":{"rendered":"<p>&nbsp; 1, place Jean Jaur\u00e8s 03 21 74 87 00 etatcivil@mairie-heninbeaumont.fr Ouvert du lundi au vendredi De 8 h 30 \u00e0 12 h et de 13 h 30 17 h 15 &nbsp; Titres s\u00e9curis\u00e9s Fermeture tardive : le service est ouvert jusqu\u2019\u00e0 19 h le premier mercredi des mois de mars, avril, mai et juin. [&hellip;]<\/p>\n","protected":false},"author":1,"featured_media":0,"parent":0,"menu_order":0,"comment_status":"closed","ping_status":"closed","template":"template-mairie.php","meta":{"footnotes":""},"class_list":["post-288","page","type-page","status-publish","hentry"],"_links":{"self":[{"href":"https:\/\/www.henin-beaumont.fr\/site\/wp-json\/wp\/v2\/pages\/288","targetHints":{"allow":["GET"]}}],"collection":[{"href":"https:\/\/www.henin-beaumont.fr\/site\/wp-json\/wp\/v2\/pages"}],"about":[{"href":"https:\/\/www.henin-beaumont.fr\/site\/wp-json\/wp\/v2\/types\/page"}],"author":[{"embeddable":true,"href":"https:\/\/www.henin-beaumont.fr\/site\/wp-json\/wp\/v2\/users\/1"}],"replies":[{"embeddable":true,"href":"https:\/\/www.henin-beaumont.fr\/site\/wp-json\/wp\/v2\/comments?post=288"}],"version-history":[{"count":63,"href":"https:\/\/www.henin-beaumont.fr\/site\/wp-json\/wp\/v2\/pages\/288\/revisions"}],"predecessor-version":[{"id":11418,"href":"https:\/\/www.henin-beaumont.fr\/site\/wp-json\/wp\/v2\/pages\/288\/revisions\/11418"}],"wp:attachment":[{"href":"https:\/\/www.henin-beaumont.fr\/site\/wp-json\/wp\/v2\/media?parent=288"}],"curies":[{"name":"wp","href":"https:\/\/api.w.org\/{rel}","templated":true}]}}