
{"id":283,"date":"2015-02-19T08:20:33","date_gmt":"2015-02-19T08:20:33","guid":{"rendered":"http:\/\/henin-beaumont.fr\/site\/?page_id=283"},"modified":"2017-04-12T15:11:12","modified_gmt":"2017-04-12T13:11:12","slug":"medievales","status":"publish","type":"page","link":"https:\/\/www.henin-beaumont.fr\/site\/medievales\/","title":{"rendered":"Medievales"},"content":{"rendered":"<p><img loading=\"lazy\" decoding=\"async\" class=\"aligncenter size-full wp-image-3677\" src=\"http:\/\/www.henin-beaumont.fr\/site\/wp-content\/uploads\/2015\/02\/MEDIAVALES.png\" alt=\"MEDIAVALES\" width=\"687\" height=\"159\" srcset=\"https:\/\/www.henin-beaumont.fr\/site\/wp-content\/uploads\/2015\/02\/MEDIAVALES.png 687w, https:\/\/www.henin-beaumont.fr\/site\/wp-content\/uploads\/2015\/02\/MEDIAVALES-600x139.png 600w\" sizes=\"auto, (max-width: 687px) 100vw, 687px\" \/><\/p>\n<p><img loading=\"lazy\" decoding=\"async\" class=\"alignnone size-full wp-image-445\" src=\"http:\/\/henin-beaumont.fr\/site\/wp-content\/uploads\/2015\/02\/medievales1.png\" alt=\"medievales\" width=\"750\" height=\"230\" srcset=\"https:\/\/www.henin-beaumont.fr\/site\/wp-content\/uploads\/2015\/02\/medievales1.png 750w, https:\/\/www.henin-beaumont.fr\/site\/wp-content\/uploads\/2015\/02\/medievales1-200x61.png 200w\" sizes=\"auto, (max-width: 750px) 100vw, 750px\" \/><\/p>\n<p>H\u00e9riti\u00e8re de l\u2019histoire mill\u00e9naire d\u2019H\u00e9nin-Li\u00e9tard, la ville conserve dans sa conception, sa topographie et ses b\u00e2timents les traces du Moyen-Age. Remises \u00e0 l\u2019honneur en 2014, les M\u00e9di\u00e9vales r\u00e9unissent durant un week-end de juin troubadours, fauconniers et chevaliers autour de mets roboratifs et de boissons <em>\u00e0 l\u2019ancienne<\/em>. Les enfants adorent, leurs parents aussi\u2026<\/p>\n<p>&nbsp;<\/p>\n\n\t\t<style type=\"text\/css\">\n\t\t\t#gallery-1 {\n\t\t\t\tmargin: auto;\n\t\t\t}\n\t\t\t#gallery-1 .gallery-item {\n\t\t\t\tfloat: left;\n\t\t\t\tmargin-top: 10px;\n\t\t\t\ttext-align: center;\n\t\t\t\twidth: 33%;\n\t\t\t}\n\t\t\t#gallery-1 img {\n\t\t\t\tborder: 2px solid #cfcfcf;\n\t\t\t}\n\t\t\t#gallery-1 .gallery-caption {\n\t\t\t\tmargin-left: 0;\n\t\t\t}\n\t\t\t\/* see gallery_shortcode() in wp-includes\/media.php *\/\n\t\t<\/style>\n\t\t<div id='gallery-1' class='gallery galleryid-283 gallery-columns-3 gallery-size-thumbnail'><dl class='gallery-item'>\n\t\t\t<dt class='gallery-icon portrait'>\n\t\t\t\t<a href='https:\/\/www.henin-beaumont.fr\/site\/wp-content\/uploads\/2015\/02\/RID7221.jpg'><img loading=\"lazy\" decoding=\"async\" width=\"140\" height=\"140\" src=\"https:\/\/www.henin-beaumont.fr\/site\/wp-content\/uploads\/2015\/02\/RID7221-140x140.jpg\" class=\"attachment-thumbnail size-thumbnail\" alt=\"\" \/><\/a>\n\t\t\t<\/dt><\/dl><dl class='gallery-item'>\n\t\t\t<dt class='gallery-icon landscape'>\n\t\t\t\t<a href='https:\/\/www.henin-beaumont.fr\/site\/wp-content\/uploads\/2015\/02\/RID7281.jpg'><img loading=\"lazy\" decoding=\"async\" width=\"140\" height=\"140\" src=\"https:\/\/www.henin-beaumont.fr\/site\/wp-content\/uploads\/2015\/02\/RID7281-140x140.jpg\" class=\"attachment-thumbnail size-thumbnail\" alt=\"\" \/><\/a>\n\t\t\t<\/dt><\/dl><dl class='gallery-item'>\n\t\t\t<dt class='gallery-icon landscape'>\n\t\t\t\t<a href='https:\/\/www.henin-beaumont.fr\/site\/wp-content\/uploads\/2015\/02\/RID7338.jpg'><img loading=\"lazy\" decoding=\"async\" width=\"140\" height=\"140\" src=\"https:\/\/www.henin-beaumont.fr\/site\/wp-content\/uploads\/2015\/02\/RID7338-140x140.jpg\" class=\"attachment-thumbnail size-thumbnail\" alt=\"\" \/><\/a>\n\t\t\t<\/dt><\/dl><br style=\"clear: both\" \/><dl class='gallery-item'>\n\t\t\t<dt class='gallery-icon landscape'>\n\t\t\t\t<a href='https:\/\/www.henin-beaumont.fr\/site\/wp-content\/uploads\/2015\/02\/RID7355.jpg'><img loading=\"lazy\" decoding=\"async\" width=\"140\" height=\"140\" src=\"https:\/\/www.henin-beaumont.fr\/site\/wp-content\/uploads\/2015\/02\/RID7355-140x140.jpg\" class=\"attachment-thumbnail size-thumbnail\" alt=\"\" \/><\/a>\n\t\t\t<\/dt><\/dl><dl class='gallery-item'>\n\t\t\t<dt class='gallery-icon portrait'>\n\t\t\t\t<a href='https:\/\/www.henin-beaumont.fr\/site\/wp-content\/uploads\/2015\/02\/RID7363.jpg'><img loading=\"lazy\" decoding=\"async\" width=\"140\" height=\"140\" src=\"https:\/\/www.henin-beaumont.fr\/site\/wp-content\/uploads\/2015\/02\/RID7363-140x140.jpg\" class=\"attachment-thumbnail size-thumbnail\" alt=\"\" \/><\/a>\n\t\t\t<\/dt><\/dl><dl class='gallery-item'>\n\t\t\t<dt class='gallery-icon landscape'>\n\t\t\t\t<a href='https:\/\/www.henin-beaumont.fr\/site\/wp-content\/uploads\/2015\/02\/RID7405.jpg'><img loading=\"lazy\" decoding=\"async\" width=\"140\" height=\"140\" src=\"https:\/\/www.henin-beaumont.fr\/site\/wp-content\/uploads\/2015\/02\/RID7405-140x140.jpg\" class=\"attachment-thumbnail size-thumbnail\" alt=\"\" \/><\/a>\n\t\t\t<\/dt><\/dl><br style=\"clear: both\" \/><dl class='gallery-item'>\n\t\t\t<dt class='gallery-icon portrait'>\n\t\t\t\t<a href='https:\/\/www.henin-beaumont.fr\/site\/wp-content\/uploads\/2015\/02\/RID7410.jpg'><img loading=\"lazy\" decoding=\"async\" width=\"140\" height=\"140\" src=\"https:\/\/www.henin-beaumont.fr\/site\/wp-content\/uploads\/2015\/02\/RID7410-140x140.jpg\" class=\"attachment-thumbnail size-thumbnail\" alt=\"\" \/><\/a>\n\t\t\t<\/dt><\/dl><dl class='gallery-item'>\n\t\t\t<dt class='gallery-icon landscape'>\n\t\t\t\t<a href='https:\/\/www.henin-beaumont.fr\/site\/wp-content\/uploads\/2015\/02\/RID7414.jpg'><img loading=\"lazy\" decoding=\"async\" width=\"140\" height=\"140\" src=\"https:\/\/www.henin-beaumont.fr\/site\/wp-content\/uploads\/2015\/02\/RID7414-140x140.jpg\" class=\"attachment-thumbnail size-thumbnail\" alt=\"\" \/><\/a>\n\t\t\t<\/dt><\/dl><dl class='gallery-item'>\n\t\t\t<dt class='gallery-icon landscape'>\n\t\t\t\t<a href='https:\/\/www.henin-beaumont.fr\/site\/wp-content\/uploads\/2015\/02\/RID7438.jpg'><img loading=\"lazy\" decoding=\"async\" width=\"140\" height=\"140\" src=\"https:\/\/www.henin-beaumont.fr\/site\/wp-content\/uploads\/2015\/02\/RID7438-140x140.jpg\" class=\"attachment-thumbnail size-thumbnail\" alt=\"\" \/><\/a>\n\t\t\t<\/dt><\/dl><br style=\"clear: both\" \/><dl class='gallery-item'>\n\t\t\t<dt class='gallery-icon portrait'>\n\t\t\t\t<a href='https:\/\/www.henin-beaumont.fr\/site\/wp-content\/uploads\/2015\/02\/RID7504.jpg'><img loading=\"lazy\" decoding=\"async\" width=\"140\" height=\"140\" src=\"https:\/\/www.henin-beaumont.fr\/site\/wp-content\/uploads\/2015\/02\/RID7504-140x140.jpg\" class=\"attachment-thumbnail size-thumbnail\" alt=\"\" \/><\/a>\n\t\t\t<\/dt><\/dl><dl class='gallery-item'>\n\t\t\t<dt class='gallery-icon portrait'>\n\t\t\t\t<a href='https:\/\/www.henin-beaumont.fr\/site\/wp-content\/uploads\/2015\/02\/RID7539.jpg'><img loading=\"lazy\" decoding=\"async\" width=\"140\" height=\"140\" src=\"https:\/\/www.henin-beaumont.fr\/site\/wp-content\/uploads\/2015\/02\/RID7539-140x140.jpg\" class=\"attachment-thumbnail size-thumbnail\" alt=\"\" \/><\/a>\n\t\t\t<\/dt><\/dl><dl class='gallery-item'>\n\t\t\t<dt class='gallery-icon portrait'>\n\t\t\t\t<a href='https:\/\/www.henin-beaumont.fr\/site\/wp-content\/uploads\/2015\/02\/RID7560.jpg'><img loading=\"lazy\" decoding=\"async\" width=\"140\" height=\"140\" src=\"https:\/\/www.henin-beaumont.fr\/site\/wp-content\/uploads\/2015\/02\/RID7560-140x140.jpg\" class=\"attachment-thumbnail size-thumbnail\" alt=\"\" \/><\/a>\n\t\t\t<\/dt><\/dl><br style=\"clear: both\" \/><dl class='gallery-item'>\n\t\t\t<dt class='gallery-icon landscape'>\n\t\t\t\t<a href='https:\/\/www.henin-beaumont.fr\/site\/wp-content\/uploads\/2015\/02\/RID7562.jpg'><img loading=\"lazy\" decoding=\"async\" width=\"140\" height=\"140\" src=\"https:\/\/www.henin-beaumont.fr\/site\/wp-content\/uploads\/2015\/02\/RID7562-140x140.jpg\" class=\"attachment-thumbnail size-thumbnail\" alt=\"\" \/><\/a>\n\t\t\t<\/dt><\/dl><dl class='gallery-item'>\n\t\t\t<dt class='gallery-icon portrait'>\n\t\t\t\t<a href='https:\/\/www.henin-beaumont.fr\/site\/wp-content\/uploads\/2015\/02\/RID7567.jpg'><img loading=\"lazy\" decoding=\"async\" width=\"140\" height=\"140\" src=\"https:\/\/www.henin-beaumont.fr\/site\/wp-content\/uploads\/2015\/02\/RID7567-140x140.jpg\" class=\"attachment-thumbnail size-thumbnail\" alt=\"\" \/><\/a>\n\t\t\t<\/dt><\/dl><dl class='gallery-item'>\n\t\t\t<dt class='gallery-icon landscape'>\n\t\t\t\t<a href='https:\/\/www.henin-beaumont.fr\/site\/wp-content\/uploads\/2015\/02\/RID7583.jpg'><img loading=\"lazy\" decoding=\"async\" width=\"140\" height=\"140\" src=\"https:\/\/www.henin-beaumont.fr\/site\/wp-content\/uploads\/2015\/02\/RID7583-140x140.jpg\" class=\"attachment-thumbnail size-thumbnail\" alt=\"\" \/><\/a>\n\t\t\t<\/dt><\/dl><br style=\"clear: both\" \/><dl class='gallery-item'>\n\t\t\t<dt class='gallery-icon landscape'>\n\t\t\t\t<a href='https:\/\/www.henin-beaumont.fr\/site\/wp-content\/uploads\/2015\/02\/RID7623.jpg'><img loading=\"lazy\" decoding=\"async\" width=\"140\" height=\"140\" src=\"https:\/\/www.henin-beaumont.fr\/site\/wp-content\/uploads\/2015\/02\/RID7623-140x140.jpg\" class=\"attachment-thumbnail size-thumbnail\" alt=\"\" \/><\/a>\n\t\t\t<\/dt><\/dl><dl class='gallery-item'>\n\t\t\t<dt class='gallery-icon portrait'>\n\t\t\t\t<a href='https:\/\/www.henin-beaumont.fr\/site\/wp-content\/uploads\/2015\/02\/RID7631.jpg'><img loading=\"lazy\" decoding=\"async\" width=\"140\" height=\"140\" src=\"https:\/\/www.henin-beaumont.fr\/site\/wp-content\/uploads\/2015\/02\/RID7631-140x140.jpg\" class=\"attachment-thumbnail size-thumbnail\" alt=\"\" \/><\/a>\n\t\t\t<\/dt><\/dl><dl class='gallery-item'>\n\t\t\t<dt class='gallery-icon portrait'>\n\t\t\t\t<a href='https:\/\/www.henin-beaumont.fr\/site\/wp-content\/uploads\/2015\/02\/RID7634.jpg'><img loading=\"lazy\" decoding=\"async\" width=\"140\" height=\"140\" src=\"https:\/\/www.henin-beaumont.fr\/site\/wp-content\/uploads\/2015\/02\/RID7634-140x140.jpg\" class=\"attachment-thumbnail size-thumbnail\" alt=\"\" \/><\/a>\n\t\t\t<\/dt><\/dl><br style=\"clear: both\" \/><dl class='gallery-item'>\n\t\t\t<dt class='gallery-icon landscape'>\n\t\t\t\t<a href='https:\/\/www.henin-beaumont.fr\/site\/wp-content\/uploads\/2015\/02\/RID7641.jpg'><img loading=\"lazy\" decoding=\"async\" width=\"140\" height=\"140\" src=\"https:\/\/www.henin-beaumont.fr\/site\/wp-content\/uploads\/2015\/02\/RID7641-140x140.jpg\" class=\"attachment-thumbnail size-thumbnail\" alt=\"\" \/><\/a>\n\t\t\t<\/dt><\/dl><dl class='gallery-item'>\n\t\t\t<dt class='gallery-icon portrait'>\n\t\t\t\t<a href='https:\/\/www.henin-beaumont.fr\/site\/wp-content\/uploads\/2015\/02\/RID7646.jpg'><img loading=\"lazy\" decoding=\"async\" width=\"140\" height=\"140\" src=\"https:\/\/www.henin-beaumont.fr\/site\/wp-content\/uploads\/2015\/02\/RID7646-140x140.jpg\" class=\"attachment-thumbnail size-thumbnail\" alt=\"\" \/><\/a>\n\t\t\t<\/dt><\/dl><dl class='gallery-item'>\n\t\t\t<dt class='gallery-icon landscape'>\n\t\t\t\t<a href='https:\/\/www.henin-beaumont.fr\/site\/wp-content\/uploads\/2015\/02\/RID7694.jpg'><img loading=\"lazy\" decoding=\"async\" width=\"140\" height=\"140\" src=\"https:\/\/www.henin-beaumont.fr\/site\/wp-content\/uploads\/2015\/02\/RID7694-140x140.jpg\" class=\"attachment-thumbnail size-thumbnail\" alt=\"\" \/><\/a>\n\t\t\t<\/dt><\/dl><br style=\"clear: both\" \/><dl class='gallery-item'>\n\t\t\t<dt class='gallery-icon landscape'>\n\t\t\t\t<a href='https:\/\/www.henin-beaumont.fr\/site\/wp-content\/uploads\/2015\/02\/RID7795.jpg'><img loading=\"lazy\" decoding=\"async\" width=\"140\" height=\"140\" src=\"https:\/\/www.henin-beaumont.fr\/site\/wp-content\/uploads\/2015\/02\/RID7795-140x140.jpg\" class=\"attachment-thumbnail size-thumbnail\" alt=\"\" \/><\/a>\n\t\t\t<\/dt><\/dl><dl class='gallery-item'>\n\t\t\t<dt class='gallery-icon landscape'>\n\t\t\t\t<a href='https:\/\/www.henin-beaumont.fr\/site\/wp-content\/uploads\/2015\/02\/RID7879.jpg'><img loading=\"lazy\" decoding=\"async\" width=\"140\" height=\"140\" src=\"https:\/\/www.henin-beaumont.fr\/site\/wp-content\/uploads\/2015\/02\/RID7879-140x140.jpg\" class=\"attachment-thumbnail size-thumbnail\" alt=\"\" \/><\/a>\n\t\t\t<\/dt><\/dl><dl class='gallery-item'>\n\t\t\t<dt class='gallery-icon landscape'>\n\t\t\t\t<a href='https:\/\/www.henin-beaumont.fr\/site\/wp-content\/uploads\/2015\/02\/RID7885.jpg'><img loading=\"lazy\" decoding=\"async\" width=\"140\" height=\"140\" src=\"https:\/\/www.henin-beaumont.fr\/site\/wp-content\/uploads\/2015\/02\/RID7885-140x140.jpg\" class=\"attachment-thumbnail size-thumbnail\" alt=\"\" \/><\/a>\n\t\t\t<\/dt><\/dl><br style=\"clear: both\" \/>\n\t\t<\/div>\n\n<p>&nbsp;<\/p>\n","protected":false},"excerpt":{"rendered":"<p>H\u00e9riti\u00e8re de l\u2019histoire mill\u00e9naire d\u2019H\u00e9nin-Li\u00e9tard, la ville conserve dans sa conception, sa topographie et ses b\u00e2timents les traces du Moyen-Age. Remises \u00e0 l\u2019honneur en 2014, les M\u00e9di\u00e9vales r\u00e9unissent durant un week-end de juin troubadours, fauconniers et chevaliers autour de mets roboratifs et de boissons \u00e0 l\u2019ancienne. Les enfants adorent, leurs parents aussi\u2026 &nbsp; &nbsp;<\/p>\n","protected":false},"author":1,"featured_media":0,"parent":0,"menu_order":0,"comment_status":"closed","ping_status":"closed","template":"template-mairie.php","meta":{"footnotes":""},"class_list":["post-283","page","type-page","status-publish","hentry"],"_links":{"self":[{"href":"https:\/\/www.henin-beaumont.fr\/site\/wp-json\/wp\/v2\/pages\/283","targetHints":{"allow":["GET"]}}],"collection":[{"href":"https:\/\/www.henin-beaumont.fr\/site\/wp-json\/wp\/v2\/pages"}],"about":[{"href":"https:\/\/www.henin-beaumont.fr\/site\/wp-json\/wp\/v2\/types\/page"}],"author":[{"embeddable":true,"href":"https:\/\/www.henin-beaumont.fr\/site\/wp-json\/wp\/v2\/users\/1"}],"replies":[{"embeddable":true,"href":"https:\/\/www.henin-beaumont.fr\/site\/wp-json\/wp\/v2\/comments?post=283"}],"version-history":[{"count":5,"href":"https:\/\/www.henin-beaumont.fr\/site\/wp-json\/wp\/v2\/pages\/283\/revisions"}],"predecessor-version":[{"id":3678,"href":"https:\/\/www.henin-beaumont.fr\/site\/wp-json\/wp\/v2\/pages\/283\/revisions\/3678"}],"wp:attachment":[{"href":"https:\/\/www.henin-beaumont.fr\/site\/wp-json\/wp\/v2\/media?parent=283"}],"curies":[{"name":"wp","href":"https:\/\/api.w.org\/{rel}","templated":true}]}}