
{"id":273,"date":"2015-02-17T16:19:23","date_gmt":"2015-02-17T16:19:23","guid":{"rendered":"http:\/\/henin-beaumont.fr\/site\/?page_id=273"},"modified":"2022-05-18T16:22:40","modified_gmt":"2022-05-18T14:22:40","slug":"mediatheque","status":"publish","type":"page","link":"https:\/\/www.henin-beaumont.fr\/site\/mediatheque\/","title":{"rendered":"M\u00e9diath\u00e8que"},"content":{"rendered":"<p><img loading=\"lazy\" decoding=\"async\" class=\"aligncenter size-full wp-image-3671\" src=\"http:\/\/www.henin-beaumont.fr\/site\/wp-content\/uploads\/2015\/02\/MEDIATHEQUE.png\" alt=\"MEDIATHEQUE\" width=\"687\" height=\"159\" srcset=\"https:\/\/www.henin-beaumont.fr\/site\/wp-content\/uploads\/2015\/02\/MEDIATHEQUE.png 687w, https:\/\/www.henin-beaumont.fr\/site\/wp-content\/uploads\/2015\/02\/MEDIATHEQUE-600x139.png 600w\" sizes=\"auto, (max-width: 687px) 100vw, 687px\" \/><\/p>\n<p>La m\u00e9diath\u00e8que est un lieu de rencontres et d\u2019acc\u00e8s gratuit \u00e0 l\u2019information.<\/p>\n<p>On y lit, on s\u2019informe, on se forme, on se distrait, on d\u00e9couvre, on \u00e9coute de la musique ou des histoires racont\u00e9es aux enfants ou aux plus grands. On y trouve toutes sortes de document sur tout type de sujet, une vraie malle aux tr\u00e9sors !<\/p>\n<p>C\u2019est aussi un lieu pour voir et rencontrer des artistes qui font du th\u00e9\u00e2tre, de la danse, des spectacles, des expositions, des concerts\u2026<\/p>\n<p>On y trouve :<\/p>\n<ul>\n<li>des livres, des dizaines de journaux et de revues aussi bien sur la cuisine que le bricolage ou l\u2019informatique, la marche du monde que l\u2019\u00e9tude de sujets plus pointus \u2026de la musique sous forme de CD, de concerts en DVD, de partitions et Song books\u2026<\/li>\n<li>des films de fiction ou documentaires sous forme de DVD, des revues et des livres de cin\u00e9ma\u2026<\/li>\n<li>des livres audio en CD ou MP3 avec des romans, des biographies, des guides touristiques\u2026<\/li>\n<li>des photos qu\u2019on peut accrocher chez soi pendant plusieurs mois et aussi des \u00abbeaux livres\u00bb sur la peinture, les arts d\u00e9coratifs, la technique photographique\u2026<\/li>\n<li>des romans \u00e9crits en gros caract\u00e8res pour faciliter la lecture.<\/li>\n<\/ul>\n<p>Les tout-petits qui ont acc\u00e8s d\u00e8s leur naissance \u00e0 des livres en tissus, des pop-up, des contes et beaucoup de CD avec des chansons qu\u2019on peut chanter en famille\u2026<\/p>\n<p>Un acc\u00e8s internet est disponible gratuitement.<\/p>\n<p>S\u2019abonner c\u2019est possible pour les b\u00e9b\u00e9s comme pour les plus anciens, qu\u2019on habite H\u00e9nin-Beaumont ou pas ! Pour cela, il vous faut une carte d&rsquo;abonnement qui est d\u00e9livr\u00e9e sur pr\u00e9sentation d&rsquo;une pi\u00e8ce d&rsquo;identit\u00e9, d&rsquo;un justificatif de domicile r\u00e9cent (quittance de loyer, eau, \u00e9lectricit\u00e9, gaz) et d&rsquo;une autorisation parentale pour les moins de 15 ans.<\/p>\n<p><strong><img loading=\"lazy\" decoding=\"async\" class=\"alignnone size-full wp-image-275\" src=\"http:\/\/henin-beaumont.fr\/site\/wp-content\/uploads\/2015\/02\/coor.jpg\" alt=\"coor\" width=\"768\" height=\"30\" srcset=\"https:\/\/www.henin-beaumont.fr\/site\/wp-content\/uploads\/2015\/02\/coor.jpg 768w, https:\/\/www.henin-beaumont.fr\/site\/wp-content\/uploads\/2015\/02\/coor-200x8.jpg 200w\" sizes=\"auto, (max-width: 768px) 100vw, 768px\" \/><\/strong><\/p>\n<p>M\u00e9diath\u00e8que<\/p>\n<p>245 rue de l&rsquo;Abbaye<\/p>\n<p>T\u00e9l. : 03-21-13-82-50<\/p>\n<p><strong><img loading=\"lazy\" decoding=\"async\" class=\"alignnone size-full wp-image-274\" src=\"http:\/\/henin-beaumont.fr\/site\/wp-content\/uploads\/2015\/02\/horaires.jpg\" alt=\"horaires\" width=\"768\" height=\"30\" srcset=\"https:\/\/www.henin-beaumont.fr\/site\/wp-content\/uploads\/2015\/02\/horaires.jpg 768w, https:\/\/www.henin-beaumont.fr\/site\/wp-content\/uploads\/2015\/02\/horaires-200x8.jpg 200w\" sizes=\"auto, (max-width: 768px) 100vw, 768px\" \/><\/strong><\/p>\n<p>mardi et jeudi de 14 h \u00e0 18 h 30<\/p>\n<p>mercredi de 10 h \u00e0 12 h et de 13 h 30 \u00e0 18 h 30<\/p>\n<p>jeudi de 14 h \u00e0 18 h 30<\/p>\n<p>vendredi de 10 h \u00e0 12 h et de 14 h \u00e0 18 h 30<\/p>\n<p>samedi de 13 h 30 \u00e0 18 h 30<\/p>\n","protected":false},"excerpt":{"rendered":"<p>La m\u00e9diath\u00e8que est un lieu de rencontres et d\u2019acc\u00e8s gratuit \u00e0 l\u2019information. On y lit, on s\u2019informe, on se forme, on se distrait, on d\u00e9couvre, on \u00e9coute de la musique ou des histoires racont\u00e9es aux enfants ou aux plus grands. On y trouve toutes sortes de document sur tout type de sujet, une vraie malle [&hellip;]<\/p>\n","protected":false},"author":1,"featured_media":0,"parent":0,"menu_order":0,"comment_status":"closed","ping_status":"closed","template":"template-mairie.php","meta":{"footnotes":""},"class_list":["post-273","page","type-page","status-publish","hentry"],"_links":{"self":[{"href":"https:\/\/www.henin-beaumont.fr\/site\/wp-json\/wp\/v2\/pages\/273","targetHints":{"allow":["GET"]}}],"collection":[{"href":"https:\/\/www.henin-beaumont.fr\/site\/wp-json\/wp\/v2\/pages"}],"about":[{"href":"https:\/\/www.henin-beaumont.fr\/site\/wp-json\/wp\/v2\/types\/page"}],"author":[{"embeddable":true,"href":"https:\/\/www.henin-beaumont.fr\/site\/wp-json\/wp\/v2\/users\/1"}],"replies":[{"embeddable":true,"href":"https:\/\/www.henin-beaumont.fr\/site\/wp-json\/wp\/v2\/comments?post=273"}],"version-history":[{"count":6,"href":"https:\/\/www.henin-beaumont.fr\/site\/wp-json\/wp\/v2\/pages\/273\/revisions"}],"predecessor-version":[{"id":8732,"href":"https:\/\/www.henin-beaumont.fr\/site\/wp-json\/wp\/v2\/pages\/273\/revisions\/8732"}],"wp:attachment":[{"href":"https:\/\/www.henin-beaumont.fr\/site\/wp-json\/wp\/v2\/media?parent=273"}],"curies":[{"name":"wp","href":"https:\/\/api.w.org\/{rel}","templated":true}]}}