
{"id":234,"date":"2015-02-17T15:54:21","date_gmt":"2015-02-17T15:54:21","guid":{"rendered":"http:\/\/henin-beaumont.fr\/site\/?page_id=234"},"modified":"2025-09-03T09:12:43","modified_gmt":"2025-09-03T07:12:43","slug":"234-2","status":"publish","type":"page","link":"https:\/\/www.henin-beaumont.fr\/site\/234-2\/","title":{"rendered":"Ecole AP"},"content":{"rendered":"<h2><img loading=\"lazy\" decoding=\"async\" class=\"aligncenter size-full wp-image-3669\" src=\"http:\/\/www.henin-beaumont.fr\/site\/wp-content\/uploads\/2015\/02\/ECOLEARTS.png\" alt=\"ECOLEARTS\" width=\"687\" height=\"159\" srcset=\"https:\/\/www.henin-beaumont.fr\/site\/wp-content\/uploads\/2015\/02\/ECOLEARTS.png 687w, https:\/\/www.henin-beaumont.fr\/site\/wp-content\/uploads\/2015\/02\/ECOLEARTS-600x139.png 600w\" sizes=\"auto, (max-width: 687px) 100vw, 687px\" \/><\/h2>\n<h2><img loading=\"lazy\" decoding=\"async\" class=\"alignnone size-full wp-image-245\" src=\"http:\/\/henin-beaumont.fr\/site\/wp-content\/uploads\/2015\/02\/lecole2.jpg\" alt=\"lecole\" width=\"768\" height=\"30\" srcset=\"https:\/\/www.henin-beaumont.fr\/site\/wp-content\/uploads\/2015\/02\/lecole2.jpg 768w, https:\/\/www.henin-beaumont.fr\/site\/wp-content\/uploads\/2015\/02\/lecole2-200x8.jpg 200w\" sizes=\"auto, (max-width: 768px) 100vw, 768px\" \/><\/h2>\n<p>L\u2019\u00e9cole municipale d\u2019arts plastiques (ouverte en 1992) est un espace de diffusion privil\u00e9gi\u00e9 de la culture au sein de la ville. Sensibiliser \u00e0 la cr\u00e9ation, former \u00e0 l\u2019observation et informer sur les courants artistiques sont ses missions premi\u00e8res.<\/p>\n<p>Les enseignements de l\u2019\u00e9cole municipale d\u2019art plastiques s\u2019adressent aux enfants \u00e0 partir de 7 ans ainsi qu\u2019aux adultes sans limite d\u2019\u00e2ge.<\/p>\n<p>L\u2019\u00e9cole est situ\u00e9e au 39 rue Elie Gruyelle, au premier \u00e9tage de l\u2019Espace Lumi\u00e8re. Vous pouvez nous joindre au 03 21 49 11 88 ou par mail : SeverineMARTIN@mairie-heninbeaumont.fr<\/p>\n<p>&nbsp;<\/p>\n<h2><img loading=\"lazy\" decoding=\"async\" class=\"alignnone size-full wp-image-246\" src=\"http:\/\/henin-beaumont.fr\/site\/wp-content\/uploads\/2015\/02\/ateliersenfants1.jpg\" alt=\"ateliersenfants\" width=\"768\" height=\"30\" srcset=\"https:\/\/www.henin-beaumont.fr\/site\/wp-content\/uploads\/2015\/02\/ateliersenfants1.jpg 768w, https:\/\/www.henin-beaumont.fr\/site\/wp-content\/uploads\/2015\/02\/ateliersenfants1-200x8.jpg 200w\" sizes=\"auto, (max-width: 768px) 100vw, 768px\" \/><\/h2>\n<p class=\" text-JUSTIFY\">Les cours, encadr\u00e9s par Thierry VERBEKE, sont destin\u00e9s aux enfants de 7 ans et plus. Les enfants sont initi\u00e9s aux diverses techniques des arts plastiques : peinture, collage, dessin, volume\u2026 Chaque enfant profite d\u2019un accompagnement individuel et peut ainsi justifier ses choix artistiques.<\/p>\n<ul>\n<li class=\" text-JUSTIFY\">10 h \u00e0 12 h : enfants de 7 \u00e0 14 ans<\/li>\n<li class=\" text-JUSTIFY\">14 h \u00e0 16 h : enfants de 7 \u00e0 14 ans<\/li>\n<\/ul>\n<p>12 enfants inscrits au maximum par cours.<\/p>\n<p>&nbsp;<\/p>\n<h3><img loading=\"lazy\" decoding=\"async\" class=\"alignnone size-full wp-image-247\" src=\"http:\/\/henin-beaumont.fr\/site\/wp-content\/uploads\/2015\/02\/ateliersadultes1.jpg\" alt=\"ateliersadultes\" width=\"768\" height=\"30\" srcset=\"https:\/\/www.henin-beaumont.fr\/site\/wp-content\/uploads\/2015\/02\/ateliersadultes1.jpg 768w, https:\/\/www.henin-beaumont.fr\/site\/wp-content\/uploads\/2015\/02\/ateliersadultes1-200x8.jpg 200w\" sizes=\"auto, (max-width: 768px) 100vw, 768px\" \/><\/h3>\n<p>Mercredi de 16 h 30 \u00e0 19 h : <strong>atelier c\u00e9ramique<\/strong><br \/>\nLes techniques de la c\u00e9ramique sont la base du cours du mercredi. Le cours est encadr\u00e9 par Thierry Verbeke. On y aborde les techniques du modelage, du tournage et de l\u2019\u00e9maillage, suivant les demandes des participants. Un int\u00e9r\u00eat pour les artistes contemporains utilisant la c\u00e9ramique comme medium est privil\u00e9gi\u00e9.<\/p>\n<p>Mardi de 14 h 30 \u00e0 16 h 30 et de 17 h 30 \u00e0 19 h : <strong>Atelier libre<\/strong><br \/>\nEncadr\u00e9 par Lionel Ringot, ces cours s\u2019adressent \u00e0 des \u00e9l\u00e8ves ayant d\u00e9j\u00e0 des notions et qui souhaitent poursuivre un travail personnel accompagn\u00e9 de l\u2019enseignant.<br \/>\n20 personnes au maximum par cours.<\/p>\n<p>Jeudi de 10h \u00e0 12h : <strong>cours de techniques picturales<\/strong><br \/>\nLors de ce cours vous pourrez vous familiariser avec les techniques du dessin, de la peinture \u00e0 l\u2019huile, de l\u2019aquarelle\u2026<\/p>\n<p>&nbsp;<\/p>\n<h3><img loading=\"lazy\" decoding=\"async\" class=\"alignnone size-full wp-image-249\" src=\"http:\/\/henin-beaumont.fr\/site\/wp-content\/uploads\/2015\/02\/atelierscadrescolaire1.jpg\" alt=\"atelierscadrescolaire\" width=\"768\" height=\"30\" srcset=\"https:\/\/www.henin-beaumont.fr\/site\/wp-content\/uploads\/2015\/02\/atelierscadrescolaire1.jpg 768w, https:\/\/www.henin-beaumont.fr\/site\/wp-content\/uploads\/2015\/02\/atelierscadrescolaire1-200x8.jpg 200w\" sizes=\"auto, (max-width: 768px) 100vw, 768px\" \/><\/h3>\n<ul>\n<li>Jeudi de 14 h 30 \u00e0 16 h 30<\/li>\n<li>Vendredi de 9 h 30 \u00e0 11 h 30 et de 14 h 30 \u00e0 16 h 30<\/li>\n<\/ul>\n<p>&nbsp;<\/p>\n<h2><img loading=\"lazy\" decoding=\"async\" class=\"alignnone size-full wp-image-250\" src=\"http:\/\/henin-beaumont.fr\/site\/wp-content\/uploads\/2015\/02\/fac1.jpg\" alt=\"fac\" width=\"768\" height=\"30\" srcset=\"https:\/\/www.henin-beaumont.fr\/site\/wp-content\/uploads\/2015\/02\/fac1.jpg 768w, https:\/\/www.henin-beaumont.fr\/site\/wp-content\/uploads\/2015\/02\/fac1-200x8.jpg 200w\" sizes=\"auto, (max-width: 768px) 100vw, 768px\" \/><\/h2>\n<p>Le fonds d\u2019art contemporain de l\u2019\u00e9cole municipale d\u2019arts plastiques rassemble une cinquantaine d\u2019\u0153uvres d\u2019art contemporain. Cet ensemble, cr\u00e9\u00e9 \u00e0 la suite de dons d\u2019artistes, a pour vocation la constitution d\u2019une collection d\u2019\u0153uvres d\u2019art contemporain et sa diffusion sur l\u2019ensemble de la ville.<\/p>\n<p>Les \u0153uvres sont issues de toutes les disciplines artistiques : dessin, gravure, peinture, collage, sculpture, photographie\u2026<\/p>\n<p>Figurent entre autre dans cette collection des travaux de : Kenneth ALFRED, Jean-Charles BLAN, Pierre BURAGLIO, Henri CUEGO, Milos CVACH, Norman DILWORTH, Bertrand GADENNE, Fran\u00e7ois MARTIN, Ivan MESSAC\u2026<\/p>\n<p>Dans le cadre de la sensibilisation \u00e0 l\u2019\u0153uvre d\u2019art et \u00e0 la diffusion de l\u2019art \u00e0 travers la ville, l\u2019\u00e9cole municipale d\u2019arts plastiques met en place des pr\u00eats et des expositions en milieu scolaire et dans divers lieux publics de la ville<\/p>\n<p>&nbsp;<\/p>\n<p><img loading=\"lazy\" decoding=\"async\" class=\"alignnone size-full wp-image-251\" src=\"http:\/\/henin-beaumont.fr\/site\/wp-content\/uploads\/2015\/02\/tarifsinscription1.jpg\" alt=\"tarifsinscription\" width=\"768\" height=\"30\" srcset=\"https:\/\/www.henin-beaumont.fr\/site\/wp-content\/uploads\/2015\/02\/tarifsinscription1.jpg 768w, https:\/\/www.henin-beaumont.fr\/site\/wp-content\/uploads\/2015\/02\/tarifsinscription1-200x8.jpg 200w\" sizes=\"auto, (max-width: 768px) 100vw, 768px\" \/><\/p>\n<ul>\n<li>\u00c9l\u00e8ves habitant la commune d\u2019H\u00e9nin-Beaumont : 40 \u20ac \/ an<\/li>\n<li>Gratuit\u00e9 pour les \u00e9l\u00e8ves non-imposables<\/li>\n<li>A partir de la deuxi\u00e8me personne de la m\u00eame famille : 20 \u20ac \/ an<\/li>\n<li>Inscription \u00e0 partir du 1er F\u00e9vrier 2026 : 20 \u20ac<\/li>\n<li>\u00c9l\u00e8ves non H\u00e9ninois : 80 \u20ac \/ an<\/li>\n<li>Inscription \u00e0 partir du 1er F\u00e9vrier 2026 : 40 \u20ac<\/li>\n<li>Le mat\u00e9riel est fourni par l\u2019\u00e9cole<\/li>\n<\/ul>\n<p>Les personnes inscrites b\u00e9n\u00e9ficient de l\u2019acc\u00e8s gratuit \u00e0 la biblioth\u00e8que de l\u2019\u00e9cole r\u00e9unissant un ensemble de monographies d\u2019artistes et de livres d\u2019histoire de l\u2019art.<\/p>\n","protected":false},"excerpt":{"rendered":"<p>L\u2019\u00e9cole municipale d\u2019arts plastiques (ouverte en 1992) est un espace de diffusion privil\u00e9gi\u00e9 de la culture au sein de la ville. Sensibiliser \u00e0 la cr\u00e9ation, former \u00e0 l\u2019observation et informer sur les courants artistiques sont ses missions premi\u00e8res. Les enseignements de l\u2019\u00e9cole municipale d\u2019art plastiques s\u2019adressent aux enfants \u00e0 partir de 7 ans ainsi qu\u2019aux [&hellip;]<\/p>\n","protected":false},"author":1,"featured_media":0,"parent":0,"menu_order":0,"comment_status":"closed","ping_status":"closed","template":"template-mairie.php","meta":{"footnotes":""},"class_list":["post-234","page","type-page","status-publish","hentry"],"_links":{"self":[{"href":"https:\/\/www.henin-beaumont.fr\/site\/wp-json\/wp\/v2\/pages\/234","targetHints":{"allow":["GET"]}}],"collection":[{"href":"https:\/\/www.henin-beaumont.fr\/site\/wp-json\/wp\/v2\/pages"}],"about":[{"href":"https:\/\/www.henin-beaumont.fr\/site\/wp-json\/wp\/v2\/types\/page"}],"author":[{"embeddable":true,"href":"https:\/\/www.henin-beaumont.fr\/site\/wp-json\/wp\/v2\/users\/1"}],"replies":[{"embeddable":true,"href":"https:\/\/www.henin-beaumont.fr\/site\/wp-json\/wp\/v2\/comments?post=234"}],"version-history":[{"count":11,"href":"https:\/\/www.henin-beaumont.fr\/site\/wp-json\/wp\/v2\/pages\/234\/revisions"}],"predecessor-version":[{"id":11252,"href":"https:\/\/www.henin-beaumont.fr\/site\/wp-json\/wp\/v2\/pages\/234\/revisions\/11252"}],"wp:attachment":[{"href":"https:\/\/www.henin-beaumont.fr\/site\/wp-json\/wp\/v2\/media?parent=234"}],"curies":[{"name":"wp","href":"https:\/\/api.w.org\/{rel}","templated":true}]}}