
{"id":1341,"date":"2015-03-31T13:47:11","date_gmt":"2015-03-31T13:47:11","guid":{"rendered":"http:\/\/henin-beaumont.fr\/site\/?page_id=1341"},"modified":"2023-02-28T14:29:57","modified_gmt":"2023-02-28T12:29:57","slug":"relations-publiques","status":"publish","type":"page","link":"https:\/\/www.henin-beaumont.fr\/site\/relations-publiques\/","title":{"rendered":"Service Manifestations"},"content":{"rendered":"<p><img loading=\"lazy\" decoding=\"async\" class=\"size-full wp-image-8715 aligncenter\" src=\"http:\/\/www.henin-beaumont.fr\/site\/wp-content\/uploads\/2022\/05\/Sans-titre-7.png\" alt=\"\" width=\"592\" height=\"57\" \/><\/p>\n<p>&nbsp;<\/p>\n<p style=\"text-align: center;\">Service Manifestations<\/p>\n<p style=\"text-align: center;\">1 place Jean Jaur\u00e8s<\/p>\n<p style=\"text-align: center;\">03 21 74 87 27<\/p>\n<p style=\"text-align: center;\">Horaires : de 8 h 30 \u00e0 12 h et de 13 h 30 \u00e0 17 h 15<\/p>\n<p>&nbsp;<\/p>\n<p>Le service des Manifestations g\u00e8re l&rsquo;ensemble des manifestations municipales, associatives et les demandes de particuliers en mati\u00e8res d&rsquo;organisation et de location de salles.<\/p>\n","protected":false},"excerpt":{"rendered":"<p>&nbsp; Service Manifestations 1 place Jean Jaur\u00e8s 03 21 74 87 27 Horaires : de 8 h 30 \u00e0 12 h et de 13 h 30 \u00e0 17 h 15 &nbsp; Le service des Manifestations g\u00e8re l&rsquo;ensemble des manifestations municipales, associatives et les demandes de particuliers en mati\u00e8res d&rsquo;organisation et de location de salles.<\/p>\n","protected":false},"author":1,"featured_media":0,"parent":0,"menu_order":0,"comment_status":"closed","ping_status":"closed","template":"template-mairie.php","meta":{"footnotes":""},"class_list":["post-1341","page","type-page","status-publish","hentry"],"_links":{"self":[{"href":"https:\/\/www.henin-beaumont.fr\/site\/wp-json\/wp\/v2\/pages\/1341","targetHints":{"allow":["GET"]}}],"collection":[{"href":"https:\/\/www.henin-beaumont.fr\/site\/wp-json\/wp\/v2\/pages"}],"about":[{"href":"https:\/\/www.henin-beaumont.fr\/site\/wp-json\/wp\/v2\/types\/page"}],"author":[{"embeddable":true,"href":"https:\/\/www.henin-beaumont.fr\/site\/wp-json\/wp\/v2\/users\/1"}],"replies":[{"embeddable":true,"href":"https:\/\/www.henin-beaumont.fr\/site\/wp-json\/wp\/v2\/comments?post=1341"}],"version-history":[{"count":10,"href":"https:\/\/www.henin-beaumont.fr\/site\/wp-json\/wp\/v2\/pages\/1341\/revisions"}],"predecessor-version":[{"id":9380,"href":"https:\/\/www.henin-beaumont.fr\/site\/wp-json\/wp\/v2\/pages\/1341\/revisions\/9380"}],"wp:attachment":[{"href":"https:\/\/www.henin-beaumont.fr\/site\/wp-json\/wp\/v2\/media?parent=1341"}],"curies":[{"name":"wp","href":"https:\/\/api.w.org\/{rel}","templated":true}]}}