
{"id":1317,"date":"2015-03-30T11:51:25","date_gmt":"2015-03-30T11:51:25","guid":{"rendered":"http:\/\/henin-beaumont.fr\/site\/?page_id=1317"},"modified":"2020-10-13T16:58:37","modified_gmt":"2020-10-13T14:58:37","slug":"mentions-legales","status":"publish","type":"page","link":"https:\/\/www.henin-beaumont.fr\/site\/mentions-legales\/","title":{"rendered":"Mentions l\u00e9gales"},"content":{"rendered":"<div id=\"central\">\n<div class=\"contenu\">\n<h2><img loading=\"lazy\" decoding=\"async\" class=\"alignnone size-full wp-image-1319\" src=\"http:\/\/henin-beaumont.fr\/site\/wp-content\/uploads\/2015\/03\/mentionslegales.png\" alt=\"mentionslegales\" width=\"687\" height=\"229\" \/><\/h2>\n<h2>Adresse :<\/h2>\n<p>Mairie d&rsquo;H\u00e9nin-Beaumont<br \/>\nPlace Jean Jaur\u00e8s<br \/>\n62110 HENIN-BEAUMONT<br \/>\n<abbr title=\"T\u00e9l\u00e9phone\">T\u00e9l<\/abbr> : 03 21 74 87 00<\/p>\n<p><strong>Directrice de la publication :<\/strong> Huguette Fatna<br \/>\n<strong>R\u00e9alisation :<\/strong> Service communication Ville d&rsquo;H\u00e9nin-Beaumont,<br \/>\nsite r\u00e9alis\u00e9 en interne \u00e0 l&rsquo;aide du CMS WordPress<br \/>\n<strong>Cr\u00e9dit photos :<\/strong>\u00a0Service communication\u00a0Ville d&rsquo;H\u00e9nin-Beaumont et Fotolia.com<\/p>\n<h2>Liens hypertextes :<\/h2>\n<p>Sur autorisation pr\u00e9alable et expresse, la ville d&rsquo;H\u00e9nin-Beaumont permet l\u2019\u00e9tablissement de liens hypertextes vers son site pour tous les sites internet, \u00e0 l\u2019exclusion de ceux diffusant des informations \u00e0 caract\u00e8re pol\u00e9mique, pornographique, x\u00e9nophobe ou pouvant, dans une plus large mesure porter atteinte \u00e0 la sensibilit\u00e9 du plus grand nombre.<br \/>\nLes liens hypertextes pr\u00e9sents sur le site de la ville d&rsquo;H\u00e9nin-Beaumont et aiguillant les utilisateurs vers d&rsquo;autres sites internet ne sauraient engager la responsabilit\u00e9 de la ville d&rsquo;H\u00e9nin-Beaumont quant au contenu de ces sites.<\/p>\n<h2>Informatique et Libert\u00e9 :<\/h2>\n<p>www.mairie-heninbeaumont.fr a fait l&rsquo;objet d&rsquo;une d\u00e9claration aupr\u00e8s de la Commission Nationale de l&rsquo;Informatique et des Libert\u00e9s. En cons\u00e9quence le site respecte totalement les r\u00e8gles \u00e9mises par la CNIL.<\/p>\n<p>Les donn\u00e9es personnelles recueillies sur le site r\u00e9sultent de la communication volontaire d&rsquo;une adresse de courrier \u00e9lectronique lors du d\u00e9p\u00f4t d&rsquo;un message \u00e9lectronique. Les adresses e-mail ainsi recueillies ne servent qu\u2019\u00e0 transmettre les \u00e9l\u00e9ments d\u2019information demand\u00e9s. Les adresses \u00e9lectroniques collect\u00e9es ne feront l\u2019objet d\u2019aucune cession \u00e0 des tiers ni d\u2019aucun traitement de la part de la ville d&rsquo;H\u00e9nin-Beaumont.<\/p>\n<p>Conform\u00e9ment au R\u00e8glement G\u00e9n\u00e9ral sur la Protection des Donn\u00e9es (General Data Protection R\u00e9gulation) adopt\u00e9 par le Parlement europ\u00e9en le 14 avril 2016, et \u00e0 la Loi Informatique et Libert\u00e9s du 6 janvier 1978 modifi\u00e9e :<\/p>\n<\/div>\n<\/div>\n<p><strong>Responsable du traitement :\u00a0<\/strong><\/p>\n<p>Mairie d&rsquo;H\u00e9nin-Beaumont<br \/>\nPlace Jean Jaur\u00e8s<br \/>\n62110 HENIN-BEAUMONT<br \/>\ncommunication@mairie-heninbeaumont.fr<\/p>\n<p><strong>Finalit\u00e9s du traitement :<\/strong><\/p>\n<p><em><strong>Statistiques :<\/strong><\/em><\/p>\n<p>Nos serveurs ne sont pas configur\u00e9s pour collecter des informations personnelles sur les visiteurs du site en dehors des donn\u00e9es techniques suivantes : provenance des connexions (fournisseur d&rsquo;acc\u00e8s), adresse IP, type et version du navigateur utilis\u00e9. Les donn\u00e9es de trafic ont uniquement pour finalit\u00e9 de nous permettre d\u2019analyser la fr\u00e9quentation de nos pages d&rsquo;information afin d&rsquo;en am\u00e9liorer le contenu.<\/p>\n<p>Les donn\u00e9es relatives \u00e0 la navigation des visiteurs ne sont pas exploit\u00e9es nominativement. Il s&rsquo;agit de statistiques agr\u00e9g\u00e9es permettant de conna\u00eetre les pages les plus et les moins populaires, les chemins pr\u00e9f\u00e9r\u00e9s, les niveaux d&rsquo;activit\u00e9 par jour de la semaine et par heure de la journ\u00e9e, les principales erreurs clients ou serveur\u2026<\/p>\n<p><em><strong>News Letter :<\/strong><\/em><\/p>\n<p>Les donn\u00e9es collect\u00e9es lorsque vous accorder votre consentement \u00e0 recevoir notre lettre d&rsquo;info&rsquo; sont uniquement exploit\u00e9 pour l&rsquo;envoi des lettres d&rsquo;information (6 maximum par mois)<\/p>\n<p><strong>Destinataire :<\/strong><\/p>\n<p>La Mairie d&rsquo;H\u00e9nin-Beaumont est l&rsquo;unique destinataire des informations collect\u00e9es et ne peut pas les c\u00e9der \u00e0 des tiers.<\/p>\n<p><strong>Dur\u00e9e de conservation :<\/strong><\/p>\n<p>Les donn\u00e9es statistiques non nominatives du site internet sont conserv\u00e9es pour une dur\u00e9e maximum de 24 mois<\/p>\n<p><em>News Letter :<\/em><\/p>\n<p>Vos donn\u00e9es sont conserv\u00e9es le temps de votre consentement. Un e-mail de renouvellement de votre consentement vous sera adress\u00e9 tous les 12 mois.<\/p>\n<p><strong>Droits d&rsquo;acc\u00e8s \u00e0 vos donn\u00e9es<\/strong><\/p>\n<p>Vous disposez d&rsquo;un droit d&rsquo;acc\u00e8s \u00e0 vos donn\u00e9es en \u00e9crivant par voie postale au Responsable du traitement ou par mail \u00e0 : communication@mairie-heninbeaumont.fr<\/p>\n<p><strong>Droit de rectification des donn\u00e9es<\/strong><\/p>\n<p>Vous disposez d&rsquo;un droit de r\u00e9ctification de vos donn\u00e9es en \u00e9crivant par voie postale au Responsable du traitement ou par mail \u00e0 : communication@mairie-heninbeaumont.fr<\/p>\n<p><strong>D\u00e9lai de r\u00e9ponse :<\/strong><\/p>\n<p>Le responsable du traitement s&rsquo;engage \u00e0 apporter une r\u00e9ponse \u00e0 vos demandes d&rsquo;acc\u00e8s ou de rectification dans un d\u00e9lai maximum de 30 jours.<\/p>\n<div id=\"central\">\n<div class=\"contenu\">\n<h2>Droit d&rsquo;auteur, droits sur les textes, photos, vid\u00e9os et dessins :<\/h2>\n<p>Le pr\u00e9sent site constitue une \u0153uvre dont la ville d&rsquo;H\u00e9nin-Beaumont est l&rsquo;auteur au sens des articles L. 111.1 et suivants du Code de la propri\u00e9t\u00e9 intellectuelle.<br \/>\nLes photographies, textes, logos, pictogrammes, ainsi que toutes \u0153uvres int\u00e9gr\u00e9es dans le site sont la propri\u00e9t\u00e9 de la ville d&rsquo;H\u00e9nin-Beaumont ou de tiers ayant autoris\u00e9 la ville d&rsquo;H\u00e9nin-Beaumont \u00e0 les utiliser.<br \/>\nLes reproductions, les transmissions, les modifications, les r\u00e9utilisations, sur un support papier ou informatique, dudit site et des \u0153uvres qui y sont reproduites ne sont autoris\u00e9es que pour un usage personnel et priv\u00e9 conforme aux dispositions de l&rsquo;article L 122-5 du Code de la Propri\u00e9t\u00e9 Intellectuelle, et sous r\u00e9serve du respect des conditions suivantes :<\/p>\n<ul>\n<li>Gratuit\u00e9 de la diffusion,<\/li>\n<li>Respect de l&rsquo;int\u00e9grit\u00e9 des documents reproduits : pas de modification ni alt\u00e9ration d&rsquo;aucune sorte,<\/li>\n<li>Indication claire de la source et l\u2019auteur du site et\/ou de ces \u0153uvres multim\u00e9dias sous la forme \u00ab\u00a0ce document provient du site \u00ab\u00a0<\/li>\n<\/ul>\n<p>En aucun cas ces reproductions ne sauraient porter pr\u00e9judice aux droits des tiers. Les reproductions, les transmissions, les modifications, les r\u00e9utilisations \u00e0 des fins publicitaires, commerciales ou d&rsquo;information, de tout ou partie du site, sont totalement interdites.<br \/>\nToute personne ne respectant pas les dispositions l\u00e9gales applicables se rend coupable du d\u00e9lit de contrefa\u00e7on et est passible des sanctions p\u00e9nales pr\u00e9vues par la loi.<\/p>\n<h2>Mise en garde g\u00e9n\u00e9rale :<\/h2>\n<p>Nos services mettent tout en \u0153uvre pour offrir aux visiteurs de ce site web des informations fiables et v\u00e9rifi\u00e9es. Cependant, malgr\u00e9 tous les soins apport\u00e9s, le site peut comporter des inexactitudes, des d\u00e9fauts de mise \u00e0 jour ou des erreurs. Nous remercions les utilisateurs du site de nous faire part d\u2019\u00e9ventuelles omissions, erreurs ou corrections par courriel.<\/p>\n<\/div>\n<\/div>\n<div id=\"wrap-cartouches\"><\/div>\n","protected":false},"excerpt":{"rendered":"<p>Adresse : Mairie d&rsquo;H\u00e9nin-Beaumont Place Jean Jaur\u00e8s 62110 HENIN-BEAUMONT T\u00e9l : 03 21 74 87 00 Directrice de la publication : Huguette Fatna R\u00e9alisation : Service communication Ville d&rsquo;H\u00e9nin-Beaumont, site r\u00e9alis\u00e9 en interne \u00e0 l&rsquo;aide du CMS WordPress Cr\u00e9dit photos :\u00a0Service communication\u00a0Ville d&rsquo;H\u00e9nin-Beaumont et Fotolia.com Liens hypertextes : Sur autorisation pr\u00e9alable et expresse, la ville [&hellip;]<\/p>\n","protected":false},"author":1,"featured_media":0,"parent":0,"menu_order":0,"comment_status":"closed","ping_status":"closed","template":"template-mairie.php","meta":{"footnotes":""},"class_list":["post-1317","page","type-page","status-publish","hentry"],"_links":{"self":[{"href":"https:\/\/www.henin-beaumont.fr\/site\/wp-json\/wp\/v2\/pages\/1317","targetHints":{"allow":["GET"]}}],"collection":[{"href":"https:\/\/www.henin-beaumont.fr\/site\/wp-json\/wp\/v2\/pages"}],"about":[{"href":"https:\/\/www.henin-beaumont.fr\/site\/wp-json\/wp\/v2\/types\/page"}],"author":[{"embeddable":true,"href":"https:\/\/www.henin-beaumont.fr\/site\/wp-json\/wp\/v2\/users\/1"}],"replies":[{"embeddable":true,"href":"https:\/\/www.henin-beaumont.fr\/site\/wp-json\/wp\/v2\/comments?post=1317"}],"version-history":[{"count":10,"href":"https:\/\/www.henin-beaumont.fr\/site\/wp-json\/wp\/v2\/pages\/1317\/revisions"}],"predecessor-version":[{"id":6888,"href":"https:\/\/www.henin-beaumont.fr\/site\/wp-json\/wp\/v2\/pages\/1317\/revisions\/6888"}],"wp:attachment":[{"href":"https:\/\/www.henin-beaumont.fr\/site\/wp-json\/wp\/v2\/media?parent=1317"}],"curies":[{"name":"wp","href":"https:\/\/api.w.org\/{rel}","templated":true}]}}