
{"id":1315,"date":"2015-03-30T11:38:21","date_gmt":"2015-03-30T11:38:21","guid":{"rendered":"http:\/\/henin-beaumont.fr\/site\/?page_id=1315"},"modified":"2019-09-06T12:29:47","modified_gmt":"2019-09-06T10:29:47","slug":"accessibilite","status":"publish","type":"page","link":"https:\/\/www.henin-beaumont.fr\/site\/accessibilite\/","title":{"rendered":"Accessibilit\u00e9"},"content":{"rendered":"<p><img loading=\"lazy\" decoding=\"async\" class=\"alignnone size-full wp-image-6048\" src=\"http:\/\/www.henin-beaumont.fr\/site\/wp-content\/uploads\/2019\/09\/accessibilit\u00e9.png\" alt=\"\" width=\"386\" height=\"136\" \/><\/p>\n<p>L&rsquo;article 47 de la <a title=\"Loi n\u00b02005-102 du 11 f\u00e9vrier 2005, nouvelle fen\u00eatre\" href=\"http:\/\/www.legifrance.gouv.fr\/affichTexte.do?cidTexte=JORFTEXT000000809647&amp;dateTexte=\" target=\"_blank\" rel=\"noopener\">loi n\u00b0\u00a02005-102 du 11 f\u00e9vrier 2005<\/a> pour l\u2019\u00e9galit\u00e9 des droits et des chances, la participation et la citoyennet\u00e9 des personnes handicap\u00e9es, fait de l\u2019accessibilit\u00e9 une exigence pour tous les services de communication publique en ligne de l\u2019\u00c9tat, des collectivit\u00e9s territoriales et des \u00e9tablissements publics qui en d\u00e9pendent. Il stipule que les informations diffus\u00e9es par ces services doivent \u00eatre accessibles \u00e0 tous. Le R\u00e9f\u00e9rentiel G\u00e9n\u00e9ral d&rsquo;Accessibilit\u00e9 pour les Administrations (RGAA) permettra de rendre progressivement accessible l&rsquo;ensemble des informations fournies par ces services.<\/p>\n<p>&nbsp;<\/p>\n<p>Le site web de la mairie d&rsquo;H\u00e9nin-Beaumont souhaite \u00eatre le plus accessible possible :<\/p>\n<h2>&#8211; Zoom texte<\/h2>\n<p>Les boutons situ\u00e9s en haut \u00e0 droite de votre \u00e9cran permettent d&rsquo;ajuster la taille du texte<\/p>\n<h2>&#8211; Plan du site<\/h2>\n<p>Le plan du site reprend l&rsquo;ensemble des onglets disponible sur le site. Afin de faciliter au maximum la navigation, nous avons souhait\u00e9 rendre l&rsquo;information accessible en 2 clics maximum<\/p>\n<h2>&#8211; Acc\u00e8s direct \u00e0 l&rsquo;accueil<\/h2>\n<p>Le logo situ\u00e9 en haut \u00e0 droite vous permet un retour direct \u00e0 la page d&rsquo;accueil de votre site<\/p>\n<h2>&#8211; Moteur de recherche<\/h2>\n<p>Le moteur de recherche vous permet de retrouver l&rsquo;information plus facilement<\/p>\n<p>&nbsp;<\/p>\n<p>&nbsp;<\/p>\n","protected":false},"excerpt":{"rendered":"<p>L&rsquo;article 47 de la loi n\u00b0\u00a02005-102 du 11 f\u00e9vrier 2005 pour l\u2019\u00e9galit\u00e9 des droits et des chances, la participation et la citoyennet\u00e9 des personnes handicap\u00e9es, fait de l\u2019accessibilit\u00e9 une exigence pour tous les services de communication publique en ligne de l\u2019\u00c9tat, des collectivit\u00e9s territoriales et des \u00e9tablissements publics qui en d\u00e9pendent. Il stipule que les [&hellip;]<\/p>\n","protected":false},"author":1,"featured_media":0,"parent":0,"menu_order":0,"comment_status":"closed","ping_status":"closed","template":"","meta":{"footnotes":""},"class_list":["post-1315","page","type-page","status-publish","hentry"],"_links":{"self":[{"href":"https:\/\/www.henin-beaumont.fr\/site\/wp-json\/wp\/v2\/pages\/1315","targetHints":{"allow":["GET"]}}],"collection":[{"href":"https:\/\/www.henin-beaumont.fr\/site\/wp-json\/wp\/v2\/pages"}],"about":[{"href":"https:\/\/www.henin-beaumont.fr\/site\/wp-json\/wp\/v2\/types\/page"}],"author":[{"embeddable":true,"href":"https:\/\/www.henin-beaumont.fr\/site\/wp-json\/wp\/v2\/users\/1"}],"replies":[{"embeddable":true,"href":"https:\/\/www.henin-beaumont.fr\/site\/wp-json\/wp\/v2\/comments?post=1315"}],"version-history":[{"count":5,"href":"https:\/\/www.henin-beaumont.fr\/site\/wp-json\/wp\/v2\/pages\/1315\/revisions"}],"predecessor-version":[{"id":6049,"href":"https:\/\/www.henin-beaumont.fr\/site\/wp-json\/wp\/v2\/pages\/1315\/revisions\/6049"}],"wp:attachment":[{"href":"https:\/\/www.henin-beaumont.fr\/site\/wp-json\/wp\/v2\/media?parent=1315"}],"curies":[{"name":"wp","href":"https:\/\/api.w.org\/{rel}","templated":true}]}}