
{"id":1307,"date":"2015-03-30T07:18:46","date_gmt":"2015-03-30T07:18:46","guid":{"rendered":"http:\/\/henin-beaumont.fr\/site\/?page_id=1307"},"modified":"2025-12-02T23:49:28","modified_gmt":"2025-12-02T21:49:28","slug":"contacter","status":"publish","type":"page","link":"https:\/\/www.henin-beaumont.fr\/site\/contacter\/","title":{"rendered":"contacter"},"content":{"rendered":"<p>&nbsp;<\/p>\n<p style=\"text-align: center;\"><strong>Par t\u00e9l\u00e9phone :<\/strong><\/p>\n<p style=\"text-align: center;\"><strong>03 21 74 87 00<\/strong><\/p>\n<p style=\"text-align: center;\"><strong>Par courriel :<\/strong><\/p>\n<p style=\"text-align: center;\"><strong>secretariatdumaire@mairie-heninbeaumont.fr<\/strong><\/p>\n<p style=\"text-align: center;\"><strong>Par courrier :<\/strong><\/p>\n<p style=\"text-align: center;\"><strong>Mairie d&rsquo;H\u00e9nin-Beaumont\u00a0<\/strong><\/p>\n<p style=\"text-align: center;\"><strong>1 place Jean Jaur\u00e8s\u00a0<\/strong><\/p>\n<p style=\"text-align: center;\"><strong>62110 H\u00e9nin-Beaumont\u00a0<\/strong><\/p>\n<table class=\" aligncenter\" border=\"0\" width=\"778\" cellspacing=\"0\" cellpadding=\"0\">\n<tbody>\n<tr>\n<td width=\"200\">\u00a0<\/td>\n<td width=\"578\">\u00a0<\/td>\n<\/tr>\n<\/tbody>\n<\/table>\n\n\n<p><\/p>\n","protected":false},"excerpt":{"rendered":"<p>&nbsp; Par t\u00e9l\u00e9phone : 03 21 74 87 00 Par courriel : secretariatdumaire@mairie-heninbeaumont.fr Par courrier : Mairie d&rsquo;H\u00e9nin-Beaumont\u00a0 1 place Jean Jaur\u00e8s\u00a0 62110 H\u00e9nin-Beaumont\u00a0 \u00a0 \u00a0<\/p>\n","protected":false},"author":1,"featured_media":0,"parent":0,"menu_order":0,"comment_status":"closed","ping_status":"closed","template":"template-mairie.php","meta":{"footnotes":""},"class_list":["post-1307","page","type-page","status-publish","hentry"],"_links":{"self":[{"href":"https:\/\/www.henin-beaumont.fr\/site\/wp-json\/wp\/v2\/pages\/1307","targetHints":{"allow":["GET"]}}],"collection":[{"href":"https:\/\/www.henin-beaumont.fr\/site\/wp-json\/wp\/v2\/pages"}],"about":[{"href":"https:\/\/www.henin-beaumont.fr\/site\/wp-json\/wp\/v2\/types\/page"}],"author":[{"embeddable":true,"href":"https:\/\/www.henin-beaumont.fr\/site\/wp-json\/wp\/v2\/users\/1"}],"replies":[{"embeddable":true,"href":"https:\/\/www.henin-beaumont.fr\/site\/wp-json\/wp\/v2\/comments?post=1307"}],"version-history":[{"count":3,"href":"https:\/\/www.henin-beaumont.fr\/site\/wp-json\/wp\/v2\/pages\/1307\/revisions"}],"predecessor-version":[{"id":11436,"href":"https:\/\/www.henin-beaumont.fr\/site\/wp-json\/wp\/v2\/pages\/1307\/revisions\/11436"}],"wp:attachment":[{"href":"https:\/\/www.henin-beaumont.fr\/site\/wp-json\/wp\/v2\/media?parent=1307"}],"curies":[{"name":"wp","href":"https:\/\/api.w.org\/{rel}","templated":true}]}}