
{"id":11664,"date":"2026-03-20T11:24:15","date_gmt":"2026-03-20T09:24:15","guid":{"rendered":"https:\/\/www.henin-beaumont.fr\/site\/?page_id=11664"},"modified":"2026-04-27T11:43:36","modified_gmt":"2026-04-27T09:43:36","slug":"la-ferme-pedagogique","status":"publish","type":"page","link":"https:\/\/www.henin-beaumont.fr\/site\/la-ferme-pedagogique\/","title":{"rendered":"La ferme p\u00e9dagogique"},"content":{"rendered":"\n<figure class=\"wp-block-image size-full\"><img loading=\"lazy\" decoding=\"async\" width=\"607\" height=\"452\" src=\"https:\/\/www.henin-beaumont.fr\/site\/wp-content\/uploads\/2026\/03\/Image1.png\" alt=\"\" class=\"wp-image-11666\" srcset=\"https:\/\/www.henin-beaumont.fr\/site\/wp-content\/uploads\/2026\/03\/Image1.png 607w, https:\/\/www.henin-beaumont.fr\/site\/wp-content\/uploads\/2026\/03\/Image1-600x447.png 600w\" sizes=\"auto, (max-width: 607px) 100vw, 607px\" \/><\/figure>\n\n\n\n<p class=\"has-large-font-size\">La ferme p\u00e9dagogique<\/p>\n\n\n\n<p>Une belle id\u00e9e de sortie nature \u00e0 faire seul, en famille ou entre amis \u00e0 la d\u00e9couverte des animaux et de la nature.<\/p>\n\n\n\n<p>L\u2019entr\u00e9e est gratuite.<\/p>\n\n\n\n<p>L\u2019\u00e9quipe vous accueille toute l\u2019ann\u00e9e du lundi au vendredi, de 9 h \u00e0 12 h et de 14 h \u00e0 17 h.<\/p>\n\n\n\n<p>En cas d\u2019accueil de scolaires, nous sommes dans l\u2019obligation de fermer nos portes au public.<\/p>\n\n\n\n<p>Cliquez ci-dessous pour conna\u00eetre nos disponibilit\u00e9s d&rsquo;accueil :<\/p>\n\n\n\n<p><a href=\"https:\/\/www.henin-beaumont.fr\/site\/wp-content\/uploads\/2026\/03\/Planning-Ferme-Avril.pdf\">Avril 2026<\/a><\/p>\n\n\n\n<p><a href=\"https:\/\/www.henin-beaumont.fr\/site\/wp-content\/uploads\/2026\/04\/86495c43-f30a-474c-b817-30ac47a259ef.jpg\">Mai 2026<\/a><\/p>\n\n\n\n<p><a href=\"https:\/\/www.henin-beaumont.fr\/site\/wp-content\/uploads\/2026\/04\/c913d7b4-73f5-457e-a521-51d20e4fab2f.jpg\">Juin 2026<\/a><\/p>\n\n\n\n<p>Ferme P\u00e9dagogique de Beaumont<br>25 Rue Saint Martin \u2013 62110 H\u00e9nin-Beaumont<br>fermepedagogique@mairie-heninbeaumont.fr<br>03 21 75 98 45<\/p>\n","protected":false},"excerpt":{"rendered":"<p>La ferme p\u00e9dagogique Une belle id\u00e9e de sortie nature \u00e0 faire seul, en famille ou entre amis \u00e0 la d\u00e9couverte des animaux et de la nature. L\u2019entr\u00e9e est gratuite. L\u2019\u00e9quipe vous accueille toute l\u2019ann\u00e9e du lundi au vendredi, de 9 h \u00e0 12 h et de 14 h \u00e0 17 h. En cas d\u2019accueil de [&hellip;]<\/p>\n","protected":false},"author":13,"featured_media":0,"parent":0,"menu_order":0,"comment_status":"closed","ping_status":"closed","template":"","meta":{"footnotes":""},"class_list":["post-11664","page","type-page","status-publish","hentry"],"_links":{"self":[{"href":"https:\/\/www.henin-beaumont.fr\/site\/wp-json\/wp\/v2\/pages\/11664","targetHints":{"allow":["GET"]}}],"collection":[{"href":"https:\/\/www.henin-beaumont.fr\/site\/wp-json\/wp\/v2\/pages"}],"about":[{"href":"https:\/\/www.henin-beaumont.fr\/site\/wp-json\/wp\/v2\/types\/page"}],"author":[{"embeddable":true,"href":"https:\/\/www.henin-beaumont.fr\/site\/wp-json\/wp\/v2\/users\/13"}],"replies":[{"embeddable":true,"href":"https:\/\/www.henin-beaumont.fr\/site\/wp-json\/wp\/v2\/comments?post=11664"}],"version-history":[{"count":3,"href":"https:\/\/www.henin-beaumont.fr\/site\/wp-json\/wp\/v2\/pages\/11664\/revisions"}],"predecessor-version":[{"id":11711,"href":"https:\/\/www.henin-beaumont.fr\/site\/wp-json\/wp\/v2\/pages\/11664\/revisions\/11711"}],"wp:attachment":[{"href":"https:\/\/www.henin-beaumont.fr\/site\/wp-json\/wp\/v2\/media?parent=11664"}],"curies":[{"name":"wp","href":"https:\/\/api.w.org\/{rel}","templated":true}]}}